{"id":2514,"date":"2015-01-07T14:48:19","date_gmt":"2015-01-07T14:48:19","guid":{"rendered":"https:\/\/isinisin123.wpengine.com\/?page_id=2514"},"modified":"2025-06-16T16:25:46","modified_gmt":"2025-06-16T23:25:46","slug":"ansok-om-isin","status":"publish","type":"page","link":"https:\/\/www.isin.org\/sv\/ansok-om-isin\/","title":{"rendered":"Ans\u00f6k om ISIN"},"content":{"rendered":"\n\n\t<h1>Ans\u00f6k om ISIN<\/h1>\n<h3>Alternativ 1: Ans\u00f6k om ISIN-kod via E-post<\/h3>\n<ol>\n<li>V\u00e4nligen <a href=\"mailto:isin@isin.org?subject=ISIN Application\">e-posta oss<\/a> och ange dina behov. Ange om du beh\u00f6ver fler \u00e4n ett ISIN-nummer.<\/li>\n<li>V\u00e4nligen bifoga n\u00e5gon form av dokumentation till ditt e-postmeddelande, promemoria om f\u00f6retagets erbjudande, information, prospekt, prelimin\u00e4ra privata placeringar, etc. S\u00e5 snart formul\u00e4r och dokument \u00e4r granskade kommer vi att avisera dig om tidsramar och avgifter f\u00f6r v\u00e5ra tj\u00e4nster. Var v\u00e4nlig och l\u00e4s v\u00e5ra <a href=\"https:\/\/www.isin.org\/terms-of-use\/\">Anv\u00e4ndningsvillkor<\/a> f\u00f6r denna webbplats. Genom att skicka oss e-post s\u00e5 godk\u00e4nner du v\u00e5ra <a href=\"https:\/\/www.isin.org\/terms-of-use\/\">Anv\u00e4ndningsvillkor<\/a>.<\/li>\n<\/ol>\n<p><strong>E-posta oss p\u00e5 <a href=\"mailto:isin@isin.org?subject=ISIN Application\">isin@isin.org<\/a><\/strong><\/p>\n<hr \/>\n<h3>Alternativ 2: F\u00e4rdigst\u00e4ll en ISIN Ans\u00f6kan<\/h3>\n<p>Fyll endast i nedanst\u00e5ende ans\u00f6kan om du <u>INTE<\/u> redan ans\u00f6kt via Alternativ #1 ovan. Om du redan skickat oss e-post finns det ingen anledning att fylla i \u00e4nnu ett formul\u00e4r.<\/p>\n<p>V\u00e4nligen fyll i ans\u00f6kan med den efterfr\u00e5gade informationen och bifoga dokumentation, som promemoria ang\u00e5ende f\u00f6retagets erbjudande, information, prospekt, prelimin\u00e4ra privata placeringar, etc. S\u00e5 snart formul\u00e4r och dokument \u00e4r granskade kommer vi att avisera dig om tidsramar och avgifter f\u00f6r v\u00e5ra tj\u00e4nster.<\/p>\n<p><strong>KLICKA P\u00c5 ANS\u00d6KAN NEDAN SOM B\u00c4ST MOTSVARAR DINA BEHOV<\/strong><\/p>\n<a href=\"https:\/\/www.isin.org\/sv\/ansok-om-isin\/fonder\/\">Fonder<br \/>\nAlla fonder, hedgefonder, investeringsfonder etc.<br \/>\n<\/a>\n<a href=\"https:\/\/www.isin.org\/sv\/ansok-om-isin\/tillgangar\/\">Tillg\u00e5ngar<br \/>\nAktier, Andelar, Enheter<br \/>\n<\/a>\n<a href=\"https:\/\/www.isin.org\/sv\/ansok-om-isin\/skulder\/\">Skulder<br \/>\nObligationer, V\u00e4xlar<br \/>\n<\/a>\n<a href=\"https:\/\/www.isin.org\/sv\/ansok-om-isin\/annat\/\">Annat<br \/>\nAllt annat \u00e4n skulder, tillg\u00e5ngar och fonder<br \/>\n<\/a>\n\n","protected":false},"excerpt":{"rendered":"<p>Ans\u00f6k om ISIN Alternativ 1: Ans\u00f6k om ISIN-kod via E-post V\u00e4nligen e-posta oss och ange dina behov. Ange om du beh\u00f6ver fler \u00e4n ett ISIN-nummer. V\u00e4nligen bifoga n\u00e5gon form av dokumentation till ditt e-postmeddelande, promemoria om f\u00f6retagets erbjudande, information, prospekt, prelimin\u00e4ra privata placeringar, etc. S\u00e5 snart formul\u00e4r och dokument \u00e4r granskade kommer vi att avisera&hellip;<\/p>\n","protected":false},"author":3,"featured_media":0,"parent":0,"menu_order":0,"comment_status":"closed","ping_status":"closed","template":"","meta":{"om_disable_all_campaigns":false,"_monsterinsights_skip_tracking":false,"_monsterinsights_sitenote_active":false,"_monsterinsights_sitenote_note":"","_monsterinsights_sitenote_category":0,"_uf_show_specific_survey":0,"_uf_disable_surveys":false,"footnotes":""},"class_list":["post-2514","page","type-page","status-publish","hentry"],"aioseo_notices":[],"_links":{"self":[{"href":"https:\/\/www.isin.org\/sv\/wp-json\/wp\/v2\/pages\/2514","targetHints":{"allow":["GET"]}}],"collection":[{"href":"https:\/\/www.isin.org\/sv\/wp-json\/wp\/v2\/pages"}],"about":[{"href":"https:\/\/www.isin.org\/sv\/wp-json\/wp\/v2\/types\/page"}],"author":[{"embeddable":true,"href":"https:\/\/www.isin.org\/sv\/wp-json\/wp\/v2\/users\/3"}],"replies":[{"embeddable":true,"href":"https:\/\/www.isin.org\/sv\/wp-json\/wp\/v2\/comments?post=2514"}],"version-history":[{"count":0,"href":"https:\/\/www.isin.org\/sv\/wp-json\/wp\/v2\/pages\/2514\/revisions"}],"wp:attachment":[{"href":"https:\/\/www.isin.org\/sv\/wp-json\/wp\/v2\/media?parent=2514"}],"curies":[{"name":"wp","href":"https:\/\/api.w.org\/{rel}","templated":true}]}}