{"id":2507,"date":"2015-01-06T22:38:46","date_gmt":"2015-01-06T22:38:46","guid":{"rendered":"https:\/\/isinisin123.wpengine.com\/?page_id=2507"},"modified":"2025-03-18T14:47:04","modified_gmt":"2025-03-18T21:47:04","slug":"medlemskap","status":"publish","type":"page","link":"https:\/\/www.isin.org\/sv\/medlemskap\/","title":{"rendered":"Medlemskap"},"content":{"rendered":"\n\n<h2>Medlemsfunktioner:<\/h2>\n<ul>\n<li>Full \u00e5tkomst till ISIN.org databas<\/li>\n<li>L\u00e4gg till dina ISIN-koder till den publika databasen som alla kan se<\/li>\n<li>Logga in p\u00e5 ditt konto n\u00e4r som helst och UPPDATERA nominella v\u00e4rden, nettotillg\u00e5ngar och annan information efter eget behov.<\/li>\n<li>Din ISIN-kod kommer att finnas kvar p\u00e5 den publika databasen f\u00f6r alltid, \u00e4ven om du avslutar ditt Medlemsskap<\/li>\n<li>Kontakta oss vid fr\u00e5gor om ISIN<\/li>\n<li>M\u00f6jlighet att l\u00e4gga till s\u00e5 lite som bara en ISIN-kod, eller s\u00e5 m\u00e5nga du beh\u00f6ver<\/li>\n<li>\u00d6kad synlighet f\u00f6r din finansiella produkt<\/li>\n<li>Ans\u00f6k om hj\u00e4lp med ISIN-koder hos ISIN.org<\/li>\n<\/ul>\n<h1>Medlemskap<\/h1>\n<p><strong>ISIN-databas:<\/strong> ISIN Organization (ISIN.org) kan stoltsera med den enskilt st\u00f6rsta oberoende ISIN-databasen i v\u00e4rlden.<\/p>\n<p><strong>ISIN.ORG<\/strong> \u00e4r den topprankade webbadressen vid ISIN-s\u00f6kningar \u00f6ver hela v\u00e4rlden. De flesta s\u00f6kningar efter ISIN-koder hamnar hos www.isin.org.<\/p>\n<p><strong>Tv\u00e5 ISIN-databaser:<\/strong> ISIN.org kan stoltsera med tv\u00e5 databaser: en privat databas f\u00f6r Medlemmar som inneh\u00e5ller miljoner av ISIN-koder, och en kostnadsfri publik databas med begr\u00e4nsade s\u00f6kfunktioner. Genom att bli Medlem hos ISIN.org f\u00e5r du \u00e5tkomst till miljoner av ISIN-koder, och har m\u00f6jlighet att representera ditt f\u00f6retag och\/eller s\u00e4kerhet till kunder p\u00e5 v\u00e5r publika databas f\u00f6r alla som s\u00f6ker och kan visa information utan kostnad.<\/p>\n\n","protected":false},"excerpt":{"rendered":"<p>Medlemsfunktioner: Full \u00e5tkomst till ISIN.org databas L\u00e4gg till dina ISIN-koder till den publika databasen som alla kan se Logga in p\u00e5 ditt konto n\u00e4r som helst och UPPDATERA nominella v\u00e4rden, nettotillg\u00e5ngar och annan information efter eget behov. Din ISIN-kod kommer att finnas kvar p\u00e5 den publika databasen f\u00f6r alltid, \u00e4ven om du avslutar ditt Medlemsskap&hellip;<\/p>\n","protected":false},"author":3,"featured_media":0,"parent":0,"menu_order":0,"comment_status":"closed","ping_status":"closed","template":"","meta":{"om_disable_all_campaigns":false,"_monsterinsights_skip_tracking":false,"_monsterinsights_sitenote_active":false,"_monsterinsights_sitenote_note":"","_monsterinsights_sitenote_category":0,"_uf_show_specific_survey":0,"_uf_disable_surveys":false,"footnotes":""},"class_list":["post-2507","page","type-page","status-publish","hentry"],"aioseo_notices":[],"_links":{"self":[{"href":"https:\/\/www.isin.org\/sv\/wp-json\/wp\/v2\/pages\/2507","targetHints":{"allow":["GET"]}}],"collection":[{"href":"https:\/\/www.isin.org\/sv\/wp-json\/wp\/v2\/pages"}],"about":[{"href":"https:\/\/www.isin.org\/sv\/wp-json\/wp\/v2\/types\/page"}],"author":[{"embeddable":true,"href":"https:\/\/www.isin.org\/sv\/wp-json\/wp\/v2\/users\/3"}],"replies":[{"embeddable":true,"href":"https:\/\/www.isin.org\/sv\/wp-json\/wp\/v2\/comments?post=2507"}],"version-history":[{"count":0,"href":"https:\/\/www.isin.org\/sv\/wp-json\/wp\/v2\/pages\/2507\/revisions"}],"wp:attachment":[{"href":"https:\/\/www.isin.org\/sv\/wp-json\/wp\/v2\/media?parent=2507"}],"curies":[{"name":"wp","href":"https:\/\/api.w.org\/{rel}","templated":true}]}}