{"id":1739,"date":"2014-12-12T20:22:31","date_gmt":"2014-12-12T20:22:31","guid":{"rendered":"https:\/\/isinisin123.wpengine.com\/?page_id=1739"},"modified":"2014-12-17T15:17:33","modified_gmt":"2014-12-17T15:17:33","slug":"pagamento","status":"publish","type":"page","link":"https:\/\/www.isin.org\/pt-br\/pagamento\/","title":{"rendered":"Pagamento"},"content":{"rendered":"<h1>Pagamento<\/h1>\n<p>Envie-nos um email para <a href=\"mailto:database@isin.org\">database@isin.org<\/a> para receber as instru\u00e7\u00f5es de pagamento. Logo que o pagamento for recebido, enviaremos imediatamente um email com o nome de Usu\u00e1rio e Password para acesso garantido \u00e0s bases da dados. <\/p>\n<h2>EMAIL: <a href=\"mailto:database@isin.org\">database@isin.org<\/a><\/h2>\n","protected":false},"excerpt":{"rendered":"<p>Pagamento Envie-nos um email para database@isin.org para receber as instru\u00e7\u00f5es de pagamento. Logo que o pagamento for recebido, enviaremos imediatamente um email com o nome de Usu\u00e1rio e Password para acesso garantido \u00e0s bases da dados. EMAIL: database@isin.org<\/p>\n","protected":false},"author":3,"featured_media":0,"parent":0,"menu_order":0,"comment_status":"closed","ping_status":"closed","template":"","meta":{"om_disable_all_campaigns":false,"_monsterinsights_skip_tracking":false,"_monsterinsights_sitenote_active":false,"_monsterinsights_sitenote_note":"","_monsterinsights_sitenote_category":0,"_uf_show_specific_survey":0,"_uf_disable_surveys":false,"footnotes":""},"class_list":["post-1739","page","type-page","status-publish","hentry"],"aioseo_notices":[],"_links":{"self":[{"href":"https:\/\/www.isin.org\/pt-br\/wp-json\/wp\/v2\/pages\/1739","targetHints":{"allow":["GET"]}}],"collection":[{"href":"https:\/\/www.isin.org\/pt-br\/wp-json\/wp\/v2\/pages"}],"about":[{"href":"https:\/\/www.isin.org\/pt-br\/wp-json\/wp\/v2\/types\/page"}],"author":[{"embeddable":true,"href":"https:\/\/www.isin.org\/pt-br\/wp-json\/wp\/v2\/users\/3"}],"replies":[{"embeddable":true,"href":"https:\/\/www.isin.org\/pt-br\/wp-json\/wp\/v2\/comments?post=1739"}],"version-history":[{"count":0,"href":"https:\/\/www.isin.org\/pt-br\/wp-json\/wp\/v2\/pages\/1739\/revisions"}],"wp:attachment":[{"href":"https:\/\/www.isin.org\/pt-br\/wp-json\/wp\/v2\/media?parent=1739"}],"curies":[{"name":"wp","href":"https:\/\/api.w.org\/{rel}","templated":true}]}}