{"id":1730,"date":"2014-12-12T20:09:46","date_gmt":"2014-12-12T20:09:46","guid":{"rendered":"https:\/\/isinisin123.wpengine.com\/?page_id=1730"},"modified":"2014-12-17T14:19:18","modified_gmt":"2014-12-17T14:19:18","slug":"servicos","status":"publish","type":"page","link":"https:\/\/www.isin.org\/pt-br\/servicos\/","title":{"rendered":"Servi\u00e7os"},"content":{"rendered":"<h1>Servi\u00e7os<\/h1>\n<p>A ISIN Organization, ou ISIN.org, oferece v\u00e1rios servi\u00e7os e recursos para todos aqueles interessados no mercado na especialidade de N\u00fameros de Identifica\u00e7\u00e3o de T\u00edtulos Internacionais.<\/p>\n<h2>Candidate-se para obter um\u00a0ISIN<\/h2>\n<p>Se a sua empresa precisa de obter um n\u00famero ISIN\u00a0ou um c\u00f3digo ISIN.org, por favor solicite-os diretamente no nosso website. Oferecermos a empresas p\u00fablicas, privadas, ou at\u00e9 empresas que ambicionam tranar-se p\u00fablicas. N\u00fameros ISIN s\u00e3o emitidos para uma variedade de t\u00edtulos e virtualmente todas as jurisdi\u00e7\u00f5es mundiais, para todos os tipos de ofertas, quer sejam t\u00edtulos de d\u00edvida, ou equival\u00eancias, ac\u00f5es, obriga\u00e7\u00f5es, e muito mais. Empresas, fundos, bancos e um grande n\u00famero de outras entidades usam c\u00f3digos ISIN para efeitos de identifica\u00e7\u00e3o de t\u00edtulos. Escolha o formul\u00e1rio apropriado ou envie-nos um emial para solicitar e obter um n\u00famero ISIN.<br \/>\n<span style=\"text-decoration: underline;\"><a href=\"https:\/\/www.isin.org\/pt-br\/solicitar-isin\/\"><strong>CLIQUE AQUI PARA SE CANDIDATAR A UM NOVO C\u00d3DIGO ISIN<\/strong><\/a><\/span><\/p>\n<h2>Recursos<\/h2>\n<p>A ISIN.org oferece uma abund\u00e2ncia de recursos para todos aqueles que procuram informa\u00e7\u00e3o sobre c\u00f3digos ISIN. C\u00f3digos hist\u00f3ricos ISINpara obriga\u00e7\u00f5es e a\u00e7\u00f5es est\u00e3o tamb\u00e9m dispon\u00edveis no nosso webiste, incluindo short-term notes, medium term notes e long term notes, Eurobonds, T\u00edtulos Asi\u00e1ticos e muito mais.<br \/>\nSe necessita de recursos ou assist\u00eancia em algo que n\u00e3o tenha encontrado na nossa p\u00e1gina, envie-nos simplesmente um email. A ISIN.org pode tentar e ajudar voc\u00ea a seguir o caminho certo.<\/p>\n<h2>Base de Dados e Publica\u00e7\u00e3o do seu C\u00f3digo ISIN\u00a0- Ades\u00e3o<\/h2>\n<p>Obtenha exposi\u00e7\u00e3o global para os seus T\u00edtulos e crie uma conta com a ISIN.org e liste o seu ISIN ou informa\u00e7\u00e3o da sua empresa.<\/p>\n<p>A ISIN.org est\u00e1 empenhada em facilitar e popularizar os c\u00f3digos ISIN mundialmente. Os ISIN ajudam a identificar t\u00edtulos, e s\u00e3o o m\u00e9todo mais utilizado na maioria das bolsas de valores e empresas em todo o mundo. sempre que procuram identificar t\u00edtulos. Obter um ISIN n\u00e3o \u00e9 uma op\u00e7\u00e3o; \u00e9 um padr\u00e3o. <a href=\"https:\/\/www.isin.org\/pt-br\/solicitar-isin\/\">TORNE-SE MEMBRO AQUI<\/a><\/p>\n<p><a href=\"https:\/\/www.isin.org\/pt-br\/contato\/\"class=\"red-button\">Contacte a ISIN.org<\/a><\/p>\n","protected":false},"excerpt":{"rendered":"<p>Servi\u00e7os A ISIN Organization, ou ISIN.org, oferece v\u00e1rios servi\u00e7os e recursos para todos aqueles interessados no mercado na especialidade de N\u00fameros de Identifica\u00e7\u00e3o de T\u00edtulos Internacionais. Candidate-se para obter um\u00a0ISIN Se a sua empresa precisa de obter um n\u00famero ISIN\u00a0ou um c\u00f3digo ISIN.org, por favor solicite-os diretamente no nosso website. Oferecermos a empresas p\u00fablicas, privadas,&hellip;<\/p>\n","protected":false},"author":3,"featured_media":0,"parent":0,"menu_order":0,"comment_status":"closed","ping_status":"closed","template":"","meta":{"om_disable_all_campaigns":false,"_monsterinsights_skip_tracking":false,"_monsterinsights_sitenote_active":false,"_monsterinsights_sitenote_note":"","_monsterinsights_sitenote_category":0,"_uf_show_specific_survey":0,"_uf_disable_surveys":false,"footnotes":""},"class_list":["post-1730","page","type-page","status-publish","hentry"],"aioseo_notices":[],"_links":{"self":[{"href":"https:\/\/www.isin.org\/pt-br\/wp-json\/wp\/v2\/pages\/1730","targetHints":{"allow":["GET"]}}],"collection":[{"href":"https:\/\/www.isin.org\/pt-br\/wp-json\/wp\/v2\/pages"}],"about":[{"href":"https:\/\/www.isin.org\/pt-br\/wp-json\/wp\/v2\/types\/page"}],"author":[{"embeddable":true,"href":"https:\/\/www.isin.org\/pt-br\/wp-json\/wp\/v2\/users\/3"}],"replies":[{"embeddable":true,"href":"https:\/\/www.isin.org\/pt-br\/wp-json\/wp\/v2\/comments?post=1730"}],"version-history":[{"count":0,"href":"https:\/\/www.isin.org\/pt-br\/wp-json\/wp\/v2\/pages\/1730\/revisions"}],"wp:attachment":[{"href":"https:\/\/www.isin.org\/pt-br\/wp-json\/wp\/v2\/media?parent=1730"}],"curies":[{"name":"wp","href":"https:\/\/api.w.org\/{rel}","templated":true}]}}