{"id":1721,"date":"2014-12-12T17:35:44","date_gmt":"2014-12-12T17:35:44","guid":{"rendered":"https:\/\/isinisin123.wpengine.com\/?page_id=1721"},"modified":"2025-06-16T16:23:44","modified_gmt":"2025-06-16T23:23:44","slug":"solicitar-isin","status":"publish","type":"page","link":"https:\/\/www.isin.org\/pt-br\/solicitar-isin\/","title":{"rendered":"SOLICITAR ISIN"},"content":{"rendered":"\n\n\t<h1>Solicite um\u00a0ISIN<\/h1>\n<h3>Op\u00e7\u00e3o 1: Solicite um c\u00f3digo ISIN\u00a0por Email<\/h3>\n<ol>\n<li><a href=\"mailto:isin@isin.org?subject=ISIN Application\">Envie-nos um email<\/a> indicando as suas necessidades. Se precisa de mais de um n\u00famero ISIN, por favor indique.<\/li>\n<li>No seu email, envie por favor em anexo qualquer documenta\u00e7\u00e3o como o memorando da oferta da sua empresa, memorando informativo, prospeto, memorando de coloca\u00e7\u00e3o privada preliminar, etc. Quando os formul\u00e1rios e documenta\u00e7\u00e3o forem revistos, iremos notific\u00e1-lo segundo tempo previsto e taxas pelos nossos servi\u00e7os. Por favor leia os <a href=\"https:\/\/www.isin.org\/terms-of-use\/\">Termos de Utiliza\u00e7\u00e3o<\/a> nesta p\u00e1gina. Ao enviar-nos um email est\u00e1 a concordar com os nossos <a href=\"https:\/\/www.isin.org\/terms-of-use\/\">Termos de Utiliza\u00e7\u00e3o<\/a>.<\/li>\n<\/ol>\n<p><strong>Envie-nos um email para <a href=\"mailto:isin@isin.org?subject=ISIN Application\">isin@isin.org<\/a><\/strong><\/p>\n<hr \/>\n<h3>Op\u00e7\u00e3o 2: Complete a candidatura\u00a0ISIN<\/h3>\n<p>Apenas preencha a candidatura seguinte caso N\u00c3O se candidatou pela Op\u00e7\u00e3o 1 acima. Se j\u00e1 nos enviou um email, n\u00e3o precisa de preencher qualquer formul\u00e1rio de candidatura.<\/p>\n<p>Por favor preencha a candidatura com a informa\u00e7\u00e3o pedida e anexe qualquer documenta\u00e7\u00e3o como o memorando da oferta da sua empresa, memorando informativo, prospeto, memorando de coloca\u00e7\u00e3o privada preliminar, etc. Quando os formul\u00e1rios e documenta\u00e7\u00e3o forem revistos, iremos notific\u00e1-lo segundo tempo previsto e taxas pelos nossos servi\u00e7os.<\/p>\n<p><strong>CLIQUE NA CANDIDATURA SEGUINTE QUE MELHOR SE ENQUADRA NAS SUAS NECESSIDADES<\/strong><\/p>\n<a href=\"https:\/\/www.isin.org\/pt-br\/solicitar-isin\/fundos\/\">Fundos<br \/>\nTodos os fundos, fundos de retorno absoluto, fundos de investimento, etc. <br \/>\n<\/a>\n<a href=\"https:\/\/www.isin.org\/pt-br\/solicitar-isin\/equivalencias\/\">Oferta de Equival\u00eancias<br \/>\nA\u00e7\u00f5es <br \/>\n<\/a>\n<a href=\"https:\/\/www.isin.org\/pt-br\/solicitar-isin\/titulos-de-divida\/\">Oferta de D\u00edvida<br \/>\nObriga\u00e7\u00f5es<br \/>\n<\/a>\n<a href=\"https:\/\/www.isin.org\/pt-br\/solicitar-isin\/outros\/\">Outros<br \/>\nTudo exceto d\u00edvida, equival\u00eancias e fundos<br \/>\n<\/a>\n\n","protected":false},"excerpt":{"rendered":"<p>Solicite um\u00a0ISIN Op\u00e7\u00e3o 1: Solicite um c\u00f3digo ISIN\u00a0por Email Envie-nos um email indicando as suas necessidades. Se precisa de mais de um n\u00famero ISIN, por favor indique. No seu email, envie por favor em anexo qualquer documenta\u00e7\u00e3o como o memorando da oferta da sua empresa, memorando informativo, prospeto, memorando de coloca\u00e7\u00e3o privada preliminar, etc. Quando&hellip;<\/p>\n","protected":false},"author":3,"featured_media":0,"parent":0,"menu_order":0,"comment_status":"closed","ping_status":"closed","template":"","meta":{"om_disable_all_campaigns":false,"_monsterinsights_skip_tracking":false,"_monsterinsights_sitenote_active":false,"_monsterinsights_sitenote_note":"","_monsterinsights_sitenote_category":0,"_uf_show_specific_survey":0,"_uf_disable_surveys":false,"footnotes":""},"class_list":["post-1721","page","type-page","status-publish","hentry"],"aioseo_notices":[],"_links":{"self":[{"href":"https:\/\/www.isin.org\/pt-br\/wp-json\/wp\/v2\/pages\/1721","targetHints":{"allow":["GET"]}}],"collection":[{"href":"https:\/\/www.isin.org\/pt-br\/wp-json\/wp\/v2\/pages"}],"about":[{"href":"https:\/\/www.isin.org\/pt-br\/wp-json\/wp\/v2\/types\/page"}],"author":[{"embeddable":true,"href":"https:\/\/www.isin.org\/pt-br\/wp-json\/wp\/v2\/users\/3"}],"replies":[{"embeddable":true,"href":"https:\/\/www.isin.org\/pt-br\/wp-json\/wp\/v2\/comments?post=1721"}],"version-history":[{"count":0,"href":"https:\/\/www.isin.org\/pt-br\/wp-json\/wp\/v2\/pages\/1721\/revisions"}],"wp:attachment":[{"href":"https:\/\/www.isin.org\/pt-br\/wp-json\/wp\/v2\/media?parent=1721"}],"curies":[{"name":"wp","href":"https:\/\/api.w.org\/{rel}","templated":true}]}}