{"id":1710,"date":"2014-12-12T17:13:50","date_gmt":"2014-12-12T17:13:50","guid":{"rendered":"https:\/\/isinisin123.wpengine.com\/?page_id=1710"},"modified":"2014-12-24T15:30:42","modified_gmt":"2014-12-24T15:30:42","slug":"adesao","status":"publish","type":"page","link":"https:\/\/www.isin.org\/pt-br\/adesao\/","title":{"rendered":"ADES\u00c3O"},"content":{"rendered":"<div id=\"membership-features\">\n<h2>Funcionalidades para Membros<\/h2>\n<ul>\n<li>Acesso completo \u00e0s bases de dados ISIN.org.<\/li>\n<li>Adicione os seus c\u00f3digos ISIN \u00e0 base de dados p\u00fablica para que todos vejam.<\/li>\n<li>Aceda \u00e0 sua conta a qualquer hora e ATUALIZE o seu valor nominal, valor l\u00edquido de ativos e outras informa\u00e7\u00f5es que achar necess\u00e1rias.<\/li>\n<li>Os seus c\u00f3digos ISIN ir\u00e3o permanecer na nossa Base de Dados P\u00fablica permanentemente.<\/li>\n<li>Contate-nos para qualquer d\u00favida relativamente a pesquisas ISIN.<\/li>\n<li>Capacidade para publicar desde apenas 1 \u00fanico c\u00f3digo ISIN\u00a0at\u00e9 tantos quantos voc\u00ea desejar.<\/li>\n<li>Melhore a visibilidade do seu produto financeiro.<\/li>\n<li>Solicite assist\u00eancia sobre c\u00f3digos ISIN a ISIN.org.<\/li>\n<\/ul>\n<\/div>\n<p><strong>Base de Dados da ISIN:<\/strong> A ISIN Organization (ISIN.org) \u00e9 a maior base de dados de ISIN do mundo.<\/p>\n<p><strong>ISIN.ORG<\/strong> \u00e9 o mais cotado website de pesquisas de ISIN em todo o mundo. A maior parte das pesquisas de c\u00f3digos ISIN na internet v\u00e3o dar a www.isin.org.<\/p>\n<p><strong>Duas Bases de Dados:<\/strong> ISIN.org apresenta duas bases de dados: uma privada exclusiva a Membros com milh\u00f5es de c\u00f3digos ISIN, e uma p\u00fablica com funcionalidades de pesquisa limitadas. Ao se tornar um Membro do Isin.org oferecemos acesso a milh\u00f5es de c\u00f3digos. A sua empresa e\/ou t\u00edtulo passa a ser apresentada a potenciais clientes na nossa base de dados p\u00fablica, para todas as pesquisas e visitas, gratuitamente.<\/p>\n","protected":false},"excerpt":{"rendered":"<p>Funcionalidades para Membros Acesso completo \u00e0s bases de dados ISIN.org. Adicione os seus c\u00f3digos ISIN \u00e0 base de dados p\u00fablica para que todos vejam. Aceda \u00e0 sua conta a qualquer hora e ATUALIZE o seu valor nominal, valor l\u00edquido de ativos e outras informa\u00e7\u00f5es que achar necess\u00e1rias. Os seus c\u00f3digos ISIN ir\u00e3o permanecer na nossa&hellip;<\/p>\n","protected":false},"author":3,"featured_media":0,"parent":0,"menu_order":0,"comment_status":"closed","ping_status":"closed","template":"page-templates\/membership-options-pt-br.php","meta":{"om_disable_all_campaigns":false,"_monsterinsights_skip_tracking":false,"_monsterinsights_sitenote_active":false,"_monsterinsights_sitenote_note":"","_monsterinsights_sitenote_category":0,"_uf_show_specific_survey":0,"_uf_disable_surveys":false,"footnotes":""},"class_list":["post-1710","page","type-page","status-publish","hentry"],"aioseo_notices":[],"_links":{"self":[{"href":"https:\/\/www.isin.org\/pt-br\/wp-json\/wp\/v2\/pages\/1710","targetHints":{"allow":["GET"]}}],"collection":[{"href":"https:\/\/www.isin.org\/pt-br\/wp-json\/wp\/v2\/pages"}],"about":[{"href":"https:\/\/www.isin.org\/pt-br\/wp-json\/wp\/v2\/types\/page"}],"author":[{"embeddable":true,"href":"https:\/\/www.isin.org\/pt-br\/wp-json\/wp\/v2\/users\/3"}],"replies":[{"embeddable":true,"href":"https:\/\/www.isin.org\/pt-br\/wp-json\/wp\/v2\/comments?post=1710"}],"version-history":[{"count":0,"href":"https:\/\/www.isin.org\/pt-br\/wp-json\/wp\/v2\/pages\/1710\/revisions"}],"wp:attachment":[{"href":"https:\/\/www.isin.org\/pt-br\/wp-json\/wp\/v2\/media?parent=1710"}],"curies":[{"name":"wp","href":"https:\/\/api.w.org\/{rel}","templated":true}]}}