{"id":1687,"date":"2014-12-12T16:41:22","date_gmt":"2014-12-12T16:41:22","guid":{"rendered":"https:\/\/isinisin123.wpengine.com\/?page_id=1687"},"modified":"2025-03-18T14:42:12","modified_gmt":"2025-03-18T21:42:12","slug":"processo-isin","status":"publish","type":"page","link":"https:\/\/www.isin.org\/pt-br\/processo-isin\/","title":{"rendered":"PROCESSO ISIN"},"content":{"rendered":"\n\n\t<h1>PROCESSO\u00a0ISIN<\/h1>\n<h2>Obter um ISIN<\/h2>\n<p>Se a sua empresa ou fundo precisa de obter um ISIN, a ISIN.org pode ajudar. A obten\u00e7\u00e3o um c\u00f3digo ISIN\u00a0para ofertas de d\u00edvida ou equival\u00eancias, fundos de retorno absoluto, fundos m\u00fatuos, fundos especializados, empresas p\u00fablicas, empresas privadas e muito mais pode ser feita neste site.<\/p>\n<p><a href=\"https:\/\/www.isin.org\/pt-br\/solicitar-isin\/\">Clique para solicitar um ISIN<\/a><\/p>\n<h2>Prazos e taxas para Inscri\u00e7\u00e3o de\u00a0ISIN<\/h2>\n<p>Solicitar um novo c\u00f3digo ISINpode demorar desde um dia, alguns dias, ou at\u00e9 mais. O tempo depende, sobretudo, do tipo de especifica\u00e7\u00f5es da empresa. Taxas variam conforme as necessidades, e s\u00e3o apenas determinadas depois da candidatura ser submetida.<\/p>\n<p><a href=\"https:\/\/www.isin.org\/pt-br\/solicitar-isin\/\">Clique para solicitar um n\u00famero ISIN<\/a><\/p>\n<h2>Como Proceder<\/h2>\n<p>Clique em uma das op\u00e7\u00f5es em Solicitar para ver a se\u00e7\u00e3o ISIN. Preencha os formul\u00e1rios e submeta-os. Ap\u00f3s a rece\u00e7\u00e3o dos dados iremos contact\u00e1-lo com os pr\u00f3ximos passos, geralmente dentro de uma hora, se em hor\u00e1rio de funcionamento.<\/p>\n<p><a href=\"https:\/\/www.isin.org\/pt-br\/solicitar-isin\/\">Clique para solicitar um ISIN<\/a><\/p>\n\n","protected":false},"excerpt":{"rendered":"<p>PROCESSO\u00a0ISIN Obter um ISIN Se a sua empresa ou fundo precisa de obter um ISIN, a ISIN.org pode ajudar. A obten\u00e7\u00e3o um c\u00f3digo ISIN\u00a0para ofertas de d\u00edvida ou equival\u00eancias, fundos de retorno absoluto, fundos m\u00fatuos, fundos especializados, empresas p\u00fablicas, empresas privadas e muito mais pode ser feita neste site. Clique para solicitar um ISIN Prazos&hellip;<\/p>\n","protected":false},"author":3,"featured_media":0,"parent":0,"menu_order":0,"comment_status":"closed","ping_status":"closed","template":"","meta":{"om_disable_all_campaigns":false,"_monsterinsights_skip_tracking":false,"_monsterinsights_sitenote_active":false,"_monsterinsights_sitenote_note":"","_monsterinsights_sitenote_category":0,"_uf_show_specific_survey":0,"_uf_disable_surveys":false,"footnotes":""},"class_list":["post-1687","page","type-page","status-publish","hentry"],"aioseo_notices":[],"_links":{"self":[{"href":"https:\/\/www.isin.org\/pt-br\/wp-json\/wp\/v2\/pages\/1687","targetHints":{"allow":["GET"]}}],"collection":[{"href":"https:\/\/www.isin.org\/pt-br\/wp-json\/wp\/v2\/pages"}],"about":[{"href":"https:\/\/www.isin.org\/pt-br\/wp-json\/wp\/v2\/types\/page"}],"author":[{"embeddable":true,"href":"https:\/\/www.isin.org\/pt-br\/wp-json\/wp\/v2\/users\/3"}],"replies":[{"embeddable":true,"href":"https:\/\/www.isin.org\/pt-br\/wp-json\/wp\/v2\/comments?post=1687"}],"version-history":[{"count":0,"href":"https:\/\/www.isin.org\/pt-br\/wp-json\/wp\/v2\/pages\/1687\/revisions"}],"wp:attachment":[{"href":"https:\/\/www.isin.org\/pt-br\/wp-json\/wp\/v2\/media?parent=1687"}],"curies":[{"name":"wp","href":"https:\/\/api.w.org\/{rel}","templated":true}]}}