{"id":1681,"date":"2014-12-12T16:35:11","date_gmt":"2014-12-12T16:35:11","guid":{"rendered":"https:\/\/isinisin123.wpengine.com\/?page_id=1681"},"modified":"2025-03-18T14:37:05","modified_gmt":"2025-03-18T21:37:05","slug":"isin","status":"publish","type":"page","link":"https:\/\/www.isin.org\/pt-br\/isin\/","title":{"rendered":"ISIN"},"content":{"rendered":"\n\n\t<h2>ISIN<\/h2>\n<h2>C\u00f3digo ISIN - Sobre o N\u00famero de Identifica\u00e7\u00e3o de T\u00edtulos Internacionais (ISIN)<\/h2>\n<p>O padr\u00e3o de ISIN\u00a0\u00e9 usado internacionalmente para identificar t\u00edtulos espec\u00edficos como t\u00edtulos de d\u00edvida, a\u00e7\u00f5es (ordin\u00e1rias e preferencias), futuros, warrants, direitos, cr\u00e9ditos, t\u00edtulos comerciais e op\u00e7\u00f5es. Os ISIN\u00a0s\u00e3o atribu\u00eddos aos t\u00edtulos para facilitar compensa\u00e7\u00f5es financeiras e procedimentos de liquida\u00e7\u00e3o. S\u00e3o compostos por um c\u00f3digo alfanum\u00e9ricos de 12 d\u00edgitos e t\u00eam como fun\u00e7\u00e3o unificar diferentes s\u00edmbolos \"que podem variar por c\u00e2mbio e unidade de moeda\" para o mesmo t\u00edtulo. Nos Estados Unidos, os ISIN\u00a0s\u00e3o vers\u00f5es alargadas de 9 caracteres num\u00e9ricos do CUSIP (Committee on Uniform Security Identification Procedures); Os ISIN\u00a0podem ser formados adicionando um c\u00f3digo de pa\u00eds e um algarismo de controlo no in\u00edcio e fim de um n\u00famero CUSIP, respetivamente.<\/p>\n<p><a href=\"https:\/\/www.isin.org\/pt-br\/solicitar-isin\/\">Clique para solicitar um ISIN<\/a><\/p>\n<h2>ESTRUTURA<\/h2>\n<ul>Existem 3 partes em cada ISIN, como exemplificado por US-049580485-1 (os hifens n\u00e3o contam, apenas est\u00e3o presentes para clarificar). O c\u00f3digo pode ser dividido da seguinte forma:\n<li>Um c\u00f3digo de pa\u00eds de duas letras, retirado de uma lista (ISO 6166) concebida pela Organiza\u00e7\u00e3o Internacional para a Padroniza\u00e7\u00e3o (International Organization for Standardization, ISO). Este c\u00f3digo \u00e9 atribu\u00eddo segundo a localiza\u00e7\u00e3o da administra\u00e7\u00e3o central de uma empresa. Um c\u00f3digo especial, 'XS'. \u00e9 usado para t\u00edtulos internacionais liquidados atrav\u00e9s de sistemas de liquida\u00e7\u00e3o pan-Europeus, como o Euroclear e CEDEL. O uso de certificados de dep\u00f3sito \u00e9 exclusivo para os casos em que o c\u00f3digo de pa\u00eds \u00e9 o mesmo do emissor, n\u00e3o o sendo para t\u00edtulos subjacentes.<\/li>\n<li>Um identificador num\u00e9rico de nove d\u00edgitos, chamado N\u00famero Identificador de T\u00edtulos Nacionais (NITN), e atribu\u00eddo por cada Ag\u00eancia de Numera\u00e7\u00e3o Nacional (ANN) de cada pa\u00eds ou regi\u00e3o. Se um n\u00famero nacional for composto por menos de nove d\u00edgitos, \u00e9 completado por zeros \u00e0 esquerda para que se torne um ISIN. O identificador num\u00e9rico n\u00e3o tem qualquer valor monet\u00e1rio intr\u00ednseco, sendo essencialmente um n\u00famero de s\u00e9rie.<\/li>\n<li>Um \u00fanico algarismo de controlo. O d\u00edgito \u00e9 calculado segundo os 11 caracteres\/d\u00edgitos anteriores, e usa um algoritmo de s\u00e9rie soma 10, que ajuda contra n\u00fameros falsos.<\/li>\n<\/ul>\n<h2>Utiliza\u00e7\u00e3o<\/h2>\n<p>Os ISIN\u00a0foram, no passado, considerados uma forma secund\u00e1ria de identifica\u00e7\u00e3o de t\u00edtulos, usada unicamente para compensa\u00e7\u00f5es e liquida\u00e7\u00f5es. Recentemente, alguns pa\u00edses Europeus t\u00eam adotado ISIN\u00a0como o seu principal identificador de t\u00edtulos. ISIN\u00a0s\u00e3o implicitamente usados nos Estados Unidos e Canad\u00e1 porque se baseiam em n\u00fameros CUISP. Com o passar dos tempos, a maior parte dos pa\u00edses parece agora disposta a adotar a numera\u00e7\u00e3o ISIN\u00a0quer como identificador prim\u00e1rio ou secund\u00e1rio.<\/p>\n<p>A CUSIP (detida pela Associa\u00e7\u00e3o Americana de Banqueiros e operacionalizada pela Standard and Poor's) e o seu trabalho com um n\u00famero CUSIP. Igualmente no Reino Unido, a Stock Exchange Daily Official List (SEDOL), a Bolsa de Valores de Londres. A Swiss NNA Telekurswork com um N\u00famero Valor e muito mais.<\/p>\n<p>A aceita\u00e7\u00e3o universal dos ISIN\u00a0\u00e9 importante para alcan\u00e7ar o objetivo de um processamento direto GSTP), isto \u00e9, o controle eletr\u00f3nico de trocas de compensa\u00e7\u00f5es e liquida\u00e7\u00f5es, sem interven\u00e7\u00e3o manual. Os ISIN\u00a0s\u00e3o usados pelos detentores de a\u00e7\u00f5es para localiza\u00e7\u00e3o.<\/p>\n<p><a href=\"https:\/\/www.isin.org\/pt-br\/solicitar-isin\/\">Clique para solicitar um ISIN<\/a><\/p>\n\n","protected":false},"excerpt":{"rendered":"<p>ISIN C\u00f3digo ISIN &#8211; Sobre o N\u00famero de Identifica\u00e7\u00e3o de T\u00edtulos Internacionais (ISIN) O padr\u00e3o de ISIN\u00a0\u00e9 usado internacionalmente para identificar t\u00edtulos espec\u00edficos como t\u00edtulos de d\u00edvida, a\u00e7\u00f5es (ordin\u00e1rias e preferencias), futuros, warrants, direitos, cr\u00e9ditos, t\u00edtulos comerciais e op\u00e7\u00f5es. Os ISIN\u00a0s\u00e3o atribu\u00eddos aos t\u00edtulos para facilitar compensa\u00e7\u00f5es financeiras e procedimentos de liquida\u00e7\u00e3o. S\u00e3o compostos por&hellip;<\/p>\n","protected":false},"author":3,"featured_media":0,"parent":0,"menu_order":0,"comment_status":"closed","ping_status":"closed","template":"","meta":{"om_disable_all_campaigns":false,"_monsterinsights_skip_tracking":false,"_monsterinsights_sitenote_active":false,"_monsterinsights_sitenote_note":"","_monsterinsights_sitenote_category":0,"_uf_show_specific_survey":0,"_uf_disable_surveys":false,"footnotes":""},"class_list":["post-1681","page","type-page","status-publish","hentry"],"aioseo_notices":[],"_links":{"self":[{"href":"https:\/\/www.isin.org\/pt-br\/wp-json\/wp\/v2\/pages\/1681","targetHints":{"allow":["GET"]}}],"collection":[{"href":"https:\/\/www.isin.org\/pt-br\/wp-json\/wp\/v2\/pages"}],"about":[{"href":"https:\/\/www.isin.org\/pt-br\/wp-json\/wp\/v2\/types\/page"}],"author":[{"embeddable":true,"href":"https:\/\/www.isin.org\/pt-br\/wp-json\/wp\/v2\/users\/3"}],"replies":[{"embeddable":true,"href":"https:\/\/www.isin.org\/pt-br\/wp-json\/wp\/v2\/comments?post=1681"}],"version-history":[{"count":0,"href":"https:\/\/www.isin.org\/pt-br\/wp-json\/wp\/v2\/pages\/1681\/revisions"}],"wp:attachment":[{"href":"https:\/\/www.isin.org\/pt-br\/wp-json\/wp\/v2\/media?parent=1681"}],"curies":[{"name":"wp","href":"https:\/\/api.w.org\/{rel}","templated":true}]}}