{"id":2965,"date":"2015-01-28T18:05:26","date_gmt":"2015-01-28T18:05:26","guid":{"rendered":"https:\/\/isinisin123.wpengine.com\/?page_id=2965"},"modified":"2025-06-16T16:21:50","modified_gmt":"2025-06-16T23:21:50","slug":"zloz-podanie-o-isin","status":"publish","type":"page","link":"https:\/\/www.isin.org\/pl\/zloz-podanie-o-isin\/","title":{"rendered":"Z\u0142\u00f3\u017c podanie o ISIN"},"content":{"rendered":"\n\n\t<h1>Z\u0142\u00f3\u017c podanie o ISIN<\/h1>\n<h3>Opcja 1: Z\u0142\u00f3\u017c podanie o kod ISIN przez e-mail<\/h3>\n<ol>\n<li>Prosimy wy\u015blij do nas e-mail z opisem Twoich potrzeb.<\/li>\n<li>W Twoim e-mailu za\u0142\u0105cz jak\u0105kolwiek dokumentacj\u0119, tak\u0105 jak memorandum ofertowe sp\u00f3\u0142ki, memorandum informacyjne, prospekt emisyjny, wst\u0119pne memorandum o emisji niepublicznej, itp. Zaraz po zapoznaniu si\u0119 z dokumentacj\u0105 powiadomimy Ci\u0119 o terminie i op\u0142atach za us\u0142ugi. Prosimy przeczytaj Regulamin tej witryny. Wysy\u0142aj\u0105c do nas wiadomo\u015b\u0107 e-mail zgadzasz si\u0119 na warunki naszego Regulaminu.<\/li>\n<\/ol>\n<p><strong>Wy\u015blij e-mail do nas: <a href=\"mailto:isin@isin.org?subject=ISIN Application\">isin@isin.org<\/a><\/strong><\/p>\n<hr \/>\n<h3>Opcja 2: Wype\u0142nij podanie o ISIN<\/h3>\n<p>Wype\u0142nij tylko poni\u017csze podanie, je\u015bli NIE sk\u0142ada\u0142e\u015b podania poprzez powy\u017csz\u0105 Opcj\u0119 1. Je\u015bli wys\u0142a\u0142e\u015b do nas e-mail, nie ma potrzeby wype\u0142nia\u0107 formularza podania.<\/p>\n<p>Prosimy wype\u0142nij podanie wymaganymi informacjami i za\u0142\u0105cz dokumentacj\u0119, tak\u0105 jak memorandum ofertowe sp\u00f3\u0142ki, memorandum informacyjne, prospekt emisyjny, wst\u0119pne memorandum o emisji niepublicznej, itp. Zaraz po zapoznaniu si\u0119 z formularzem i dokumentacj\u0105 powiadomimy Ci\u0119 o terminie i op\u0142atach.<\/p>\n<p><strong>KLIKNIJ NA TO PONI\u017bSZE PODANIE, KT\u00d3RE NAJLEPIEJ ODPOWIADA TWOIM POTRZEBOM<\/strong><\/p>\n<a href=\"https:\/\/www.isin.org\/pl\/zloz-podanie-o-isin\/fundusze\/\">Fundusze<br \/>\nWszystkie fundusze, fundusze zabezpieczaj\u0105ce, fundusze inwestycyjne, itp.<br \/>\n<\/a>\n<a href=\"https:\/\/www.isin.org\/pl\/zloz-podanie-o-isin\/oferta-akcji-zwyklych\/\">Oferta akcji zwyk\u0142ych<br \/>\nAkcje, udzia\u0142y, jednostki<br \/>\n<\/a>\n<a href=\"https:\/\/www.isin.org\/pl\/zloz-podanie-o-isin\/oferta-papierow-dluznych\/\">Oferta papier\u00f3w d\u0142u\u017cnych<br \/>\nObligacje, weksle<br \/>\n<\/a>\n<a href=\"https:\/\/www.isin.org\/pl\/zloz-podanie-o-isin\/wszystkie-inne\/\">Wszystkie inne<br \/>\nWszystko poza papierami d\u0142u\u017cnymi, akcjami zwyk\u0142ymi i funduszami\u2003<br \/>\n<\/a>\n\n","protected":false},"excerpt":{"rendered":"<p>Z\u0142\u00f3\u017c podanie o ISIN Opcja 1: Z\u0142\u00f3\u017c podanie o kod ISIN przez e-mail Prosimy wy\u015blij do nas e-mail z opisem Twoich potrzeb. W Twoim e-mailu za\u0142\u0105cz jak\u0105kolwiek dokumentacj\u0119, tak\u0105 jak memorandum ofertowe sp\u00f3\u0142ki, memorandum informacyjne, prospekt emisyjny, wst\u0119pne memorandum o emisji niepublicznej, itp. Zaraz po zapoznaniu si\u0119 z dokumentacj\u0105 powiadomimy Ci\u0119 o terminie i op\u0142atach&hellip;<\/p>\n","protected":false},"author":3,"featured_media":0,"parent":0,"menu_order":0,"comment_status":"closed","ping_status":"closed","template":"","meta":{"om_disable_all_campaigns":false,"_monsterinsights_skip_tracking":false,"_monsterinsights_sitenote_active":false,"_monsterinsights_sitenote_note":"","_monsterinsights_sitenote_category":0,"_uf_show_specific_survey":0,"_uf_disable_surveys":false,"footnotes":""},"class_list":["post-2965","page","type-page","status-publish","hentry"],"aioseo_notices":[],"_links":{"self":[{"href":"https:\/\/www.isin.org\/pl\/wp-json\/wp\/v2\/pages\/2965","targetHints":{"allow":["GET"]}}],"collection":[{"href":"https:\/\/www.isin.org\/pl\/wp-json\/wp\/v2\/pages"}],"about":[{"href":"https:\/\/www.isin.org\/pl\/wp-json\/wp\/v2\/types\/page"}],"author":[{"embeddable":true,"href":"https:\/\/www.isin.org\/pl\/wp-json\/wp\/v2\/users\/3"}],"replies":[{"embeddable":true,"href":"https:\/\/www.isin.org\/pl\/wp-json\/wp\/v2\/comments?post=2965"}],"version-history":[{"count":0,"href":"https:\/\/www.isin.org\/pl\/wp-json\/wp\/v2\/pages\/2965\/revisions"}],"wp:attachment":[{"href":"https:\/\/www.isin.org\/pl\/wp-json\/wp\/v2\/media?parent=2965"}],"curies":[{"name":"wp","href":"https:\/\/api.w.org\/{rel}","templated":true}]}}