{"id":2955,"date":"2015-01-28T17:42:53","date_gmt":"2015-01-28T17:42:53","guid":{"rendered":"https:\/\/isinisin123.wpengine.com\/?page_id=2955"},"modified":"2025-03-18T14:46:15","modified_gmt":"2025-03-18T21:46:15","slug":"czlonkow","status":"publish","type":"page","link":"https:\/\/www.isin.org\/pl\/czlonkow\/","title":{"rendered":"Cz\u0142onk\u00f3w"},"content":{"rendered":"\n\n<h2>Funkcje dla Cz\u0142onk\u00f3w<\/h2>\n<ul>\n<li>Pe\u0142ny dost\u0119p do bazy danych ISIN.org<\/li>\n<li>Dodawanie kod\u00f3w ISIN do publicznej bazy danych, kt\u00f3r\u0105 ka\u017cdy mo\u017ce wy\u015bwietli\u0107<\/li>\n<li>W dowolnej chwili zaloguj si\u0119 do Twojego konta i ZAKTUALIZUJ Twoj\u0105 warto\u015b\u0107 nominaln\u0105, warto\u015b\u0107 aktyw\u00f3w netto i inne dane w miar\u0119 potrzeb.<\/li>\n<li>Tw\u00f3j kod ISIN pozostanie w publicznej bazie danych do\u017cywotnio, nawet je\u015bli zrezygnujesz z Cz\u0142onkostwa<\/li>\n<li>Kontakt z nami w sprawie pyta\u0144 dotycz\u0105cych wyszukiwa\u0144 ISIN<\/li>\n<li>Mo\u017cliwo\u015b\u0107 opublikowania od zaledwie jednego kodu ISIN do tak wielu, ile potrzeba<\/li>\n<li>Poprawienie widoczno\u015bci Twojego produktu finansowego<\/li>\n<li>Podanie do ISIN.org o pomoc z kodem ISIN\u2003<\/li>\n<\/ul>\n<p><strong>Baza danych ISIN:<\/strong> Organizacja ISIN (ISIN.org) jest dumna z niezale\u017cnej, najwi\u0119kszej na \u015bwiecie bazy danych ISIN na \u015bwiecie.<\/p>\n<p><strong>ISIN.ORG<\/strong> jest najwy\u017cej ocenianym adresem internetowym dla wyszukiwa\u0144 ISIN na \u015bwiecie. Wi\u0119kszo\u015b\u0107 wyszukiwa\u0144 kod\u00f3w ISIN w Sieci ko\u0144czy si\u0119 wej\u015bciem na stron\u0119 www.isin.org.<\/p>\n<p><strong>Dwie bazy danych ISIN:<\/strong> ISIN.org jest dumna z dw\u00f3ch baz danych: prywatna baza danych dla Cz\u0142onk\u00f3w, kt\u00f3ra mo\u017ce pochwali\u0107 si\u0119 milionami kod\u00f3w ISIN, oraz darmowa publiczna baza danych z ograniczonymi mo\u017cliwo\u015bciami wyszukiwania. Zostaj\u0105c Cz\u0142onkiem Isin.org, otrzymujesz dost\u0119p do milion\u00f3w kod\u00f3w ISIN i jeste\u015b w stanie reprezentowa\u0107 Twoj\u0105 sp\u00f3\u0142k\u0119 i\/lub papiery warto\u015bciowe przed klientami w naszej publicznej bazie danych, w kt\u00f3rej wszyscy mog\u0105 wyszukiwa\u0107 i wy\u015bwietla\u0107 dane za darmo.<\/p>\n\n","protected":false},"excerpt":{"rendered":"<p>Funkcje dla Cz\u0142onk\u00f3w Pe\u0142ny dost\u0119p do bazy danych ISIN.org Dodawanie kod\u00f3w ISIN do publicznej bazy danych, kt\u00f3r\u0105 ka\u017cdy mo\u017ce wy\u015bwietli\u0107 W dowolnej chwili zaloguj si\u0119 do Twojego konta i ZAKTUALIZUJ Twoj\u0105 warto\u015b\u0107 nominaln\u0105, warto\u015b\u0107 aktyw\u00f3w netto i inne dane w miar\u0119 potrzeb. Tw\u00f3j kod ISIN pozostanie w publicznej bazie danych do\u017cywotnio, nawet je\u015bli zrezygnujesz z&hellip;<\/p>\n","protected":false},"author":3,"featured_media":0,"parent":0,"menu_order":0,"comment_status":"closed","ping_status":"closed","template":"","meta":{"om_disable_all_campaigns":false,"_monsterinsights_skip_tracking":false,"_monsterinsights_sitenote_active":false,"_monsterinsights_sitenote_note":"","_monsterinsights_sitenote_category":0,"_uf_show_specific_survey":0,"_uf_disable_surveys":false,"footnotes":""},"class_list":["post-2955","page","type-page","status-publish","hentry"],"aioseo_notices":[],"_links":{"self":[{"href":"https:\/\/www.isin.org\/pl\/wp-json\/wp\/v2\/pages\/2955","targetHints":{"allow":["GET"]}}],"collection":[{"href":"https:\/\/www.isin.org\/pl\/wp-json\/wp\/v2\/pages"}],"about":[{"href":"https:\/\/www.isin.org\/pl\/wp-json\/wp\/v2\/types\/page"}],"author":[{"embeddable":true,"href":"https:\/\/www.isin.org\/pl\/wp-json\/wp\/v2\/users\/3"}],"replies":[{"embeddable":true,"href":"https:\/\/www.isin.org\/pl\/wp-json\/wp\/v2\/comments?post=2955"}],"version-history":[{"count":0,"href":"https:\/\/www.isin.org\/pl\/wp-json\/wp\/v2\/pages\/2955\/revisions"}],"wp:attachment":[{"href":"https:\/\/www.isin.org\/pl\/wp-json\/wp\/v2\/media?parent=2955"}],"curies":[{"name":"wp","href":"https:\/\/api.w.org\/{rel}","templated":true}]}}