{"id":2947,"date":"2015-01-28T17:34:51","date_gmt":"2015-01-28T17:34:51","guid":{"rendered":"https:\/\/isinisin123.wpengine.com\/?page_id=2947"},"modified":"2015-01-28T19:29:13","modified_gmt":"2015-01-28T19:29:13","slug":"dodaj-twoj-kod-isin","status":"publish","type":"page","link":"https:\/\/www.isin.org\/pl\/dodaj-twoj-kod-isin\/","title":{"rendered":"Dodaj Tw\u00f3j Kod ISIN"},"content":{"rendered":"<div id=\"add-code\">\n<h2>Dodaj Tw\u00f3j Kod ISIN<\/h2>\n<p>Funkcja pozwala doda\u0107 od zaledwie 1 kodu ISIN do dowolnej liczby kod\u00f3w do publicznej bazy danych<\/p>\n<ul>\n<li>Utw\u00f3rz w\u0142asne konto, zaloguj si\u0119 i uzupe\u0142nij swoje dane, kiedy Ci si\u0119 podoba.<\/li>\n<li>W dowolnej chwili zaloguj si\u0119 do Twojego konta i ZAKTUALIZUJ Twoj\u0105 warto\u015b\u0107 nominaln\u0105, warto\u015b\u0107 aktyw\u00f3w netto i inne dane w miar\u0119 potrzeb.<\/li>\n<li>Obecno\u015b\u0107 w naszej bazie danych pozwala, aby Tw\u00f3j numer ISIN by\u0142 wyszukiwany i wy\u015bwietlany przez ka\u017cdego w naszej Publicznej Darmowej Bazie<\/li>\n<li>Tw\u00f3j kod(y) ISIN pozostanie do\u017cywotnio w naszej Publicznej Bazie Danych.<\/li>\n<li>Otrzymasz r\u00f3wnie\u017c dost\u0119p do Prywatnej Bazy Danych zawieraj\u0105cej miliony kod\u00f3w.<\/li>\n<li class=\"features\">Funkcje zapewniaj\u0105<\/li>\n<li>Utw\u00f3rz konto, loguj si\u0119 tak cz\u0119sto jak potrzebujesz i dostosowuj swoje dane.<\/li>\n<li>Dodaj do publicznej bazy tyle profil\u00f3w kod\u00f3w ISIN, ile potrzebujesz<\/li>\n<li>Uzyskaj dost\u0119p do rejestr\u00f3w ISIN<\/li>\n<li>Mo\u017cliwo\u015b\u0107 kontaktu z nami w sprawie pyta\u0144 i konsultacji zwi\u0105zanych z wyszukiwaniem ISIN <\/li>\n<li>Ulepszone Zabezpieczenia<\/li>\n<li>Us\u0142uga wsparcia dla ISIN <\/li>\n<\/ul>\n<p style=\"margin-left: 75px\"><a href=\"https:\/\/www.isin.org\/pl\/zakup-czlonkostwo\/\" class=\"red-button\" style=\"font-size: 14px\">Kontakt z nami w sprawie op\u0142at<\/a><\/p>\n<\/div>\n<h1 style=\"clear:none\">DODAJ Tw\u00f3j kod(y) ISIN do naszej publicznej bazy danych, dost\u0119pnej dla wszystkich.<\/h1>\n<p><strong>Baza danych ISIN:<\/strong> Organizacja ISIN (ISIN.org) jest dumna ze swojej niezale\u017cnej, najwi\u0119kszej na \u015bwiecie bazy danych ISIN.<\/p>\n<p><strong>ISIN.ORG<\/strong> jest najwy\u017cej ocenianym adresem internetowym dla wyszukiwa\u0144 ISIN na \u015bwiecie. Wi\u0119kszo\u015b\u0107 wyszukiwa\u0144 kod\u00f3w ISIN w Sieci ko\u0144czy si\u0119 wej\u015bciem na stron\u0119 www.isin.org.<\/p>\n<p><strong>Dwie bazy danych ISIN:<\/strong> ISIN.org jest dumna z dw\u00f3ch baz danych: prywatna baza danych dla Cz\u0142onk\u00f3w, kt\u00f3ra mo\u017ce pochwali\u0107 si\u0119 milionami kod\u00f3w ISIN, oraz darmowa publiczna baza danych z ograniczonymi mo\u017cliwo\u015bciami wyszukiwania. Zostaj\u0105c Cz\u0142onkiem Isin.org, otrzymujesz dost\u0119p do milion\u00f3w kod\u00f3w ISIN i jeste\u015b w stanie reprezentowa\u0107 Twoj\u0105 sp\u00f3\u0142k\u0119 i\/lub papiery warto\u015bciowe przed klientami w naszej publicznej bazie danych, w kt\u00f3rej wszyscy mog\u0105 wyszukiwa\u0107 i wy\u015bwietla\u0107 dane za darmo.<\/p>\n","protected":false},"excerpt":{"rendered":"<p>Dodaj Tw\u00f3j Kod ISIN Funkcja pozwala doda\u0107 od zaledwie 1 kodu ISIN do dowolnej liczby kod\u00f3w do publicznej bazy danych Utw\u00f3rz w\u0142asne konto, zaloguj si\u0119 i uzupe\u0142nij swoje dane, kiedy Ci si\u0119 podoba. W dowolnej chwili zaloguj si\u0119 do Twojego konta i ZAKTUALIZUJ Twoj\u0105 warto\u015b\u0107 nominaln\u0105, warto\u015b\u0107 aktyw\u00f3w netto i inne dane w miar\u0119 potrzeb.&hellip;<\/p>\n","protected":false},"author":3,"featured_media":0,"parent":0,"menu_order":0,"comment_status":"closed","ping_status":"closed","template":"page-templates\/full-width.php","meta":{"om_disable_all_campaigns":false,"_monsterinsights_skip_tracking":false,"_monsterinsights_sitenote_active":false,"_monsterinsights_sitenote_note":"","_monsterinsights_sitenote_category":0,"_uf_show_specific_survey":0,"_uf_disable_surveys":false,"footnotes":""},"class_list":["post-2947","page","type-page","status-publish","hentry"],"aioseo_notices":[],"_links":{"self":[{"href":"https:\/\/www.isin.org\/pl\/wp-json\/wp\/v2\/pages\/2947","targetHints":{"allow":["GET"]}}],"collection":[{"href":"https:\/\/www.isin.org\/pl\/wp-json\/wp\/v2\/pages"}],"about":[{"href":"https:\/\/www.isin.org\/pl\/wp-json\/wp\/v2\/types\/page"}],"author":[{"embeddable":true,"href":"https:\/\/www.isin.org\/pl\/wp-json\/wp\/v2\/users\/3"}],"replies":[{"embeddable":true,"href":"https:\/\/www.isin.org\/pl\/wp-json\/wp\/v2\/comments?post=2947"}],"version-history":[{"count":0,"href":"https:\/\/www.isin.org\/pl\/wp-json\/wp\/v2\/pages\/2947\/revisions"}],"wp:attachment":[{"href":"https:\/\/www.isin.org\/pl\/wp-json\/wp\/v2\/media?parent=2947"}],"curies":[{"name":"wp","href":"https:\/\/api.w.org\/{rel}","templated":true}]}}