{"id":2943,"date":"2015-01-28T17:31:38","date_gmt":"2015-01-28T17:31:38","guid":{"rendered":"https:\/\/isinisin123.wpengine.com\/?page_id=2943"},"modified":"2025-03-18T14:41:49","modified_gmt":"2025-03-18T21:41:49","slug":"procedura-isin","status":"publish","type":"page","link":"https:\/\/www.isin.org\/pl\/procedura-isin\/","title":{"rendered":"Procedura ISIN"},"content":{"rendered":"\n\n\t<h1>Procedura ISIN<\/h1>\n<h2>Uzyskaj numer ISIN<\/h2>\n<p>Je\u015bli Twoja firma lub fundusz potrzebuje uzyska\u0107 numer ISIN, to strona ISIN.org udzieli pomocy. Uzyskanie kodu ISIN dla ofert subskrypcji papier\u00f3w d\u0142u\u017cnych lub akcji zwyk\u0142ych, funduszy zabezpieczaj\u0105cych, funduszu lub funduszy, funduszy wzajemnych, funduszy specjalnych, sp\u00f3\u0142ek publicznych, sp\u00f3\u0142ek prywatnych i wielu innych, jest mo\u017cliwe na tej stronie.<\/p>\n<h2>Termin, op\u0142ata za rejestracj\u0119 numeru ISIN<\/h2>\n<p>Z\u0142o\u017cenie podania o nowy kod ISIN mo\u017ce zaj\u0105\u0107 od jednego do kilku dni, lub d\u0142u\u017cej. W rzeczywisto\u015bci zale\u017cy to od specyfikacji sp\u00f3\u0142ki. Op\u0142aty s\u0105 zr\u00f3\u017cnicowane w zale\u017cno\u015bci od potrzeb i s\u0105 wyznaczane zaraz po z\u0142o\u017ceniu podania.<\/p>\n<h2>Jak post\u0119powa\u0107<\/h2>\n<p>Kliknij na jeden z formularzy w zak\u0142adce Z\u0142\u00f3\u017c podanie o ISIN. Wype\u0142nij formularz i wy\u015blij go. Zaraz po otrzymaniu Twoich danych skontaktujemy si\u0119 z Tob\u0105, by przeprowadzi\u0107 Ci\u0119 przez nast\u0119pne kroki - zwykle w ci\u0105gu jednej godziny w czasie pracy biura.<\/p>\n<p><a href=\"https:\/\/www.isin.org\/pl\/zloz-podanie-o-isin\/\">Kliknij, aby z\u0142o\u017cy\u0107 podanie o nowy kod ISIN<\/a><\/p>\n\n","protected":false},"excerpt":{"rendered":"<p>Procedura ISIN Uzyskaj numer ISIN Je\u015bli Twoja firma lub fundusz potrzebuje uzyska\u0107 numer ISIN, to strona ISIN.org udzieli pomocy. Uzyskanie kodu ISIN dla ofert subskrypcji papier\u00f3w d\u0142u\u017cnych lub akcji zwyk\u0142ych, funduszy zabezpieczaj\u0105cych, funduszu lub funduszy, funduszy wzajemnych, funduszy specjalnych, sp\u00f3\u0142ek publicznych, sp\u00f3\u0142ek prywatnych i wielu innych, jest mo\u017cliwe na tej stronie. Termin, op\u0142ata za rejestracj\u0119&hellip;<\/p>\n","protected":false},"author":3,"featured_media":0,"parent":0,"menu_order":0,"comment_status":"closed","ping_status":"closed","template":"","meta":{"om_disable_all_campaigns":false,"_monsterinsights_skip_tracking":false,"_monsterinsights_sitenote_active":false,"_monsterinsights_sitenote_note":"","_monsterinsights_sitenote_category":0,"_uf_show_specific_survey":0,"_uf_disable_surveys":false,"footnotes":""},"class_list":["post-2943","page","type-page","status-publish","hentry"],"aioseo_notices":[],"_links":{"self":[{"href":"https:\/\/www.isin.org\/pl\/wp-json\/wp\/v2\/pages\/2943","targetHints":{"allow":["GET"]}}],"collection":[{"href":"https:\/\/www.isin.org\/pl\/wp-json\/wp\/v2\/pages"}],"about":[{"href":"https:\/\/www.isin.org\/pl\/wp-json\/wp\/v2\/types\/page"}],"author":[{"embeddable":true,"href":"https:\/\/www.isin.org\/pl\/wp-json\/wp\/v2\/users\/3"}],"replies":[{"embeddable":true,"href":"https:\/\/www.isin.org\/pl\/wp-json\/wp\/v2\/comments?post=2943"}],"version-history":[{"count":0,"href":"https:\/\/www.isin.org\/pl\/wp-json\/wp\/v2\/pages\/2943\/revisions"}],"wp:attachment":[{"href":"https:\/\/www.isin.org\/pl\/wp-json\/wp\/v2\/media?parent=2943"}],"curies":[{"name":"wp","href":"https:\/\/api.w.org\/{rel}","templated":true}]}}