{"id":3104,"date":"2015-02-02T16:14:06","date_gmt":"2015-02-02T16:14:06","guid":{"rendered":"https:\/\/isinisin123.wpengine.com\/?page_id=3104"},"modified":"2015-02-02T16:21:20","modified_gmt":"2015-02-02T16:21:20","slug":"tjenester","status":"publish","type":"page","link":"https:\/\/www.isin.org\/nb\/tjenester\/","title":{"rendered":"Tjenester"},"content":{"rendered":"<h1>Tjenester<\/h1>\n<p>ISIN-organisasjonen, eller ISIN.org, tilbyr mange tjenester og ressurser for de som er interesserte i markedet og sf\u00e6ren av International Securities Identification Number.<\/p>\n<h2>S\u00f8k og erverv et ISIN-nummer<\/h2>\n<p>Dersom firmaet ditt trenger \u00e5 erverve et ISIN-nummer eller ISIN-kode, kan du s\u00f8ke etter en ISIN direkte p\u00e5 nettsiden ISIN.org. Vi tilbyr denne tjenesten b\u00e5de til private firmaer og firmaer som allerede er eller \u00f8nsker \u00e5 bli offentlige. ISIN-nummer gis til en lang rekke verdipapirer og nesten alle jurisdiksjonene i verden, for s\u00e5 \u00e5 si alle typer tilbud, uansett om det er fordringer eller aksjekapital, aksjer, obligasjoner eller annet. Firmaer, fond, banker og en rekke andre instanser bruker ISIN-koder for \u00e5 identifisere verdipapirer. Velg et passende s\u00f8knadsskjema eller send oss en e-post for \u00e5 erverve et ISIN-nummer. <a href=\"https:\/\/www.isin.org\/nb\/sok-om-et-isin\/\"><span style=\"text-decoration: underline;\"><strong>KLIKK HER FOR \u00c5 S\u00d8KE OM EN NY ISIN-KODE<\/strong><\/span><\/a><\/p>\n<h2>Ressurser<\/h2>\n<p>ISIN.org tilbyr en overflod av kostnadsfrie ressurser for de som ser etter informasjon eller tilgang til ISIN-koder. Historiske ISIN-koder for obligasjoner eller aksjer er ogs\u00e5 tilgjengelig p\u00e5 v\u00e5r nettside, inkludert korttidsnoteringer, mellomlangsiktige noteringer og langsiktige noteringer, Euro-obligasjoner, Asiatiske verdipapirer og mye mer.<\/p>\n<p>Dersom du trenger ressurser eller assistanse for noe du ikke finner p\u00e5 nettsiden, kan du sende oss en e-post. ISIN.org vil pr\u00f8ve \u00e5 veilede deg i riktig retning slik at du kan f\u00e5 hjelp.<\/p>\n<h2>Database og Postering av Din ISIN-kode \u2013 Medlemskap<\/h2>\n<p>Oppn\u00e5 global eksponering av dine Verdipapirer ved \u00e5 opprette en konto hos ISIN.org og liste din ISIN eller firma-informasjon.<\/p>\n<p>ISIN.org er dedikert til tilrettelegging og popularisering av ISIN-koder p\u00e5 verdensbasis. ISIN-nummer bidrar til \u00e5 identifisere verdipapirer, og er den foretrukne metoden p\u00e5 verdensbasis for de fleste aksjehandler. Firmaer over hele verden benytter ISIN-nummer n\u00e5r de er identifiserer verdipapirer. Det \u00e5 f\u00e5 eller skaffe et ISIN-nummer er ikke en mulighet; det er en standard.  <a href=\"https:\/\/www.isin.org\/nb\/medlemmer\/\">BLI MEDLEM HER<\/a><\/p>\n<p><a href=\"https:\/\/www.isin.org\/nb\/kontakt-oss\/\" class=\"red-button\">Kontakt ISIN.org<\/a><\/p>\n","protected":false},"excerpt":{"rendered":"<p>Tjenester ISIN-organisasjonen, eller ISIN.org, tilbyr mange tjenester og ressurser for de som er interesserte i markedet og sf\u00e6ren av International Securities Identification Number. S\u00f8k og erverv et ISIN-nummer Dersom firmaet ditt trenger \u00e5 erverve et ISIN-nummer eller ISIN-kode, kan du s\u00f8ke etter en ISIN direkte p\u00e5 nettsiden ISIN.org. Vi tilbyr denne tjenesten b\u00e5de til private&hellip;<\/p>\n","protected":false},"author":3,"featured_media":0,"parent":0,"menu_order":0,"comment_status":"closed","ping_status":"closed","template":"","meta":{"om_disable_all_campaigns":false,"_monsterinsights_skip_tracking":false,"_monsterinsights_sitenote_active":false,"_monsterinsights_sitenote_note":"","_monsterinsights_sitenote_category":0,"_uf_show_specific_survey":0,"_uf_disable_surveys":false,"footnotes":""},"class_list":["post-3104","page","type-page","status-publish","hentry"],"aioseo_notices":[],"_links":{"self":[{"href":"https:\/\/www.isin.org\/nb\/wp-json\/wp\/v2\/pages\/3104","targetHints":{"allow":["GET"]}}],"collection":[{"href":"https:\/\/www.isin.org\/nb\/wp-json\/wp\/v2\/pages"}],"about":[{"href":"https:\/\/www.isin.org\/nb\/wp-json\/wp\/v2\/types\/page"}],"author":[{"embeddable":true,"href":"https:\/\/www.isin.org\/nb\/wp-json\/wp\/v2\/users\/3"}],"replies":[{"embeddable":true,"href":"https:\/\/www.isin.org\/nb\/wp-json\/wp\/v2\/comments?post=3104"}],"version-history":[{"count":0,"href":"https:\/\/www.isin.org\/nb\/wp-json\/wp\/v2\/pages\/3104\/revisions"}],"wp:attachment":[{"href":"https:\/\/www.isin.org\/nb\/wp-json\/wp\/v2\/media?parent=3104"}],"curies":[{"name":"wp","href":"https:\/\/api.w.org\/{rel}","templated":true}]}}