{"id":3047,"date":"2015-01-30T21:36:21","date_gmt":"2015-01-30T21:36:21","guid":{"rendered":"https:\/\/isinisin123.wpengine.com\/?page_id=3047"},"modified":"2025-03-18T14:48:59","modified_gmt":"2025-03-18T21:48:59","slug":"medlemmer","status":"publish","type":"page","link":"https:\/\/www.isin.org\/nb\/medlemmer\/","title":{"rendered":"Medlemmer"},"content":{"rendered":"\n\n<h2>Funksjoner for Medlemmer:<\/h2>\n<ul>\n<li>Full tilgang til databasen hos ISIN.org<\/li>\n<li>Legg til dine ISIN-koder i den offentlige databasen som er tilgjengelig for alle<\/li>\n<li>Logg inn p\u00e5 din konto n\u00e5r som helst og OPPDATER din nominelle verdi, bokf\u00f8rt restverdi og annen informasjon ved behov<\/li>\n<li>Din ISIN-kode forblir i den Offentlige Databasen for alltid, selv om du avslutter medlemskapet ditt<\/li>\n<li>Kontakt oss ved sp\u00f8rsm\u00e5l ang\u00e5ende ISIN-foresp\u00f8rsler<\/li>\n<li>Muligheten til \u00e5 legge ut s\u00e5 lite som \u00e9n ISIN-kode, eller s\u00e5 mange som du trenger<\/li>\n<li>\u00d8k synligheten av ditt finansprodukt<\/li>\n<li>S\u00f8k etter hjelp med ISIN-koder hos ISIN.org<\/li>\n<\/ul>\n<h1>Medlemmer<\/h1>\n<p><strong>ISIN Database:<\/strong>  ISIN-Organisasjonen (ISIN.org) innehar den st\u00f8rste uavhengige ISIN-databasen i verden.<\/p>\n<p><strong>ISIN.ORG:<\/strong> er den h\u00f8yst rangerte nettadressen for ISIN-s\u00f8k p\u00e5 verdensbasis. De fleste s\u00f8kene etter ISIN-koder p\u00e5 nettet lander hos www.isin.org.<\/p>\n<p><strong>To ISIN-databaser:<\/strong> ISIN.org innehar to databaser: en privat database som inneholder millioner av ISIN-koder forbeholdt Medlemmer, og en kostnadsfri, offentlig database med begrensede s\u00f8kefunksjoner. Ved \u00e5 bli Medlem av Isin.org f\u00e5r du tilgang til millioner av ISIN-koder og har muligheten til \u00e5 representere firmaet ditt og\/eller sikkerhet til kunder i v\u00e5r offentlige database som alle har kostnadsfri tilgang til.<\/p>\n\n","protected":false},"excerpt":{"rendered":"<p>Funksjoner for Medlemmer: Full tilgang til databasen hos ISIN.org Legg til dine ISIN-koder i den offentlige databasen som er tilgjengelig for alle Logg inn p\u00e5 din konto n\u00e5r som helst og OPPDATER din nominelle verdi, bokf\u00f8rt restverdi og annen informasjon ved behov Din ISIN-kode forblir i den Offentlige Databasen for alltid, selv om du avslutter&hellip;<\/p>\n","protected":false},"author":3,"featured_media":0,"parent":0,"menu_order":0,"comment_status":"closed","ping_status":"closed","template":"","meta":{"om_disable_all_campaigns":false,"_monsterinsights_skip_tracking":false,"_monsterinsights_sitenote_active":false,"_monsterinsights_sitenote_note":"","_monsterinsights_sitenote_category":0,"_uf_show_specific_survey":0,"_uf_disable_surveys":false,"footnotes":""},"class_list":["post-3047","page","type-page","status-publish","hentry"],"aioseo_notices":[],"_links":{"self":[{"href":"https:\/\/www.isin.org\/nb\/wp-json\/wp\/v2\/pages\/3047","targetHints":{"allow":["GET"]}}],"collection":[{"href":"https:\/\/www.isin.org\/nb\/wp-json\/wp\/v2\/pages"}],"about":[{"href":"https:\/\/www.isin.org\/nb\/wp-json\/wp\/v2\/types\/page"}],"author":[{"embeddable":true,"href":"https:\/\/www.isin.org\/nb\/wp-json\/wp\/v2\/users\/3"}],"replies":[{"embeddable":true,"href":"https:\/\/www.isin.org\/nb\/wp-json\/wp\/v2\/comments?post=3047"}],"version-history":[{"count":0,"href":"https:\/\/www.isin.org\/nb\/wp-json\/wp\/v2\/pages\/3047\/revisions"}],"wp:attachment":[{"href":"https:\/\/www.isin.org\/nb\/wp-json\/wp\/v2\/media?parent=3047"}],"curies":[{"name":"wp","href":"https:\/\/api.w.org\/{rel}","templated":true}]}}