{"id":3041,"date":"2015-01-30T21:24:50","date_gmt":"2015-01-30T21:24:50","guid":{"rendered":"https:\/\/isinisin123.wpengine.com\/?page_id=3041"},"modified":"2015-02-02T16:05:40","modified_gmt":"2015-02-02T16:05:40","slug":"legg-til-din-isin-kode","status":"publish","type":"page","link":"https:\/\/www.isin.org\/nb\/legg-til-din-isin-kode\/","title":{"rendered":"Legg til Din ISIN-kode"},"content":{"rendered":"<div id=\"add-code\">\n<h2>Legg til Din ISIN-kode<\/h2>\n<p>Til Funksjonene Inng\u00e5r \u00e5 kunne Legge til s\u00e5 lite som \u00e9n ISIN-kode eller s\u00e5 mange du har behov for i den Offentlige databasen<\/p>\n<ul>\n<li>Opprett din egen konto, logg inn og oppdater informasjonen din ved behov<\/li>\n<li>Logg inn p\u00e5 din konto n\u00e5r som helst og OPPDATER din nominelle verdi, bokf\u00f8rt restverdi og annen informasjon etter behov<\/li>\n<li>Som del av v\u00e5r database kan din(e) ISIN(er) s\u00f8kes etter og vises av alle i v\u00e5r Kostnadsfrie Offentlige Database<\/li>\n<li>Din(e) ISIN-kode(er) forblir i den Offentlige Databasen for alltid<\/li>\n<li>Du f\u00e5r dessuten tilgang til den Private Databasen som best\u00e5r av Millioner av koder\n<\/li>\n<li class=\"features\">Funksjonene inkluderer<\/li>\n<li>Opprett en konto, logg inn s\u00e5 ofte som n\u00f8dvendig og endre informasjonen din<\/li>\n<li>Legg til s\u00e5 mange ISIN-kodeprofiler til den offentlige databasen som n\u00f8dvendig<\/li>\n<li>Tilgang til ISIN-register<\/li>\n<li class=\"features\">I tillegg<\/li>\n<li>Muligheten til \u00e5 kontakte oss ved sp\u00f8rsm\u00e5l ang\u00e5ende ISIN-oppslag eller konsultasjoner<\/li>\n<li>\u00d8kt sikkerhet<\/li>\n<li>ISIN kundest\u00f8tte<\/li>\n<\/ul>\n<p style=\"margin-left: 75px\"><a href=\"https:\/\/www.isin.org\/nb\/funksjoner-for-medlemmer\/\" class=\"red-button\">Kontakt oss for Priser<\/a><\/p>\n<\/div>\n<h1 style=\"clear:none\">LEGG TIL din(e) ISIN-kode(r) i v\u00e5r offentlige database som er \u00e5pen for alle.<\/h1>\n<p><strong>ISIN Database:<\/strong> ISIN-Organisasjonen (ISIN.org) innehar den st\u00f8rste uavhengige ISIN-databasen i verden.<\/p>\n<p><strong>ISIN.ORG<\/strong> er den h\u00f8yst rangerte nettadressen for ISIN-s\u00f8k p\u00e5 verdensbasis. De fleste s\u00f8kene etter ISIN-koder p\u00e5 nettet lander hos www.isin.org.<\/p>\n<p><strong>To ISIN-databaser:<\/strong> ISIN.org innehar to databaser: en privat database som inneholder millioner av ISIN-koder forbeholdt Medlemmer, og en kostnadsfri, offentlig database med begrensede s\u00f8kefunksjoner. Ved \u00e5 bli Medlem av Isin.org f\u00e5r du tilgang til millioner av ISIN-koder og har muligheten til \u00e5 representere firmaet ditt og\/eller sikkerhet til kunder i v\u00e5r offentlige database som alle har kostnadsfri tilgang til.<\/p>\n","protected":false},"excerpt":{"rendered":"<p>Legg til Din ISIN-kode Til Funksjonene Inng\u00e5r \u00e5 kunne Legge til s\u00e5 lite som \u00e9n ISIN-kode eller s\u00e5 mange du har behov for i den Offentlige databasen Opprett din egen konto, logg inn og oppdater informasjonen din ved behov Logg inn p\u00e5 din konto n\u00e5r som helst og OPPDATER din nominelle verdi, bokf\u00f8rt restverdi og&hellip;<\/p>\n","protected":false},"author":3,"featured_media":0,"parent":0,"menu_order":0,"comment_status":"closed","ping_status":"closed","template":"page-templates\/full-width.php","meta":{"om_disable_all_campaigns":false,"_monsterinsights_skip_tracking":false,"_monsterinsights_sitenote_active":false,"_monsterinsights_sitenote_note":"","_monsterinsights_sitenote_category":0,"_uf_show_specific_survey":0,"_uf_disable_surveys":false,"footnotes":""},"class_list":["post-3041","page","type-page","status-publish","hentry"],"aioseo_notices":[],"_links":{"self":[{"href":"https:\/\/www.isin.org\/nb\/wp-json\/wp\/v2\/pages\/3041","targetHints":{"allow":["GET"]}}],"collection":[{"href":"https:\/\/www.isin.org\/nb\/wp-json\/wp\/v2\/pages"}],"about":[{"href":"https:\/\/www.isin.org\/nb\/wp-json\/wp\/v2\/types\/page"}],"author":[{"embeddable":true,"href":"https:\/\/www.isin.org\/nb\/wp-json\/wp\/v2\/users\/3"}],"replies":[{"embeddable":true,"href":"https:\/\/www.isin.org\/nb\/wp-json\/wp\/v2\/comments?post=3041"}],"version-history":[{"count":0,"href":"https:\/\/www.isin.org\/nb\/wp-json\/wp\/v2\/pages\/3041\/revisions"}],"wp:attachment":[{"href":"https:\/\/www.isin.org\/nb\/wp-json\/wp\/v2\/media?parent=3041"}],"curies":[{"name":"wp","href":"https:\/\/api.w.org\/{rel}","templated":true}]}}