{"id":3036,"date":"2015-01-30T21:20:59","date_gmt":"2015-01-30T21:20:59","guid":{"rendered":"https:\/\/isinisin123.wpengine.com\/?page_id=3036"},"modified":"2025-06-17T08:31:08","modified_gmt":"2025-06-17T15:31:08","slug":"isin-prosessen","status":"publish","type":"page","link":"https:\/\/www.isin.org\/nb\/isin-prosessen\/","title":{"rendered":"ISIN-Prosessen"},"content":{"rendered":"\n\n\t<h1>ISIN-Prosessen<\/h1>\n<h2>Erverve ISIN<\/h2>\n<p>Dersom firmaet eller fondet ditt har behov for et ISIN-nummer, kan ISIN.org hjelpe til med dette. Gjennom denne nettsiden kan du erverve et ISIN-nummer for gjelds- eller aksjekapitaltilbud, risikofond, fond i fond, aksjefond, spesialfond, offentlige firmaer, private firmaer, og mye mer.<\/p>\n<h2>Tidsramme og priser for ISIN-registrering<\/h2>\n<p>Det kan ta alt fra noen f\u00e5 dager til flere dager \u00e5 s\u00f8ke om en ny ISIN-kode. Dette kommer an p\u00e5 spesifikasjonene fra firmaet. Prisene varierer fra behov til behov og bestemmes f\u00f8rst n\u00e5r s\u00f8knaden har kommet inn.<\/p>\n<h2>Hvordan g\u00e5 frem<\/h2>\n<p>Klikk p\u00e5 et av alternativene i skjemaer for S\u00f8k om ISIN. Fyll ut skjemaet og send inn. S\u00e5 snart vi har mottatt opplysningene dine, kommer vil til \u00e5 kontakte deg med videre informasjon, i arbeidstiden normalt innen en time.<\/p>\n<p><a href=\"https:\/\/www.isin.org\/apply-for-isin\/\">Klikk her for \u00e5 s\u00f8ke om en ny ISIN-kode<\/a><\/p>\n\n","protected":false},"excerpt":{"rendered":"<p>ISIN-Prosessen Erverve ISIN Dersom firmaet eller fondet ditt har behov for et ISIN-nummer, kan ISIN.org hjelpe til med dette. Gjennom denne nettsiden kan du erverve et ISIN-nummer for gjelds- eller aksjekapitaltilbud, risikofond, fond i fond, aksjefond, spesialfond, offentlige firmaer, private firmaer, og mye mer. Tidsramme og priser for ISIN-registrering Det kan ta alt fra noen&hellip;<\/p>\n","protected":false},"author":3,"featured_media":0,"parent":0,"menu_order":0,"comment_status":"closed","ping_status":"closed","template":"","meta":{"om_disable_all_campaigns":false,"_monsterinsights_skip_tracking":false,"_monsterinsights_sitenote_active":false,"_monsterinsights_sitenote_note":"","_monsterinsights_sitenote_category":0,"_uf_show_specific_survey":0,"_uf_disable_surveys":false,"footnotes":""},"class_list":["post-3036","page","type-page","status-publish","hentry"],"aioseo_notices":[],"_links":{"self":[{"href":"https:\/\/www.isin.org\/nb\/wp-json\/wp\/v2\/pages\/3036","targetHints":{"allow":["GET"]}}],"collection":[{"href":"https:\/\/www.isin.org\/nb\/wp-json\/wp\/v2\/pages"}],"about":[{"href":"https:\/\/www.isin.org\/nb\/wp-json\/wp\/v2\/types\/page"}],"author":[{"embeddable":true,"href":"https:\/\/www.isin.org\/nb\/wp-json\/wp\/v2\/users\/3"}],"replies":[{"embeddable":true,"href":"https:\/\/www.isin.org\/nb\/wp-json\/wp\/v2\/comments?post=3036"}],"version-history":[{"count":0,"href":"https:\/\/www.isin.org\/nb\/wp-json\/wp\/v2\/pages\/3036\/revisions"}],"wp:attachment":[{"href":"https:\/\/www.isin.org\/nb\/wp-json\/wp\/v2\/media?parent=3036"}],"curies":[{"name":"wp","href":"https:\/\/api.w.org\/{rel}","templated":true}]}}