{"id":3032,"date":"2015-01-30T21:16:06","date_gmt":"2015-01-30T21:16:06","guid":{"rendered":"https:\/\/isinisin123.wpengine.com\/?page_id=3032"},"modified":"2025-06-17T08:35:45","modified_gmt":"2025-06-17T15:35:45","slug":"isin","status":"publish","type":"page","link":"https:\/\/www.isin.org\/nb\/isin\/","title":{"rendered":"ISIN"},"content":{"rendered":"\n\n\t<h1>ISIN<\/h1>\n<h2>Om International Securities Identification Number (ISIN)<\/h2>\n<p>ISIN-standarden brukes over hele verden for \u00e5 identifisere spesifikke verdipapirer som obligasjoner, aksjer (ordin\u00e6re og preferanseaksjer), rentederivater, oppslagsbevis, kapitalfond, markedspapirer og aksjeopsjoner. ISIN tilegnes verdipapirer for \u00e5 forenkle utvetydige avregnings- og oppgj\u00f8rsprosedyrer. De best\u00e5r av en alfanumerisk kode p\u00e5 12 tegn og tjener til \u00e5 forene ulike ticker-koder \u00absom kan variere i vekslingskurs og valuta\u00bb for det samme verdipapiret. I USA er ISIN utvidede versjoner av 9-tegns CUSIP-nummer (Committee on Uniform Security Identification Procedures); ISIN lages ved \u00e5 legge til en landskode og et kontrollsiffer i henholdsvis begynnelsen og slutten av et CUSIP-nummer.<\/p>\n<p><a href=\"https:\/\/www.isin.org\/apply-for-isin\/\">Klikk her for \u00e5 s\u00f8ke om et ISIN<\/a><\/p>\n<h2>STRUKTUR<\/h2>\n<p>Et ISIN inneholder tre deler, som illustrert ved US-049580485-1 (strekene teller ikke, de er kun der for klarhet). Koden kan brytes ned som f\u00f8lger:<\/p>\n<ul>\n<li>En landskode p\u00e5 to bokstaver, tatt ut fra en liste (ISO 6166) utarbeidet av International Organization for Standardization (ISO). Denne koden tilegnes i henhold til lokaliseringen av firmaets hovedkontor. En spesiell kode, 'XS', brukes for internasjonale verdipapirer som er klarerte gjennom europeiske systemer som Euroclear og CEDEL. ISIN-bruk ved depotbevis er unikt siden landskoden for verdipapiret er bestemt av bilagsutstederen, og ikke det underliggende verdipapiret.<\/li>\n<li>En numerisk identifikator p\u00e5 ni tegn, kalt National Securities Identifying Number (NSIN), tildeles av National Numbering Agency (NNA) for hvert land eller region. Dersom landsnummeret best\u00e5r av mindre enn ni sifre, legges det til ledende nuller for \u00e5 lage et NSIN. Den numeriske identifikatoren har ingen reell betydning, det er bare et serienummer.<\/li>\n<li>Ett enkelt kontrollsiffer. Sifferet beregnes basert p\u00e5 de foreg\u00e5ende 11 tegnene\/sifrene ved summen av en modulo-10 algoritme, og bidrar til \u00e5 hindre forfalskede nummer.<\/li>\n<\/ul>\n<h2>Bruk<\/h2>\n<p>ISIN ble f\u00f8r betraktet \u00e5 v\u00e6re kun en sekund\u00e6r form for identifisering av verdipapirer, brukt utelukkende for klarering og oppgj\u00f8r. I de senere \u00e5rene har noen europeiske land begynt \u00e5 bruke ISIN som den prim\u00e6re identifikatoren for verdipapirer. ISIN brukes indirekte i USA og Canada siden de er bygd opp av CUSIP-nummer. Over tid ser de fleste land ut til \u00e5 v\u00e6re villige til \u00e5 innf\u00f8re ISIN-nummerering enten som prim\u00e6r eller sekund\u00e6r identifikator for administrering av ISIN.<\/p>\n<p>CUSIP (eid av American Bankers Association og drevet av Standard &amp; Poor's) og dets arbeid med CUSIP-nummer. Tilsvarende i Storbritannia med Stock Exchange Daily Offical List (SEDOL) ved Londonb\u00f8rsen. Sveitsiske NNA Telekurswork med sitt Valor-nummer og mer.<\/p>\n<p>Universell anerkjennelse av ISIN er viktig for \u00e5 oppn\u00e5 m\u00e5let om den globale direkteh\u00e5ndterings prosessen (GSTP), som er den elektroniske h\u00e5ndteringen av handelsklarering og oppgj\u00f8r uten manuell innblanding. ISIN brukes av aksjeverger for \u00e5 spore andeler til institusjonelle investorer i et format som er forenlig med alle verdensmarkeder.<\/p>\n<p><a href=\"https:\/\/www.isin.org\/apply-for-isin\/\">Klikk her for \u00e5 s\u00f8ke om et ISIN-nummer<\/a><\/p>\n\n","protected":false},"excerpt":{"rendered":"<p>ISIN Om International Securities Identification Number (ISIN) ISIN-standarden brukes over hele verden for \u00e5 identifisere spesifikke verdipapirer som obligasjoner, aksjer (ordin\u00e6re og preferanseaksjer), rentederivater, oppslagsbevis, kapitalfond, markedspapirer og aksjeopsjoner. ISIN tilegnes verdipapirer for \u00e5 forenkle utvetydige avregnings- og oppgj\u00f8rsprosedyrer. De best\u00e5r av en alfanumerisk kode p\u00e5 12 tegn og tjener til \u00e5 forene ulike ticker-koder&hellip;<\/p>\n","protected":false},"author":3,"featured_media":0,"parent":0,"menu_order":0,"comment_status":"closed","ping_status":"closed","template":"","meta":{"om_disable_all_campaigns":false,"_monsterinsights_skip_tracking":false,"_monsterinsights_sitenote_active":false,"_monsterinsights_sitenote_note":"","_monsterinsights_sitenote_category":0,"_uf_show_specific_survey":0,"_uf_disable_surveys":false,"footnotes":""},"class_list":["post-3032","page","type-page","status-publish","hentry"],"aioseo_notices":[],"_links":{"self":[{"href":"https:\/\/www.isin.org\/nb\/wp-json\/wp\/v2\/pages\/3032","targetHints":{"allow":["GET"]}}],"collection":[{"href":"https:\/\/www.isin.org\/nb\/wp-json\/wp\/v2\/pages"}],"about":[{"href":"https:\/\/www.isin.org\/nb\/wp-json\/wp\/v2\/types\/page"}],"author":[{"embeddable":true,"href":"https:\/\/www.isin.org\/nb\/wp-json\/wp\/v2\/users\/3"}],"replies":[{"embeddable":true,"href":"https:\/\/www.isin.org\/nb\/wp-json\/wp\/v2\/comments?post=3032"}],"version-history":[{"count":0,"href":"https:\/\/www.isin.org\/nb\/wp-json\/wp\/v2\/pages\/3032\/revisions"}],"wp:attachment":[{"href":"https:\/\/www.isin.org\/nb\/wp-json\/wp\/v2\/media?parent=3032"}],"curies":[{"name":"wp","href":"https:\/\/api.w.org\/{rel}","templated":true}]}}