{"id":2044,"date":"2014-12-17T23:42:28","date_gmt":"2014-12-17T23:42:28","guid":{"rendered":"https:\/\/isinisin123.wpengine.com\/?page_id=2044"},"modified":"2014-12-17T23:46:26","modified_gmt":"2014-12-17T23:46:26","slug":"servizi","status":"publish","type":"page","link":"https:\/\/www.isin.org\/it\/servizi\/","title":{"rendered":"Servizi"},"content":{"rendered":"<h1>Services<\/h1>\n<p>The ISIN Organization, or <a href=\"https:\/\/isinisin123.wpengine.com\">ISIN.org<\/a>, offers many services and resources for those interested in the International Securities Identification Number market and sphere.<\/p>\n<h2>Richiedere e ottenere un codice ISIN <\/h2>\n<p>Se la sua azienda ha bisogno di un codice ISIN, \u00e8 possibile effettuarne la richiesta direttamente sul sito ISIN.org. Offriamo il nostro aiuto sia alle societ\u00e0 private che a quelle che intendono diventare pubbliche. I codici ISIN sono rilasciati per un\u2019ampia variet\u00e0 di titoli per qualsiasi giurisdizione in tutto il mondo, per qualsiasi tipo di emissione, sia azionaria che obbligazionaria, per azioni, obbligazioni e molto altro. Le societ\u00e0, le fondazioni, le banche e una moltitudine di altri enti utilizzano i codici ISIN a scopo d\u2019identificazione dei titoli. Scelga il modulo adatto di richiesta ISIN o ci invii un\u2019e-mail con la sua richiesta per ottenere un codice.  <a href=\"https:\/\/www.isin.org\/it\/richiedere-codice-isin\/\"><span style=\"text-decoration: underline;\"><strong>CLICCA QUI PER RICHIEDERE UN NUOVO CODICE ISIN<\/strong><\/span><\/a><\/p>\n<h2>Risorse<\/h2>\n<p>ISIN.org offre numerose risorse gratuite per coloro che cercano informazioni o desiderano accedere ai codici ISIN. Sono inoltre disponibili sul nostro sito gli andamenti storici dei codici ISIN delle obbligazioni e delle azioni, incluse le obbligazioni a breve termine, a medio termine e a lungo termine, gli Eurobond, i titoli finanziari asiatici e molto altro.<br \/>\nSe ha bisogno di risorse o di assistenza per elementi non disponibili nel sito, ci invii un\u2019e-mail. ISIN.org cercher\u00e0 di indirizzarla nella giusta direzione.<\/p>\n<h2>Database e pubblicazione del suo Codice ISIN \u2013 Iscrizione<\/h2>\n<p>Dia visibilit\u00e0 mondiale ai suoi titoli e crei il suo account personale con ISIN.org, dove \u00e8 possibile inoltre inserire il suo ISIN o le informazioni relative alla sua societ\u00e0.<\/p>\n<p>ISIN.org \u00e8 un sito dedicato all\u2019agevolazione e alla diffusione dei codici ISIN in tutto il mondo. I codici ISIN aiutano a identificare i titoli e rappresentano il metodo preferito di identificazione dei titoli della maggior parte delle borse valori e societ\u00e0 di tutto il mondo. Possedere o ottenere un codice ISIN non \u00e8 una scelta, \u00e8 un dovere.<br \/>\n <a href=\"https:\/\/www.isin.org\/it\/iscrizione\/\">SI ISCRIVA QUI<\/a><\/p>\n<p><a href=\"https:\/\/www.isin.org\/it\/contatti\/\" class=\"red-button\">Contatti ISIN.org<\/a><\/p>\n","protected":false},"excerpt":{"rendered":"<p>Services The ISIN Organization, or ISIN.org, offers many services and resources for those interested in the International Securities Identification Number market and sphere. Richiedere e ottenere un codice ISIN Se la sua azienda ha bisogno di un codice ISIN, \u00e8 possibile effettuarne la richiesta direttamente sul sito ISIN.org. Offriamo il nostro aiuto sia alle societ\u00e0&hellip;<\/p>\n","protected":false},"author":3,"featured_media":0,"parent":0,"menu_order":0,"comment_status":"closed","ping_status":"closed","template":"","meta":{"om_disable_all_campaigns":false,"_monsterinsights_skip_tracking":false,"_monsterinsights_sitenote_active":false,"_monsterinsights_sitenote_note":"","_monsterinsights_sitenote_category":0,"_uf_show_specific_survey":0,"_uf_disable_surveys":false,"footnotes":""},"class_list":["post-2044","page","type-page","status-publish","hentry"],"aioseo_notices":[],"_links":{"self":[{"href":"https:\/\/www.isin.org\/it\/wp-json\/wp\/v2\/pages\/2044","targetHints":{"allow":["GET"]}}],"collection":[{"href":"https:\/\/www.isin.org\/it\/wp-json\/wp\/v2\/pages"}],"about":[{"href":"https:\/\/www.isin.org\/it\/wp-json\/wp\/v2\/types\/page"}],"author":[{"embeddable":true,"href":"https:\/\/www.isin.org\/it\/wp-json\/wp\/v2\/users\/3"}],"replies":[{"embeddable":true,"href":"https:\/\/www.isin.org\/it\/wp-json\/wp\/v2\/comments?post=2044"}],"version-history":[{"count":0,"href":"https:\/\/www.isin.org\/it\/wp-json\/wp\/v2\/pages\/2044\/revisions"}],"wp:attachment":[{"href":"https:\/\/www.isin.org\/it\/wp-json\/wp\/v2\/media?parent=2044"}],"curies":[{"name":"wp","href":"https:\/\/api.w.org\/{rel}","templated":true}]}}