{"id":2021,"date":"2014-12-17T15:20:00","date_gmt":"2014-12-17T15:20:00","guid":{"rendered":"https:\/\/isinisin123.wpengine.com\/?page_id=2021"},"modified":"2025-03-18T14:49:39","modified_gmt":"2025-03-18T21:49:39","slug":"iscrizione","status":"publish","type":"page","link":"https:\/\/www.isin.org\/it\/iscrizione\/","title":{"rendered":"Iscrizione"},"content":{"rendered":"\n\n<h2>Funzionalit\u00e0 dell'iscrizione:<\/h2>\n<ul>\n<li>Accesso COMPLETO al database di ISIN.org.<\/li>\n<li>Inserimento nel database pubblico di tutti i suoi codici ISIN.<\/li>\n<li>Accesso al suo account in ogni momento e AGGIORNAMENTO del suo valore nominale, il NAV e molte altre informazioni.<\/li>\n<li>Il suo codice ISIN rimarr\u00e0 all'interno del Database Pubblico per sempre, anche in caso di disiscrizione.<\/li>\n<li>Possibilit\u00e0 di contattarci in merito alle ricerche degli ISIN.<\/li>\n<li>Inserimento nel database pubblico di tutti i codici ISIN desiderati, anche di uno solo.<\/li>\n<li>Aumento della visibilit\u00e0 dei suoi prodotti finanziari.<\/li>\n<li>Richiesta assistenza sui codici ISIN sul sito ISIN.org.<\/li>\n<\/ul>\n<h1>Iscrizione<\/h1>\n<p><strong>Database ISIN:<\/strong> L'organizzazione ISIN (ISIN.org) vanta il pi\u00f9 grande database indipendente di codici ISIN al mondo.<\/p>\n<p><strong>ISIN.ORG<\/strong> \u00e8 il sito web migliore al mondo per le ricerche di codici ISIN. La maggior parte delle ricerche approdano proprio sul sito www.isin.org<\/p>\n<p><strong>Due database ISIN:<\/strong> ISIN.org vanta ben due database: uno privato con milioni di codici ISIN, riservato agli iscritti e uno pubblico, gratuito, con funzioni di ricerca limitate. Iscrivendosi a Isin.org avr\u00e0 accesso a milioni di codici ISIN e la possibilit\u00e0 di mostrare la sua societ\u00e0 e\/o i suoi titoli finanziari ai clienti sul nostro database visibile a tutti gratuitamente. <\/p>\n\n","protected":false},"excerpt":{"rendered":"<p>Funzionalit\u00e0 dell&#8217;iscrizione: Accesso COMPLETO al database di ISIN.org. Inserimento nel database pubblico di tutti i suoi codici ISIN. Accesso al suo account in ogni momento e AGGIORNAMENTO del suo valore nominale, il NAV e molte altre informazioni. Il suo codice ISIN rimarr\u00e0 all&#8217;interno del Database Pubblico per sempre, anche in caso di disiscrizione. Possibilit\u00e0 di&hellip;<\/p>\n","protected":false},"author":3,"featured_media":0,"parent":0,"menu_order":0,"comment_status":"closed","ping_status":"closed","template":"","meta":{"om_disable_all_campaigns":false,"_monsterinsights_skip_tracking":false,"_monsterinsights_sitenote_active":false,"_monsterinsights_sitenote_note":"","_monsterinsights_sitenote_category":0,"_uf_show_specific_survey":0,"_uf_disable_surveys":false,"footnotes":""},"class_list":["post-2021","page","type-page","status-publish","hentry"],"aioseo_notices":[],"_links":{"self":[{"href":"https:\/\/www.isin.org\/it\/wp-json\/wp\/v2\/pages\/2021","targetHints":{"allow":["GET"]}}],"collection":[{"href":"https:\/\/www.isin.org\/it\/wp-json\/wp\/v2\/pages"}],"about":[{"href":"https:\/\/www.isin.org\/it\/wp-json\/wp\/v2\/types\/page"}],"author":[{"embeddable":true,"href":"https:\/\/www.isin.org\/it\/wp-json\/wp\/v2\/users\/3"}],"replies":[{"embeddable":true,"href":"https:\/\/www.isin.org\/it\/wp-json\/wp\/v2\/comments?post=2021"}],"version-history":[{"count":0,"href":"https:\/\/www.isin.org\/it\/wp-json\/wp\/v2\/pages\/2021\/revisions"}],"wp:attachment":[{"href":"https:\/\/www.isin.org\/it\/wp-json\/wp\/v2\/media?parent=2021"}],"curies":[{"name":"wp","href":"https:\/\/api.w.org\/{rel}","templated":true}]}}