{"id":1999,"date":"2014-12-17T14:51:52","date_gmt":"2014-12-17T14:51:52","guid":{"rendered":"https:\/\/isinisin123.wpengine.com\/?page_id=1999"},"modified":"2014-12-17T15:09:15","modified_gmt":"2014-12-17T15:09:15","slug":"inserimento-isin","status":"publish","type":"page","link":"https:\/\/www.isin.org\/it\/inserimento-isin\/","title":{"rendered":"Inserimento ISIN"},"content":{"rendered":"<div id=\"add-code\">\n<h2>Inserisca il suo Codice ISIN<\/h2>\n<p>Il servizio comprende l\u2019inserimento nel database pubblico di tutti i codici ISIN desiderati, anche di uno solo.<\/p>\n<ul>\n<li>Crei il suo account personale, acceda e aggiorni le sue informazioni in ogni momento.<\/li>\n<li>Acceda al suo account in ogni momento e AGGIORNI il suo valore nominale, il NAV e molte altre informazioni.<\/li>\n<li>L\u2019inserimento nel database permetter\u00e0 al suo codice ISIN di essere cercato e visualizzato da chiunque grazie al nostro Database Pubblico Gratuito.<\/li>\n<li> Il suo codice ISIN rimarr\u00e0 all\u2019interno del Database Pubblico per sempre.<\/li>\n<li>Avr\u00e0 accesso al Database Privato contenente milioni di codici.<\/li>\n<li class=\"features\">Funzionalit\u00e0 incluse<\/li>\n<li>Creazione dell\u2019account personale, accessi e aggiornamenti illimitati.<\/li>\n<li>Inserimento nel database pubblico di tutti i codici desiderati.<\/li>\n<li>Accesso alle schede ISIN<\/li>\n<li class=\"features\">Inoltre<\/li>\n<li>Possibilit\u00e0 di contattarci in merito alle ricerche degli ISIN e consulenze.<\/li>\n<li>Sicurezza avanzata<\/li>\n<li>Servizio assistenza ISIN<\/li>\n<\/ul>\n<p style=\"margin-left: 75px\"><a href=\"https:\/\/www.isin.org\/it\/acquisto-iscrizione\/\" class=\"red-button\">Costi<\/a><\/p>\n<\/div>\n<h1 style=\"clear:none\">INSERISCA il suo codice ISIN nel nostro database pubblico, sar\u00e0 visibile a tutti.<\/h1>\n<p><strong>Database ISIN:<\/strong> L\u2019organizzazione ISIN (ISIN.org) vanta il pi\u00f9 grande database indipendente di codici ISIN al mondo.<\/p>\n<p><strong>ISIN.ORG<\/strong> \u00e8 il sito web migliore al mondo per le ricerche di codici ISIN. La maggior parte delle ricerche approdano proprio sul sito www.isin.org.<\/p>\n<p><strong>Due database ISIN:<\/strong> ISIN.org vanta ben due database: uno privato con milioni di codici ISIN, riservato agli iscritti e uno pubblico, gratuito, con funzioni di ricerca limitate. Iscrivendosi a Isin.org avr\u00e0 accesso a milioni di codici ISIN e la possibilit\u00e0 di mostrare la sua societ\u00e0 e\/o i suoi titoli finanziari ai clienti sul nostro database visibile a tutti gratuitamente.<\/p>\n","protected":false},"excerpt":{"rendered":"<p>Inserisca il suo Codice ISIN Il servizio comprende l\u2019inserimento nel database pubblico di tutti i codici ISIN desiderati, anche di uno solo. Crei il suo account personale, acceda e aggiorni le sue informazioni in ogni momento. Acceda al suo account in ogni momento e AGGIORNI il suo valore nominale, il NAV e molte altre informazioni.&hellip;<\/p>\n","protected":false},"author":3,"featured_media":0,"parent":0,"menu_order":0,"comment_status":"closed","ping_status":"closed","template":"page-templates\/full-width.php","meta":{"om_disable_all_campaigns":false,"_monsterinsights_skip_tracking":false,"_monsterinsights_sitenote_active":false,"_monsterinsights_sitenote_note":"","_monsterinsights_sitenote_category":0,"_uf_show_specific_survey":0,"_uf_disable_surveys":false,"footnotes":""},"class_list":["post-1999","page","type-page","status-publish","hentry"],"aioseo_notices":[],"_links":{"self":[{"href":"https:\/\/www.isin.org\/it\/wp-json\/wp\/v2\/pages\/1999","targetHints":{"allow":["GET"]}}],"collection":[{"href":"https:\/\/www.isin.org\/it\/wp-json\/wp\/v2\/pages"}],"about":[{"href":"https:\/\/www.isin.org\/it\/wp-json\/wp\/v2\/types\/page"}],"author":[{"embeddable":true,"href":"https:\/\/www.isin.org\/it\/wp-json\/wp\/v2\/users\/3"}],"replies":[{"embeddable":true,"href":"https:\/\/www.isin.org\/it\/wp-json\/wp\/v2\/comments?post=1999"}],"version-history":[{"count":0,"href":"https:\/\/www.isin.org\/it\/wp-json\/wp\/v2\/pages\/1999\/revisions"}],"wp:attachment":[{"href":"https:\/\/www.isin.org\/it\/wp-json\/wp\/v2\/media?parent=1999"}],"curies":[{"name":"wp","href":"https:\/\/api.w.org\/{rel}","templated":true}]}}