{"id":1993,"date":"2014-12-17T14:47:10","date_gmt":"2014-12-17T14:47:10","guid":{"rendered":"https:\/\/isinisin123.wpengine.com\/?page_id=1993"},"modified":"2025-06-17T10:11:10","modified_gmt":"2025-06-17T17:11:10","slug":"procedura-isin","status":"publish","type":"page","link":"https:\/\/www.isin.org\/it\/procedura-isin\/","title":{"rendered":"Procedura ISIN"},"content":{"rendered":"\n\n\t<h1>La procedura d'ottenimento del codice ISIN<\/h1>\n<h2>Ottenere il codice ISIN<\/h2>\n<p>Se ha bisogno di un codice ISIN per la sua azienda o il suo fondo, ISIN.org \u00e8 il sito giusto; infatti \u00e8 possibile ottenere un codice ISIN per emissione di obbligazioni o di azioni, fondi speculativi, fondi di fondi, fondi d'investimento, fondi esclusivi, public company o private company.<\/p>\n<p><a href=\"https:\/\/www.isin.org\/apply-for-isin\/\">Cliccare qui per richiedere un codice ISIN<\/a><\/p>\n<h2>Tempi e costi della registrazione ISIN<\/h2>\n<p>L'assegnazione del nuovo codice ISIN pu\u00f2 richiedere da uno a pi\u00f9 giorni, ci\u00f2 dipende dalle specifiche dell'azienda. I costi variano in base alle esigenze, sar\u00e0 possibile definirli solo una volta eseguita la richiesta.<\/p>\n<p><a href=\"https:\/\/www.isin.org\/apply-for-isin\/\">Cliccare qui per richiedere un codice ISIN<\/a><\/p>\n<h2>Come procedere<\/h2>\n<p>\u00c8 sufficiente cliccare su uno dei moduli disponibili nella sezione Richiedere un codice ISIN. Compili il modulo e lo invii. Una volta ricevuti i suoi dati la contatteremo per le operazioni successive, solitamente entro un'ora dalla sua richiesta, in orari d'ufficio.<\/p>\n<p><a href=\"https:\/\/www.isin.org\/it\/richiedere-codice-isin\/\">Cliccare qui per richiedere un codice ISIN<\/a><\/p>\n\n","protected":false},"excerpt":{"rendered":"<p>La procedura d&#8217;ottenimento del codice ISIN Ottenere il codice ISIN Se ha bisogno di un codice ISIN per la sua azienda o il suo fondo, ISIN.org \u00e8 il sito giusto; infatti \u00e8 possibile ottenere un codice ISIN per emissione di obbligazioni o di azioni, fondi speculativi, fondi di fondi, fondi d&#8217;investimento, fondi esclusivi, public company&hellip;<\/p>\n","protected":false},"author":3,"featured_media":0,"parent":0,"menu_order":0,"comment_status":"closed","ping_status":"closed","template":"","meta":{"om_disable_all_campaigns":false,"_monsterinsights_skip_tracking":false,"_monsterinsights_sitenote_active":false,"_monsterinsights_sitenote_note":"","_monsterinsights_sitenote_category":0,"_uf_show_specific_survey":0,"_uf_disable_surveys":false,"footnotes":""},"class_list":["post-1993","page","type-page","status-publish","hentry"],"aioseo_notices":[],"_links":{"self":[{"href":"https:\/\/www.isin.org\/it\/wp-json\/wp\/v2\/pages\/1993","targetHints":{"allow":["GET"]}}],"collection":[{"href":"https:\/\/www.isin.org\/it\/wp-json\/wp\/v2\/pages"}],"about":[{"href":"https:\/\/www.isin.org\/it\/wp-json\/wp\/v2\/types\/page"}],"author":[{"embeddable":true,"href":"https:\/\/www.isin.org\/it\/wp-json\/wp\/v2\/users\/3"}],"replies":[{"embeddable":true,"href":"https:\/\/www.isin.org\/it\/wp-json\/wp\/v2\/comments?post=1993"}],"version-history":[{"count":0,"href":"https:\/\/www.isin.org\/it\/wp-json\/wp\/v2\/pages\/1993\/revisions"}],"wp:attachment":[{"href":"https:\/\/www.isin.org\/it\/wp-json\/wp\/v2\/media?parent=1993"}],"curies":[{"name":"wp","href":"https:\/\/api.w.org\/{rel}","templated":true}]}}