{"id":2010,"date":"2014-12-17T15:11:14","date_gmt":"2014-12-17T15:11:14","guid":{"rendered":"https:\/\/isinisin123.wpengine.com\/?page_id=2010"},"modified":"2014-12-17T15:13:55","modified_gmt":"2014-12-17T15:13:55","slug":"souscription-adherence","status":"publish","type":"page","link":"https:\/\/www.isin.org\/fr\/souscription-adherence\/","title":{"rendered":"Souscription Adh\u00e9rence"},"content":{"rendered":"<h1>Souscription Adh\u00e9rence<\/h1>\n<p>Veuillez nous \u00e9crire \u00e0 l\u2019adresse <a href=\"mailto:database@isin.org\">database@isin.org<\/a> pour conna\u00eetre les modalit\u00e9s de paiement. D\u00e8s que nous recevrons votre paiement, nous vous ferons parvenir par mail votre nom d\u2019utilisateur et votre mot de passe pour acc\u00e9der \u00e0 la base de donn\u00e9es.<\/p>\n<h2>EMAIL : <a href=\"mailto:database@isin.org\">database@isin.org<\/a><\/h2>\n","protected":false},"excerpt":{"rendered":"<p>Souscription Adh\u00e9rence Veuillez nous \u00e9crire \u00e0 l\u2019adresse database@isin.org pour conna\u00eetre les modalit\u00e9s de paiement. D\u00e8s que nous recevrons votre paiement, nous vous ferons parvenir par mail votre nom d\u2019utilisateur et votre mot de passe pour acc\u00e9der \u00e0 la base de donn\u00e9es. EMAIL : database@isin.org<\/p>\n","protected":false},"author":3,"featured_media":0,"parent":0,"menu_order":0,"comment_status":"closed","ping_status":"closed","template":"","meta":{"om_disable_all_campaigns":false,"_monsterinsights_skip_tracking":false,"_monsterinsights_sitenote_active":false,"_monsterinsights_sitenote_note":"","_monsterinsights_sitenote_category":0,"_uf_show_specific_survey":0,"_uf_disable_surveys":false,"footnotes":""},"class_list":["post-2010","page","type-page","status-publish","hentry"],"aioseo_notices":[],"_links":{"self":[{"href":"https:\/\/www.isin.org\/fr\/wp-json\/wp\/v2\/pages\/2010","targetHints":{"allow":["GET"]}}],"collection":[{"href":"https:\/\/www.isin.org\/fr\/wp-json\/wp\/v2\/pages"}],"about":[{"href":"https:\/\/www.isin.org\/fr\/wp-json\/wp\/v2\/types\/page"}],"author":[{"embeddable":true,"href":"https:\/\/www.isin.org\/fr\/wp-json\/wp\/v2\/users\/3"}],"replies":[{"embeddable":true,"href":"https:\/\/www.isin.org\/fr\/wp-json\/wp\/v2\/comments?post=2010"}],"version-history":[{"count":0,"href":"https:\/\/www.isin.org\/fr\/wp-json\/wp\/v2\/pages\/2010\/revisions"}],"wp:attachment":[{"href":"https:\/\/www.isin.org\/fr\/wp-json\/wp\/v2\/media?parent=2010"}],"curies":[{"name":"wp","href":"https:\/\/api.w.org\/{rel}","templated":true}]}}