{"id":1916,"date":"2014-12-15T20:00:10","date_gmt":"2014-12-15T20:00:10","guid":{"rendered":"https:\/\/isinisin123.wpengine.com\/?page_id=1916"},"modified":"2014-12-17T14:12:56","modified_gmt":"2014-12-17T14:12:56","slug":"services","status":"publish","type":"page","link":"https:\/\/www.isin.org\/fr\/services\/","title":{"rendered":"Services"},"content":{"rendered":"<h1>Services<\/h1>\n<p>L\u2019Organisation ISIN, ou isin.org, propose de nombreux services et ressources destin\u00e9s \u00e0 ceux qui s\u2019int\u00e9ressent au march\u00e9 ISIN (International Securities Identification Number).<\/p>\n<h2>Faites une demande et obtenez un code ISIN<\/h2>\n<p>Si votre entreprise a besoin d\u2019un code ISIN, vous pouvez faire une demande directement sur isin.org. Nous proposons nos services aux entreprises priv\u00e9es comme aux entreprises publiques. Les codes ISIN sont attribu\u00e9s pour une grande vari\u00e9t\u00e9 de titres et pour toutes les juridictions du monde virtuellement, pour toutes sortes de projets, qu\u2019il s\u2019agisse d\u2019actions ou d\u2019obligations, etc. Les soci\u00e9t\u00e9s, fonds, banques et un grand nombre d\u2019autres entit\u00e9s utilisent les codes ISIN pour l\u2019identification de leurs titres. Choisissez la demande de code ISIN la plus adapt\u00e9e ou contactez-nous par email pour obtenir un code ISIN.  <a href=\"https:\/\/www.isin.org\/fr\/faire-une-demande-de-code-isin\/\"><span style=\"text-decoration: underline;\"><strong>CLIQUEZ ICI POUR OBTENIR UN CODE ISIN<\/strong><\/span><\/a><\/p>\n<h2>Ressources<\/h2>\n<p>isin.org met gratuitement de nombreuses ressources \u00e0 la disposition de ceux qui recherchent des information au sujet des codes ISIN. Des exemples de codes ISIN pour des actions et des obligations sont aussi disponible sur notre site, notamment des billets \u00e0 court, moyen et long terme, Eurobonds, titres asiatiques etc.<\/p>\n<p>Si vous avez besoin d\u2019aide ou de ressources particuli\u00e8res que vous n\u2019avez pas trouv\u00e9es sur notre site, \u00e9crivez-nous. isin.org peut vous guider vers ce qui vous correspond.<\/p>\n<h2>Base de donn\u00e9es et mise en ligne de votre code ISIN - Adh\u00e9rence<\/h2>\n<p>Affichez largement vos titres, cr\u00e9ez un compte sur isin.org et renseignez les informations de votre ISIN et de votre soci\u00e9t\u00e9.<\/p>\n<p>Isin.org est destin\u00e9 \u00e0 faciliter et a diffuser l\u2019utilisation des codes ISIN dans le monde. Les codes ISIN aident \u00e0 identifier les titres, et c\u2019est la m\u00e9thode la plus utilis\u00e9e pour la plupart des transactions sur les march\u00e9s financiers internationaux. L\u2019obtention d\u2019un code ISIN n\u2019est pas facultative ; c\u2019est une norme.  <a href=\"https:\/\/www.isin.org\/fr\/faire-une-demande-de-code-isin\/\"><strong>DEVENEZ ADHERENT ICI<\/strong><\/a><\/p>\n<p><a href=\"https:\/\/www.isin.org\/fr\/contact-us\/\"class=\"red-button\">Contacter isin.org<\/a><\/p>\n","protected":false},"excerpt":{"rendered":"<p>Services L\u2019Organisation ISIN, ou isin.org, propose de nombreux services et ressources destin\u00e9s \u00e0 ceux qui s\u2019int\u00e9ressent au march\u00e9 ISIN (International Securities Identification Number). Faites une demande et obtenez un code ISIN Si votre entreprise a besoin d\u2019un code ISIN, vous pouvez faire une demande directement sur isin.org. Nous proposons nos services aux entreprises priv\u00e9es comme&hellip;<\/p>\n","protected":false},"author":3,"featured_media":0,"parent":0,"menu_order":0,"comment_status":"closed","ping_status":"closed","template":"","meta":{"om_disable_all_campaigns":false,"_monsterinsights_skip_tracking":false,"_monsterinsights_sitenote_active":false,"_monsterinsights_sitenote_note":"","_monsterinsights_sitenote_category":0,"_uf_show_specific_survey":0,"_uf_disable_surveys":false,"footnotes":""},"class_list":["post-1916","page","type-page","status-publish","hentry"],"aioseo_notices":[],"_links":{"self":[{"href":"https:\/\/www.isin.org\/fr\/wp-json\/wp\/v2\/pages\/1916","targetHints":{"allow":["GET"]}}],"collection":[{"href":"https:\/\/www.isin.org\/fr\/wp-json\/wp\/v2\/pages"}],"about":[{"href":"https:\/\/www.isin.org\/fr\/wp-json\/wp\/v2\/types\/page"}],"author":[{"embeddable":true,"href":"https:\/\/www.isin.org\/fr\/wp-json\/wp\/v2\/users\/3"}],"replies":[{"embeddable":true,"href":"https:\/\/www.isin.org\/fr\/wp-json\/wp\/v2\/comments?post=1916"}],"version-history":[{"count":0,"href":"https:\/\/www.isin.org\/fr\/wp-json\/wp\/v2\/pages\/1916\/revisions"}],"wp:attachment":[{"href":"https:\/\/www.isin.org\/fr\/wp-json\/wp\/v2\/media?parent=1916"}],"curies":[{"name":"wp","href":"https:\/\/api.w.org\/{rel}","templated":true}]}}