{"id":1876,"date":"2014-12-15T19:18:21","date_gmt":"2014-12-15T19:18:21","guid":{"rendered":"https:\/\/isinisin123.wpengine.com\/?page_id=1876"},"modified":"2015-01-02T16:06:21","modified_gmt":"2015-01-02T16:06:21","slug":"ajouter-un-isin","status":"publish","type":"page","link":"https:\/\/www.isin.org\/fr\/ajouter-un-isin\/","title":{"rendered":"Ajouter un ISIN"},"content":{"rendered":"<div id=\"add-code\">\n<h2>Ajoutez votre code ISIN<\/h2>\n<p>Vous pouvez ajouter un code ISIN ou plus \u00e0 la base de donn\u00e9es publique.<\/p>\n<ul>\n<li>Cr\u00e9ez votre compte et connectez-vous pour mettre \u00e0 jour vos coordonn\u00e9es n\u2019importe quand<\/li>\n<li>Connectez-vous et mettez \u00e0 jour votre valeur nominale, la valeur nette de vos biens ou toute autre information n\u2019importe quand<\/li>\n<li>Faire partie de notre base de donn\u00e9es permet \u00e0 n\u2019importe qui de rechercher et visualiser votre ISIN dans notre base de donn\u00e9es publique gratuite<\/li>\n<li>Votre code ISIN restera dans notre base de donn\u00e9e publique \u00e0 vie<\/li>\n<li>Vous aurez aussi acc\u00e8s \u00e0 la base de donn\u00e9es priv\u00e9e contenant des millions de codes<\/li>\n<li class=\"features\">Fonctionnalit\u00e9s<\/li>\n<li>Cr\u00e9ez un compte, connectez-vous aussi souvent que vous le souhaitez et mettez \u00e0 jour vos donn\u00e9es<\/li>\n<li>Ajoutez autant de profils ISIN que vous le souhaitez \u00e0 la base de donn\u00e9es publique<\/li>\n<li>Acc\u00e9dez au registre ISIN<\/li>\n<li class=\"features\">Aussi<\/li>\n<li>Possibilit\u00e9 de nous contacter pour vos questions sur les recherches ou la consultation d\u2019ISIN<\/li>\n<li>S\u00e9curit\u00e9 renforc\u00e9e<\/li>\n<li>Service d\u2019aide ISIN<\/li>\n<\/ul>\n<p style=\"margin-left: 75px\"><a href=\"https:\/\/www.isin.org\/fr\/souscription-adherence\/\" class=\"red-button\">Ajoutez votre code ISIN<\/a><\/p>\n<\/div>\n<h1 style=\"clear:none\">Ajouter votre\/vos code(s) ISIN \u00e0 notre base de donn\u00e9es pour le(s) rendre visible(s).<\/h1>\n<p><strong>Base de donn\u00e9es ISIN :<\/strong> ThL\u2019Organisation ISIN (isin.org) poss\u00e8de la plus grande base de donn\u00e9es ind\u00e9pendante dans le monde.<\/p>\n<p><strong>ISIN.ORG<\/strong> est l\u2019adresse internet la mieux class\u00e9e pour les recherches d\u2019ISIN dans le monde entier. La plupart des recherches de codes ISIN sur le web passent par www.isin.org.<\/p>\n<p><strong>Deux bases de donn\u00e9es ISIN :<\/strong> isin.org poss\u00e8de deux bases de donn\u00e9es : une base de donn\u00e9es priv\u00e9e pour les adh\u00e9rents qui r\u00e9pertorie des millions de codes ISIN, et une basse de donn\u00e9e publique gratuite avec des fonctions de recherche limit\u00e9es. En devenant adh\u00e9rent d\u2019isin.org, vous avez acc\u00e8s \u00e0 des millions de codes ISIN, et la possibilit\u00e9 de mettre votre soci\u00e9t\u00e9 et\/ou vos titres \u00e0 la dispositions des clients dans notre base de donn\u00e9es pour permettre \u00e0 tous de les rechercher et de les visualiser gratuitement.<\/p>\n","protected":false},"excerpt":{"rendered":"<p>Ajoutez votre code ISIN Vous pouvez ajouter un code ISIN ou plus \u00e0 la base de donn\u00e9es publique. Cr\u00e9ez votre compte et connectez-vous pour mettre \u00e0 jour vos coordonn\u00e9es n\u2019importe quand Connectez-vous et mettez \u00e0 jour votre valeur nominale, la valeur nette de vos biens ou toute autre information n\u2019importe quand Faire partie de notre&hellip;<\/p>\n","protected":false},"author":3,"featured_media":0,"parent":0,"menu_order":0,"comment_status":"closed","ping_status":"closed","template":"page-templates\/full-width.php","meta":{"om_disable_all_campaigns":false,"_monsterinsights_skip_tracking":false,"_monsterinsights_sitenote_active":false,"_monsterinsights_sitenote_note":"","_monsterinsights_sitenote_category":0,"_uf_show_specific_survey":0,"_uf_disable_surveys":false,"footnotes":""},"class_list":["post-1876","page","type-page","status-publish","hentry"],"aioseo_notices":[],"_links":{"self":[{"href":"https:\/\/www.isin.org\/fr\/wp-json\/wp\/v2\/pages\/1876","targetHints":{"allow":["GET"]}}],"collection":[{"href":"https:\/\/www.isin.org\/fr\/wp-json\/wp\/v2\/pages"}],"about":[{"href":"https:\/\/www.isin.org\/fr\/wp-json\/wp\/v2\/types\/page"}],"author":[{"embeddable":true,"href":"https:\/\/www.isin.org\/fr\/wp-json\/wp\/v2\/users\/3"}],"replies":[{"embeddable":true,"href":"https:\/\/www.isin.org\/fr\/wp-json\/wp\/v2\/comments?post=1876"}],"version-history":[{"count":0,"href":"https:\/\/www.isin.org\/fr\/wp-json\/wp\/v2\/pages\/1876\/revisions"}],"wp:attachment":[{"href":"https:\/\/www.isin.org\/fr\/wp-json\/wp\/v2\/media?parent=1876"}],"curies":[{"name":"wp","href":"https:\/\/api.w.org\/{rel}","templated":true}]}}