{"id":1865,"date":"2014-12-15T19:02:48","date_gmt":"2014-12-15T19:02:48","guid":{"rendered":"https:\/\/isinisin123.wpengine.com\/?page_id=1865"},"modified":"2025-03-18T14:34:52","modified_gmt":"2025-03-18T21:34:52","slug":"isin","status":"publish","type":"page","link":"https:\/\/www.isin.org\/fr\/isin\/","title":{"rendered":"ISIN"},"content":{"rendered":"\n\n\t<h1>ISIN<\/h1>\n<h2>\u00c0 propos de l'ISIN (International Securities Identification Number)<\/h2>\n<p>La norme ISIN est utilis\u00e9e dans le monde entier pour identifier des titres sp\u00e9cifiques tels que les obligations, les actions (ordinaires et privil\u00e9gi\u00e9es), les contrats \u00e0 terme, les mandats, droits, cr\u00e9dits, billets de tr\u00e9sorerie et r\u00e8glements. Les codes ISIN sont attribu\u00e9s aux titres pour permettre des proc\u00e9dures de r\u00e8glement et de compensation claires. Ils se pr\u00e9sentent sous la forme d'un code alphanum\u00e9rique \u00e0 12 chiffres et servent \u00e0 identifier diff\u00e9rents symboles boursiers \u00abqui peuvent varier selon le taux et la monnaie\u00bb pour le m\u00eame titre. Aux Etats-Unis, les codes ISIN sont des variantes de code CUSIP (Committee on Uniform Security Identification Procedures), compos\u00e9s de 9 chiffres ; les codes ISIN se composent d'un code pays, puis du code CUSIP, et enfin d'une cl\u00e9 de v\u00e9rification.<\/p>\n<p><a href=\"https:\/\/www.isin.org\/fr\/faire-une-demande-de-code-isin\/\">Cliquez ici pour faire une demande d'ISIN<\/a><\/p>\n<h2>STRUCTURE<\/h2>\n<ul>Le code ISIN est en trois parties, comme dans l'exemple US-049580485-1 (les tirets ne comptent pas, ils ne sont l\u00e0 que pour permettre une meilleure lecture). Le code se d\u00e9compose comme suit:\n<li>-\tUn code pays \u00e0 deux lettres, tir\u00e9 d'une liste (ISO 6166) d\u00e9finie par l'organisation ISO (International Organization for Standardization). Ce code est attribu\u00e9 suivant le pays o\u00f9 se trouve la maison m\u00e8re de l'entreprise. Un code sp\u00e9cial, 'XS', est utilis\u00e9 pour les titres internationaux passant par des chambres de compensation paneurop\u00e9ennes, telles que Euroclear et CEDEL. L'usage des re\u00e7us de d\u00e9p\u00f4t est unique en ce que le code pays pour le titre est celui de l'\u00e9metteur du re\u00e7u, et non du titre sous-jacent.<\/li>\n<li>-\tUn identifiant \u00e0 9 chiffres, appel\u00e9 le NSIN (National Securities Identifying Number), et assign\u00e9 par la NNA (National Numbering Agency) de chaque pays ou r\u00e9gion. Si un num\u00e9ro national est compos\u00e9 de moins de 9 chiffres, on le pr\u00e9c\u00e8de d'autant de 0 que n\u00e9cessaire pour en faire un NSIN. L'identifiant num\u00e9rique n'a pas de signification intrins\u00e8que, il fonctionne comme un num\u00e9ro de s\u00e9rie.<\/li>\n<li>-\tUn chiffre unique de v\u00e9rification. Le chiffre est calcul\u00e9 sur la base des 11 caract\u00e8res\/chiffres pr\u00e9c\u00e9dents ; il utilise un algorithme somme modulo 10 et permet de se prot\u00e9ger contre les num\u00e9ros contrefaits.<\/li>\n<\/ul>\n<h2>Utilisation<\/h2>\n<p>Au d\u00e9but, les codes ISIN n'\u00e9taient consid\u00e9r\u00e9s que comme un moyen secondaire d'aide \u00e0 l'identification des titres, utilis\u00e9s exclusivement pour la compensation et les r\u00e8glements. Ces derni\u00e8res ann\u00e9es, certains pays europ\u00e9ens ont fait des codes ISIN leurs identifiants principaux pour les titres. Les codes ISIN sont implicitement utilis\u00e9s aux USA et au Canada car ils sont cr\u00e9\u00e9s sur la base de codes CUSIP. Au fil du temps, la plupart des pays semblent dispos\u00e9s \u00e0 adopter les codes ISIN comme identifiants principaux ou secondaires pour administrer les ISIN.<\/p>\n<p>Le CUSIP, d\u00e9tenu par l'Association des Banquiers Am\u00e9ricains et g\u00e9r\u00e9 par Standard & Poor's, d\u00e9livre et attribue les codes CUSIP. De m\u00eame au Royaume-Uni, la SEDOL (Stock Exchange Daily Official List), la London Stock Exchange. La NNA Telekurswork en Suisse avec un num\u00e9ro de valeur, etc.<\/p>\n<p>L'acceptation universelle de l'ISIN est importante pour faire face au GSTP (Global Straight-Trough Processing), qui est la gestion \u00e9lectronique des march\u00e9e de compensation et des r\u00e8glements sans interventions manuelles. Les codes ISIN sont utilis\u00e9s par les gardiens de partage pour le suivi.<\/p>\n<p><a href=\"https:\/\/www.isin.org\/fr\/faire-une-demande-de-code-isin\/\">Cliquez ici pour faire une demande d'ISIN<\/a><\/p>\n\n","protected":false},"excerpt":{"rendered":"<p>ISIN \u00c0 propos de l&rsquo;ISIN (International Securities Identification Number) La norme ISIN est utilis\u00e9e dans le monde entier pour identifier des titres sp\u00e9cifiques tels que les obligations, les actions (ordinaires et privil\u00e9gi\u00e9es), les contrats \u00e0 terme, les mandats, droits, cr\u00e9dits, billets de tr\u00e9sorerie et r\u00e8glements. Les codes ISIN sont attribu\u00e9s aux titres pour permettre des&hellip;<\/p>\n","protected":false},"author":3,"featured_media":0,"parent":0,"menu_order":0,"comment_status":"closed","ping_status":"closed","template":"","meta":{"om_disable_all_campaigns":false,"_monsterinsights_skip_tracking":false,"_monsterinsights_sitenote_active":false,"_monsterinsights_sitenote_note":"","_monsterinsights_sitenote_category":0,"_uf_show_specific_survey":0,"_uf_disable_surveys":false,"footnotes":""},"class_list":["post-1865","page","type-page","status-publish","hentry"],"aioseo_notices":[],"_links":{"self":[{"href":"https:\/\/www.isin.org\/fr\/wp-json\/wp\/v2\/pages\/1865","targetHints":{"allow":["GET"]}}],"collection":[{"href":"https:\/\/www.isin.org\/fr\/wp-json\/wp\/v2\/pages"}],"about":[{"href":"https:\/\/www.isin.org\/fr\/wp-json\/wp\/v2\/types\/page"}],"author":[{"embeddable":true,"href":"https:\/\/www.isin.org\/fr\/wp-json\/wp\/v2\/users\/3"}],"replies":[{"embeddable":true,"href":"https:\/\/www.isin.org\/fr\/wp-json\/wp\/v2\/comments?post=1865"}],"version-history":[{"count":0,"href":"https:\/\/www.isin.org\/fr\/wp-json\/wp\/v2\/pages\/1865\/revisions"}],"wp:attachment":[{"href":"https:\/\/www.isin.org\/fr\/wp-json\/wp\/v2\/media?parent=1865"}],"curies":[{"name":"wp","href":"https:\/\/api.w.org\/{rel}","templated":true}]}}