{"id":1858,"date":"2014-12-15T18:54:39","date_gmt":"2014-12-15T18:54:39","guid":{"rendered":"https:\/\/isinisin123.wpengine.com\/?page_id=1858"},"modified":"2025-06-16T16:14:34","modified_gmt":"2025-06-16T23:14:34","slug":"faire-une-demande-de-code-isin","status":"publish","type":"page","link":"https:\/\/www.isin.org\/fr\/faire-une-demande-de-code-isin\/","title":{"rendered":"Faire une demande d\u2019ISIN"},"content":{"rendered":"\n\n\t<h1>Faire une demande d'ISIN<\/h1>\n<h3>Option 1 : Faite une demande d'ISIN par email<\/h3>\n<ol>\n<li>Veuillez nous indiquer ce dont vous avez besoin par email. Si vous avez besoin de plusieurs codes ISIN, veuillez le pr\u00e9ciser.<\/li>\n<li>Veuillez joindre toute la documentation de votre soci\u00e9t\u00e9 (notice d'offre, note d'information, circulaire priv\u00e9e sur le placement, etc...). D\u00e8s r\u00e9ception de vos documents nous vous informerons des d\u00e9lais et du co\u00fbt de nos services. Veuillez lire les <a href=\"https:\/\/www.isin.org\/terms-of-use\/\">Conditions d'Utilisation <\/a> de ce site. En nous contactant par email vous acceptez les <a href=\"https:\/\/www.isin.org\/terms-of-use\/\">Conditions d'Utilisation<\/a>.<\/li>\n<\/ol>\n<p><strong>Contactez-nous par email \u00e0 l'adresse <a href=\"mailto:isin@isin.org?subject=ISIN Application\">isin@isin.org<\/a><\/strong><\/p>\n<hr \/>\n<h3>Option 2 : Remplissez une demande d'ISIN<\/h3>\n<p>Ne remplissez une demande ci-dessous que si vous n'avez <u>PAS<\/u> fait de demande selon l'Option #1. Si vous nous avez d\u00e9j\u00e0 envoy\u00e9 un email, vous n'avez pas besoin de remplir ce formulaire.<\/p>\n<p>Veuillez renseigner les informations demand\u00e9es dans le formulaire ci-dessous et y joindre toute la documentation de votre soci\u00e9t\u00e9, telle que notice d'offre, note d'information, circulaire priv\u00e9e sur le placement, etc... D\u00e8s r\u00e9ception du formulaire et des documents joints, nous vous informerons des d\u00e9lais et du co\u00fbt de nos services.<\/p>\n<p><strong>CHOISISSEZ LE FORMULAIRE QUI CORRESPOND LE MIEUX \u00c0 VOS BESOINS PARMIS CEUX CI-DESSOUS<\/strong><\/p>\n<a href=\"https:\/\/www.isin.org\/fr\/faire-une-demande-de-code-isin\/fonds\/\">Fonds<br \/>\nTous fonds, fonds sp\u00e9culatifs, investissements etc.<br \/>\n<\/a>\n<a href=\"https:\/\/www.isin.org\/fr\/faire-une-demande-de-code-isin\/capitaux\/\">Capitaux<br \/>\nActions, parts<br \/>\n<\/a>\n<a href=\"https:\/\/www.isin.org\/fr\/faire-une-demande-de-code-isin\/obligations\/\">Obligations<br \/>\nObligations<br \/>\n<\/a>\n<a href=\"https:\/\/www.isin.org\/fr\/faire-une-demande-de-code-isin\/autres\/\">Autres<br \/>\nTout ce qui n'entre pas dans les cat\u00e9gories dettes, capitaux ou fonds<br \/>\n<\/a>\n\n","protected":false},"excerpt":{"rendered":"<p>Faire une demande d&rsquo;ISIN Option 1 : Faite une demande d&rsquo;ISIN par email Veuillez nous indiquer ce dont vous avez besoin par email. Si vous avez besoin de plusieurs codes ISIN, veuillez le pr\u00e9ciser. Veuillez joindre toute la documentation de votre soci\u00e9t\u00e9 (notice d&rsquo;offre, note d&rsquo;information, circulaire priv\u00e9e sur le placement, etc&#8230;). D\u00e8s r\u00e9ception de&hellip;<\/p>\n","protected":false},"author":3,"featured_media":0,"parent":0,"menu_order":0,"comment_status":"closed","ping_status":"closed","template":"","meta":{"om_disable_all_campaigns":false,"_monsterinsights_skip_tracking":false,"_monsterinsights_sitenote_active":false,"_monsterinsights_sitenote_note":"","_monsterinsights_sitenote_category":0,"_uf_show_specific_survey":0,"_uf_disable_surveys":false,"footnotes":""},"class_list":["post-1858","page","type-page","status-publish","hentry"],"aioseo_notices":[],"_links":{"self":[{"href":"https:\/\/www.isin.org\/fr\/wp-json\/wp\/v2\/pages\/1858","targetHints":{"allow":["GET"]}}],"collection":[{"href":"https:\/\/www.isin.org\/fr\/wp-json\/wp\/v2\/pages"}],"about":[{"href":"https:\/\/www.isin.org\/fr\/wp-json\/wp\/v2\/types\/page"}],"author":[{"embeddable":true,"href":"https:\/\/www.isin.org\/fr\/wp-json\/wp\/v2\/users\/3"}],"replies":[{"embeddable":true,"href":"https:\/\/www.isin.org\/fr\/wp-json\/wp\/v2\/comments?post=1858"}],"version-history":[{"count":0,"href":"https:\/\/www.isin.org\/fr\/wp-json\/wp\/v2\/pages\/1858\/revisions"}],"wp:attachment":[{"href":"https:\/\/www.isin.org\/fr\/wp-json\/wp\/v2\/media?parent=1858"}],"curies":[{"name":"wp","href":"https:\/\/api.w.org\/{rel}","templated":true}]}}