{"id":1612,"date":"2014-12-09T21:56:04","date_gmt":"2014-12-09T21:56:04","guid":{"rendered":"https:\/\/isinisin123.wpengine.com\/?page_id=1612"},"modified":"2025-06-17T10:08:53","modified_gmt":"2025-06-17T17:08:53","slug":"solicitar-isin","status":"publish","type":"page","link":"https:\/\/www.isin.org\/es\/solicitar-isin\/","title":{"rendered":"Solicitar ISIN"},"content":{"rendered":"\n\n\t<h1>Solicite un ISIN<\/h1>\n<h3>Opci\u00f3n 1: Solicitar un c\u00f3digo ISIN por email<\/h3>\n<ol>\n<li>Por favor m\u00e1ndenos un <a href=\"mailto:isin@isin.org?subject=ISIN Application\">email<\/a> indicando sus necesidades. Si necesita m\u00e1s de un n\u00famero ISIN, por favor ind\u00edquelo.<\/li>\n<li>Adjunte al email cualquier documentaci\u00f3n como el memorando de oferta de su compa\u00f1\u00eda, memorando informativo, prospecto, memor\u00e1ndum de disposici\u00f3n privada preliminar, etc. Una vez que hayamos visto los formularios y documentaci\u00f3n, le notificaremos el tiempo necesario y las tarifas de los servicios. Por favor lea los <a href=\"https:\/\/www.isin.org\/terms-of-use\/\">T\u00e9rminos de Uso<\/a> de este sitio web. Al enviarnos un correo electr\u00f3nico, est\u00e1 aceptando nuestros <a href=\"https:\/\/www.isin.org\/terms-of-use\/\">T\u00e9rminos de Uso<\/a>.<\/li>\n<\/ol>\n<p><strong>Env\u00edanos un correo electr\u00f3nico a <a href=\"mailto:isin@isin.org?subject=ISIN Application\">isin@isin.org<\/a><\/strong><\/p>\n<hr \/>\n<h3>Opci\u00f3n 2: Completar una Solicitud ISIN<\/h3>\n<p>Rellene una solicitud si NO ha aplicado mediante la Opci\u00f3n #1 expuesta arriba. Si nos manda un email no hay necesidad de completar una solicitud.<\/p>\n<p>Por favor complete la solicitud con la informaci\u00f3n requerida y adjunte cualquier documentaci\u00f3n como el memorando de oferta de la compa\u00f1\u00eda, memorando informativo, prospecto, memor\u00e1ndum de disposici\u00f3n privada preliminar, etc. Una vez que hayamos visto los formularios y documentaci\u00f3n, le notificaremos el tiempo necesario y las tarifas de los servicios.<\/p>\n<p><strong>PINCHE EN LA SOLICITUD QUE MEJOR SE AJUSTE A SUS NECESIDADES<\/strong><\/p>\n<a href=\"https:\/\/www.isin.org\/es\/solicitar-isin\/fondos\/\">Fondos<br \/>\nTodos los fondos, fondos de protecci\u00f3n, fondos de inversi\u00f3n, etc.<\/a>\n<a href=\"https:\/\/www.isin.org\/es\/solicitar-isin\/patrimonio\/\">Oferta de acciones<br \/>\nValores, Acciones, Unidades<br \/>\n<\/a>\n<a href=\"https:\/\/www.isin.org\/es\/solicitar-isin\/deuda\/\">Oferta de Deuda<br \/>\nObligaciones, Pagar\u00e9s<br \/>\n<\/a>\n<a href=\"https:\/\/www.isin.org\/es\/solicitar-isin\/otros\/\">Otros<br \/>\nOtros distintos a deuda, acciones y fondos<br \/>\n<\/a>\n\n","protected":false},"excerpt":{"rendered":"<p>Solicite un ISIN Opci\u00f3n 1: Solicitar un c\u00f3digo ISIN por email Por favor m\u00e1ndenos un email indicando sus necesidades. Si necesita m\u00e1s de un n\u00famero ISIN, por favor ind\u00edquelo. Adjunte al email cualquier documentaci\u00f3n como el memorando de oferta de su compa\u00f1\u00eda, memorando informativo, prospecto, memor\u00e1ndum de disposici\u00f3n privada preliminar, etc. Una vez que hayamos&hellip;<\/p>\n","protected":false},"author":3,"featured_media":0,"parent":0,"menu_order":0,"comment_status":"closed","ping_status":"closed","template":"","meta":{"om_disable_all_campaigns":false,"_monsterinsights_skip_tracking":false,"_monsterinsights_sitenote_active":false,"_monsterinsights_sitenote_note":"","_monsterinsights_sitenote_category":0,"_uf_show_specific_survey":0,"_uf_disable_surveys":false,"footnotes":""},"class_list":["post-1612","page","type-page","status-publish","hentry"],"aioseo_notices":[],"_links":{"self":[{"href":"https:\/\/www.isin.org\/es\/wp-json\/wp\/v2\/pages\/1612","targetHints":{"allow":["GET"]}}],"collection":[{"href":"https:\/\/www.isin.org\/es\/wp-json\/wp\/v2\/pages"}],"about":[{"href":"https:\/\/www.isin.org\/es\/wp-json\/wp\/v2\/types\/page"}],"author":[{"embeddable":true,"href":"https:\/\/www.isin.org\/es\/wp-json\/wp\/v2\/users\/3"}],"replies":[{"embeddable":true,"href":"https:\/\/www.isin.org\/es\/wp-json\/wp\/v2\/comments?post=1612"}],"version-history":[{"count":0,"href":"https:\/\/www.isin.org\/es\/wp-json\/wp\/v2\/pages\/1612\/revisions"}],"wp:attachment":[{"href":"https:\/\/www.isin.org\/es\/wp-json\/wp\/v2\/media?parent=1612"}],"curies":[{"name":"wp","href":"https:\/\/api.w.org\/{rel}","templated":true}]}}