{"id":1606,"date":"2014-12-09T21:28:21","date_gmt":"2014-12-09T21:28:21","guid":{"rendered":"https:\/\/isinisin123.wpengine.com\/?page_id=1606"},"modified":"2014-12-17T15:18:16","modified_gmt":"2014-12-17T15:18:16","slug":"compra-membresia","status":"publish","type":"page","link":"https:\/\/www.isin.org\/es\/compra-membresia\/","title":{"rendered":"Compra Membresia"},"content":{"rendered":"<h1>Compra Membresia<\/h1>\n<p>Por favor env\u00edenos un email a <a href=\"mailto:database@isin.org\">database@isin.org<\/a> para recibir las instrucciones de pago. Una vez que recibamos el pago, se le enviar\u00e1 un email inmediatamente con el nombre de usuario y la contrase\u00f1a con acceso asegurado.<\/p>\n<h2>EMAIL:\u00a0<a href=\"mailto:database@isin.org\">database@isin.org<\/a><\/h2>\n","protected":false},"excerpt":{"rendered":"<p>Compra Membresia Por favor env\u00edenos un email a database@isin.org para recibir las instrucciones de pago. Una vez que recibamos el pago, se le enviar\u00e1 un email inmediatamente con el nombre de usuario y la contrase\u00f1a con acceso asegurado. EMAIL:\u00a0database@isin.org<\/p>\n","protected":false},"author":3,"featured_media":0,"parent":0,"menu_order":0,"comment_status":"closed","ping_status":"closed","template":"","meta":{"om_disable_all_campaigns":false,"_monsterinsights_skip_tracking":false,"_monsterinsights_sitenote_active":false,"_monsterinsights_sitenote_note":"","_monsterinsights_sitenote_category":0,"_uf_show_specific_survey":0,"_uf_disable_surveys":false,"footnotes":""},"class_list":["post-1606","page","type-page","status-publish","hentry"],"aioseo_notices":[],"_links":{"self":[{"href":"https:\/\/www.isin.org\/es\/wp-json\/wp\/v2\/pages\/1606","targetHints":{"allow":["GET"]}}],"collection":[{"href":"https:\/\/www.isin.org\/es\/wp-json\/wp\/v2\/pages"}],"about":[{"href":"https:\/\/www.isin.org\/es\/wp-json\/wp\/v2\/types\/page"}],"author":[{"embeddable":true,"href":"https:\/\/www.isin.org\/es\/wp-json\/wp\/v2\/users\/3"}],"replies":[{"embeddable":true,"href":"https:\/\/www.isin.org\/es\/wp-json\/wp\/v2\/comments?post=1606"}],"version-history":[{"count":0,"href":"https:\/\/www.isin.org\/es\/wp-json\/wp\/v2\/pages\/1606\/revisions"}],"wp:attachment":[{"href":"https:\/\/www.isin.org\/es\/wp-json\/wp\/v2\/media?parent=1606"}],"curies":[{"name":"wp","href":"https:\/\/api.w.org\/{rel}","templated":true}]}}