{"id":1595,"date":"2014-12-09T21:11:29","date_gmt":"2014-12-09T21:11:29","guid":{"rendered":"https:\/\/isinisin123.wpengine.com\/?page_id=1595"},"modified":"2014-12-11T21:54:44","modified_gmt":"2014-12-11T21:54:44","slug":"anadir-isin","status":"publish","type":"page","link":"https:\/\/www.isin.org\/es\/anadir-isin\/","title":{"rendered":"A\u00f1adir ISIN"},"content":{"rendered":"<div id=\"add-code\">\n<h2>A\u00f1ada su C\u00f3digo ISIN<\/h2>\n<p>Las caracter\u00edsticas comprenden desde a\u00f1adir s\u00f3lo 1 c\u00f3digo ISIN a la base de datos p\u00fablica o tantos como quiera.<\/p>\n<ul>\n<li>Cree su propia cuenta y acceda y actualice la informaci\u00f3n con la frecuencia que quiera.<\/li>\n<li>Acceda a su cuenta en cualquier momento y ACTUALICE su valor nominal, patrimonio neto y otra informaci\u00f3n que necesite.<\/li>\n<li>Estar en nuestra base de datos permite que cualquiera pueda buscar y  ver su ISIN(s) en nuestra Base de Datos P\u00fablica.<\/li>\n<li>Su(s) c\u00f3digo(s) ISIN permanecer\u00e1n en la base de datos p\u00fablica para siempre.<\/li>\n<li>Tambi\u00e9n tiene acceso a la Base de Datos Privada que consiste en Millones de c\u00f3digos.<\/li>\n<li class=\"features\">Caracter\u00edsticas Incluidas<\/li>\n<li>Crear una cuenta, acceder con la frecuencia deseada y ajustar su informaci\u00f3n.<\/li>\n<li>A\u00f1adir tantos perfiles de c\u00f3digos ISIN a la base de datos p\u00fablica como necesite<\/li>\n<li>Acceder a archivos ISIN<\/li>\n<li class=\"features\">Tambi\u00e9n<\/li>\n<li>Posibilidad de contactarnos para preguntas sobre b\u00fasquedas o consultas de ISIN.<\/li>\n<li>Seguridad mejorada<\/li>\n<li>Servicio de ayuda ISIN<\/li>\n<\/ul>\n<p style=\"margin-left: 75px\"><a href=\"https:\/\/www.isin.org\/es\/compra-membresia\/\" class=\"red-button\" style=\"font-size:14px\">Cont\u00e1ctenos Sobre Las Tarifas<\/a><\/p>\n<\/div>\n<h1 style=\"clear:none\">A\u00f1ada su(s) C\u00f3digo(s) ISIN a nuestra base de datos p\u00fablica para que sea visible por todos.<\/h1>\n<p><strong>Base de Datos ISIN:<\/strong> ISIN Organization (ISIN.org) cuenta con la base de datos independiente de ISIN m\u00e1s grande del mundo.<\/p>\n<p><strong>ISIN.ORG:<\/strong> es la direcci\u00f3n web m\u00e1s valorada para b\u00fasquedas ISIN en todo el mundo. La mayor\u00eda de las b\u00fasquedas web de ISIN acaban en www.isin.org.<\/p>\n<p><strong>Dos Bases de Datos ISIN:<\/strong>ISIN.org posee dos bases de datos: una base de datos privada para miembros, que cuenta con millones de c\u00f3digos ISIN, y una base de datos p\u00fablica con caracter\u00edsticas de b\u00fasqueda limitadas. Al hacerse Miembro de Isin.org consigue acceso a millones de c\u00f3digos ISIN y tiene la posibilidad de representar a su empresa y\/o t\u00edtulo a clientes en nuestra base de datos p\u00fablica para que todos lo puedan buscar y ver gratuitamente.<\/p>\n","protected":false},"excerpt":{"rendered":"<p>A\u00f1ada su C\u00f3digo ISIN Las caracter\u00edsticas comprenden desde a\u00f1adir s\u00f3lo 1 c\u00f3digo ISIN a la base de datos p\u00fablica o tantos como quiera. Cree su propia cuenta y acceda y actualice la informaci\u00f3n con la frecuencia que quiera. Acceda a su cuenta en cualquier momento y ACTUALICE su valor nominal, patrimonio neto y otra informaci\u00f3n&hellip;<\/p>\n","protected":false},"author":3,"featured_media":0,"parent":0,"menu_order":0,"comment_status":"closed","ping_status":"closed","template":"page-templates\/full-width.php","meta":{"om_disable_all_campaigns":false,"_monsterinsights_skip_tracking":false,"_monsterinsights_sitenote_active":false,"_monsterinsights_sitenote_note":"","_monsterinsights_sitenote_category":0,"_uf_show_specific_survey":0,"_uf_disable_surveys":false,"footnotes":""},"class_list":["post-1595","page","type-page","status-publish","hentry"],"aioseo_notices":[],"_links":{"self":[{"href":"https:\/\/www.isin.org\/es\/wp-json\/wp\/v2\/pages\/1595","targetHints":{"allow":["GET"]}}],"collection":[{"href":"https:\/\/www.isin.org\/es\/wp-json\/wp\/v2\/pages"}],"about":[{"href":"https:\/\/www.isin.org\/es\/wp-json\/wp\/v2\/types\/page"}],"author":[{"embeddable":true,"href":"https:\/\/www.isin.org\/es\/wp-json\/wp\/v2\/users\/3"}],"replies":[{"embeddable":true,"href":"https:\/\/www.isin.org\/es\/wp-json\/wp\/v2\/comments?post=1595"}],"version-history":[{"count":0,"href":"https:\/\/www.isin.org\/es\/wp-json\/wp\/v2\/pages\/1595\/revisions"}],"wp:attachment":[{"href":"https:\/\/www.isin.org\/es\/wp-json\/wp\/v2\/media?parent=1595"}],"curies":[{"name":"wp","href":"https:\/\/api.w.org\/{rel}","templated":true}]}}