{"id":1584,"date":"2014-12-09T20:14:03","date_gmt":"2014-12-09T20:14:03","guid":{"rendered":"https:\/\/isinisin123.wpengine.com\/?page_id=1584"},"modified":"2025-03-18T14:45:24","modified_gmt":"2025-03-18T21:45:24","slug":"membresia","status":"publish","type":"page","link":"https:\/\/www.isin.org\/es\/membresia\/","title":{"rendered":"Membres\u00eda"},"content":{"rendered":"\n\n<h2>Ventajas para Socios<\/h2>\n<ul>\n<li>Acceso completo a la base de datos de ISIN.org<\/li>\n<li>A\u00f1ada sus c\u00f3digos ISIN a la base de datos p\u00fablica para que todos puedan verlos<\/li>\n<li>Acceda a su cuenta en cualquier momento y ACTUALICE su valor nominal, patrimonio neto y otra informaci\u00f3n que necesite.<\/li>\n<li>Su c\u00f3digo ISIN permanecer\u00e1 en la base de datos p\u00fablica para siempre, aunque deje de ser Miembro.<\/li>\n<li>Cont\u00e1ctenos para cualquier consulta sobre ISIN<\/li>\n<li>Posibilidad de publicar desde 1 c\u00f3digo ISIN hasta todos los que necesite<\/li>\n<li>Mejorar la visibilidad de su producto financiero<\/li>\n<li>Solicitar asistencia para c\u00f3digos ISIN con ISIN.org<\/li>\n<\/ul>\n<h1>Membresia<\/h1>\n\n<strong>Base de Datos ISIN:<\/strong>ISIN Organization (ISIN.org) cuenta con la base de datos independiente de ISIN m\u00e1s grande del mundo.\n\n\n<strong>ISIN.ORG<\/strong> es la direcci\u00f3n web m\u00e1s valorada para b\u00fasquedas ISIN en todo el mundo. La mayor\u00eda de las b\u00fasquedas web de ISIN acaban en www.isin.org\n\n\n<strong>Dos Bases de Datos ISIN:<\/strong> ISIN.org posee dos bases de datos: una base de datos privada para miembros que cuenta con millones de c\u00f3digos ISIN y una base de datos p\u00fablica con caracter\u00edsticas de b\u00fasqueda limitadas. Al hacerse Miembro de Isin.org consigue acceso a millones de c\u00f3digos ISIN y tiene la posibilidad de presentar su empresa y\/o t\u00edtulo a clientes en nuestra base de datos p\u00fablica para que todos lo puedan buscar y ver gratuitamente.\n\n","protected":false},"excerpt":{"rendered":"<p>Ventajas para Socios Acceso completo a la base de datos de ISIN.org A\u00f1ada sus c\u00f3digos ISIN a la base de datos p\u00fablica para que todos puedan verlos Acceda a su cuenta en cualquier momento y ACTUALICE su valor nominal, patrimonio neto y otra informaci\u00f3n que necesite. Su c\u00f3digo ISIN permanecer\u00e1 en la base de datos&hellip;<\/p>\n","protected":false},"author":3,"featured_media":0,"parent":0,"menu_order":0,"comment_status":"closed","ping_status":"closed","template":"","meta":{"om_disable_all_campaigns":false,"_monsterinsights_skip_tracking":false,"_monsterinsights_sitenote_active":false,"_monsterinsights_sitenote_note":"","_monsterinsights_sitenote_category":0,"_uf_show_specific_survey":0,"_uf_disable_surveys":false,"footnotes":""},"class_list":["post-1584","page","type-page","status-publish","hentry"],"aioseo_notices":[],"_links":{"self":[{"href":"https:\/\/www.isin.org\/es\/wp-json\/wp\/v2\/pages\/1584","targetHints":{"allow":["GET"]}}],"collection":[{"href":"https:\/\/www.isin.org\/es\/wp-json\/wp\/v2\/pages"}],"about":[{"href":"https:\/\/www.isin.org\/es\/wp-json\/wp\/v2\/types\/page"}],"author":[{"embeddable":true,"href":"https:\/\/www.isin.org\/es\/wp-json\/wp\/v2\/users\/3"}],"replies":[{"embeddable":true,"href":"https:\/\/www.isin.org\/es\/wp-json\/wp\/v2\/comments?post=1584"}],"version-history":[{"count":0,"href":"https:\/\/www.isin.org\/es\/wp-json\/wp\/v2\/pages\/1584\/revisions"}],"wp:attachment":[{"href":"https:\/\/www.isin.org\/es\/wp-json\/wp\/v2\/media?parent=1584"}],"curies":[{"name":"wp","href":"https:\/\/api.w.org\/{rel}","templated":true}]}}