{"id":1793,"date":"2014-12-12T22:09:06","date_gmt":"2014-12-12T22:09:06","guid":{"rendered":"https:\/\/isinisin123.wpengine.com\/?page_id=1793"},"modified":"2014-12-19T16:41:15","modified_gmt":"2014-12-19T16:41:15","slug":"isin-hinzufuegen","status":"publish","type":"page","link":"https:\/\/www.isin.org\/de\/isin-hinzufuegen\/","title":{"rendered":"ISIN Hinzufuegen"},"content":{"rendered":"<div id=\"add-code\">\n<h2 style=\"font-size:21px\">F\u00fcgen Sie Ihren ISIN Code hinzu<\/h2>\n<p>Sie k\u00f6nnen unserer \u00f6ffentlichen Datenbank lediglich einen ISIN Code oder so viele Codes, wie Sie m\u00f6chten, hinzuf\u00fcgen.<\/p>\n<ul>\n<li>Legen Sie Ihr eigenes Benutzerkonto an und loggen Sie sich so oft ein, wie Sie m\u00f6chten, um Ihre Informationen zu aktualisieren.<\/li>\n<li>Loggen Sie sich jederzeit in Ihr Benutzerkonto ein und AKTUALISIEREN Sie je nach Bedarf Ihren Nennwert, Nettoverm\u00f6genswert und andere Informationen.<\/li>\n<li>Teil unserer Datenbank zu sein, erm\u00f6glicht es, dass Ihre ISIN(s) auf unserer kostenlosen, \u00f6ffentlichen Datenbank von jedem gesucht und angeschaut werden kann.<\/li>\n<li>Ihre ISIN Codes werden auf unbegrenzte Zeit auf der \u00f6ffentlichen Datenbank bleiben\n<li>Und Sie bekommen auch Zugang zu der privaten Datenbank, die aus Millionen von Codes besteht.<\/li>\n<li class=\"features\">Features beinhalten<\/li>\n<li>Legen Sie ein Benutzerkonto an, loggen Sie sich so oft ein, wie Sie m\u00f6chten und gleichen Sie nach Bedarf Ihre Daten ab.<\/li>\n<li>F\u00fcgen Sie der \u00f6ffentlichen Datenbank so viele ISIN Code Profile zu, wie ben\u00f6tigt werden.<\/li>\n<li>Zugang zu ISIN Aufzeichnungen<\/li>\n<li class=\"features\">Au\u00dferdem<\/li>\n<li>Die M\u00f6glichkeit, uns f\u00fcr Beratungen oder Nachschlagefragen zu kontaktieren.<\/li>\n<li>Verbesserte Sicherheit<\/li>\n<li>ISIN Kundenservice<\/li>\n<\/ul>\n<p style=\"margin-left: 75px\"><a href=\"https:\/\/www.isin.org\/de\/mitgliedschaft-erwerben\/\" class=\"red-button\" style=\"font-size:12px\">Kontaktieren Sie uns hier zu den Geb\u00fchren<\/a><\/p>\n<\/div>\n<h1 style=\"clear:none\">F\u00dcGEN Sie Ihre(n) ISIN Code(s) f\u00fcr jeden sichtbar unserer \u00f6ffentlichen Datenbank HINZU.<\/h1>\n<p><strong>ISIN Datenbank:<\/strong> Die ISIN Organisation (ISIN.org) weist die gr\u00f6\u00dfte unabh\u00e4ngige ISIN Datenbank der Welt auf.<\/p>\n<p><strong>ISIN.ORG<\/strong> ist die weltweit f\u00fchrende Web Adresse f\u00fcr ISIN Suchen. Die meisten Suchen nach ISIN Codes landen auf www.isin.org.<\/p>\n<p><strong>Zwei ISIN Datenbanken:<\/strong> ISIN.org weist zwei Datenbanken auf: eine private Datenbank f\u00fcr Mitglieder, die Millionen von ISIN Codes gespeichert hat und eine kostenlose und \u00f6ffentliche Datenbank mit eingeschr\u00e4nkter Suchfunktion. Sobald Sie Mitglied bei Isin.org sind, haben Sie Zugang zu Millionen von ISIN Codes und haben so die M\u00f6glichkeit, Ihren Kunden Ihre Firma und\/oder Wertpapiere auf unserer \u00f6ffentlichen Datenbank, die jeder umsonst anschauen und durchsuchen kann, zu pr\u00e4sentieren.<\/p>\n","protected":false},"excerpt":{"rendered":"<p>F\u00fcgen Sie Ihren ISIN Code hinzu Sie k\u00f6nnen unserer \u00f6ffentlichen Datenbank lediglich einen ISIN Code oder so viele Codes, wie Sie m\u00f6chten, hinzuf\u00fcgen. Legen Sie Ihr eigenes Benutzerkonto an und loggen Sie sich so oft ein, wie Sie m\u00f6chten, um Ihre Informationen zu aktualisieren. Loggen Sie sich jederzeit in Ihr Benutzerkonto ein und AKTUALISIEREN Sie&hellip;<\/p>\n","protected":false},"author":3,"featured_media":0,"parent":0,"menu_order":0,"comment_status":"closed","ping_status":"closed","template":"page-templates\/full-width.php","meta":{"om_disable_all_campaigns":false,"_monsterinsights_skip_tracking":false,"_monsterinsights_sitenote_active":false,"_monsterinsights_sitenote_note":"","_monsterinsights_sitenote_category":0,"_uf_show_specific_survey":0,"_uf_disable_surveys":false,"footnotes":""},"class_list":["post-1793","page","type-page","status-publish","hentry"],"aioseo_notices":[],"_links":{"self":[{"href":"https:\/\/www.isin.org\/de\/wp-json\/wp\/v2\/pages\/1793","targetHints":{"allow":["GET"]}}],"collection":[{"href":"https:\/\/www.isin.org\/de\/wp-json\/wp\/v2\/pages"}],"about":[{"href":"https:\/\/www.isin.org\/de\/wp-json\/wp\/v2\/types\/page"}],"author":[{"embeddable":true,"href":"https:\/\/www.isin.org\/de\/wp-json\/wp\/v2\/users\/3"}],"replies":[{"embeddable":true,"href":"https:\/\/www.isin.org\/de\/wp-json\/wp\/v2\/comments?post=1793"}],"version-history":[{"count":0,"href":"https:\/\/www.isin.org\/de\/wp-json\/wp\/v2\/pages\/1793\/revisions"}],"wp:attachment":[{"href":"https:\/\/www.isin.org\/de\/wp-json\/wp\/v2\/media?parent=1793"}],"curies":[{"name":"wp","href":"https:\/\/api.w.org\/{rel}","templated":true}]}}