{"id":1787,"date":"2014-12-12T22:01:53","date_gmt":"2014-12-12T22:01:53","guid":{"rendered":"https:\/\/isinisin123.wpengine.com\/?page_id=1787"},"modified":"2025-03-18T14:40:15","modified_gmt":"2025-03-18T21:40:15","slug":"isin-prozess","status":"publish","type":"page","link":"https:\/\/www.isin.org\/de\/isin-prozess\/","title":{"rendered":"ISIN Prozess"},"content":{"rendered":"\n\n\t<h1>Der ISIN Prozess<\/h1>\n<h2>Eine ISIN erhalten<\/h2>\n<p>Wenn Ihre Firma oder Ihr Fond eine ISIN ben\u00f6tigt, kann ISIN.org Sie dabei unterst\u00fctzen. Der Erhalt eines ISIN Codes f\u00fcr Fremdkapital- oder Eigenkapitalangebote, Hedgefonds, Dachfonds, Betagleichungen, Spezialit\u00e4tenfonds, \u00f6ffentliche Firmen, private Firmen und vieles mehr, kann hier auf dieser Seite komplett durchgef\u00fchrt werden.<\/p>\n<p><a href=\"https:\/\/www.isin.org\/de\/anfrage-isin\/\">Hier klicken, um eine ISIN zu beantragen<\/a><\/p>\n<h2>Zeitrahmen und Geb\u00fchren f\u00fcr die ISIN Registration<\/h2>\n<p>Einen neuen ISIN Code zu beantragen kann zwischen einem Tag und mehreren Tagen, manchmal auch l\u00e4nger dauern. Das kommt tats\u00e4chlich auf die Spezifikationen der Firma an. Die Geb\u00fchren unterscheiden sich von Fall zu Fall und werden nur einmal festgelegt, nachdem ein Antrag eingereicht wurde.<\/p>\n<p><a href=\"https:\/\/www.isin.org\/de\/anfrage-isin\/\">Hier klicken, um eine neue ISIN zu beantragen<\/a><\/p>\n<h2>Vorgehensweise<\/h2>\n<p>Klicken Sie auf eine der Formular Optionen in der \u201eISIN beantragen\" Sektion. F\u00fcllen Sie das Formular aus und schicken Sie es ab. Sobald wir Ihre Daten erhalten haben, setzen wir uns mit Ihnen in Verbindung und informieren Sie \u00fcber die n\u00e4chsten Schritte. W\u00e4hrend unserer Gesch\u00e4ftszeiten antworten wir normalerweise innerhalb einer Stunde.<\/p>\n<p><a href=\"https:\/\/www.isin.org\/de\/anfrage-isin\/\">Hier klicken, um eine neue ISIN zu beantragen<\/a><\/p>\n\n","protected":false},"excerpt":{"rendered":"<p>Der ISIN Prozess Eine ISIN erhalten Wenn Ihre Firma oder Ihr Fond eine ISIN ben\u00f6tigt, kann ISIN.org Sie dabei unterst\u00fctzen. Der Erhalt eines ISIN Codes f\u00fcr Fremdkapital- oder Eigenkapitalangebote, Hedgefonds, Dachfonds, Betagleichungen, Spezialit\u00e4tenfonds, \u00f6ffentliche Firmen, private Firmen und vieles mehr, kann hier auf dieser Seite komplett durchgef\u00fchrt werden. Hier klicken, um eine ISIN zu beantragen&hellip;<\/p>\n","protected":false},"author":3,"featured_media":0,"parent":0,"menu_order":0,"comment_status":"closed","ping_status":"closed","template":"","meta":{"om_disable_all_campaigns":false,"_monsterinsights_skip_tracking":false,"_monsterinsights_sitenote_active":false,"_monsterinsights_sitenote_note":"","_monsterinsights_sitenote_category":0,"_uf_show_specific_survey":0,"_uf_disable_surveys":false,"footnotes":""},"class_list":["post-1787","page","type-page","status-publish","hentry"],"aioseo_notices":[],"_links":{"self":[{"href":"https:\/\/www.isin.org\/de\/wp-json\/wp\/v2\/pages\/1787","targetHints":{"allow":["GET"]}}],"collection":[{"href":"https:\/\/www.isin.org\/de\/wp-json\/wp\/v2\/pages"}],"about":[{"href":"https:\/\/www.isin.org\/de\/wp-json\/wp\/v2\/types\/page"}],"author":[{"embeddable":true,"href":"https:\/\/www.isin.org\/de\/wp-json\/wp\/v2\/users\/3"}],"replies":[{"embeddable":true,"href":"https:\/\/www.isin.org\/de\/wp-json\/wp\/v2\/comments?post=1787"}],"version-history":[{"count":0,"href":"https:\/\/www.isin.org\/de\/wp-json\/wp\/v2\/pages\/1787\/revisions"}],"wp:attachment":[{"href":"https:\/\/www.isin.org\/de\/wp-json\/wp\/v2\/media?parent=1787"}],"curies":[{"name":"wp","href":"https:\/\/api.w.org\/{rel}","templated":true}]}}