{"id":2926,"date":"2015-01-26T21:15:12","date_gmt":"2015-01-26T21:15:12","guid":{"rendered":"https:\/\/isinisin123.wpengine.com\/?page_id=2926"},"modified":"2015-02-02T15:26:14","modified_gmt":"2015-02-02T15:26:14","slug":"vores-ydelser","status":"publish","type":"page","link":"https:\/\/www.isin.org\/da\/vores-ydelser\/","title":{"rendered":"Vores ydelser"},"content":{"rendered":"<h1>Det tilbyder vi<\/h1>\n<p>ISIN Organization eller ISIN.org, tilbyder mange forskellige tjenester og ressourcer for dem, der er interesserede i det internationale fonds-kode marked.<\/p>\n<h2>Ans\u00f8g om, og f\u00e5 en ISIN-Kode<\/h2>\n<p>Du kan ans\u00f8ge direkte p\u00e5 ISIN.org hvis dit selskab har behov for at f\u00e5 et ISIN nummer eller kode. Vi tilbyder denne tjeneste til b\u00e5de private og b\u00f8rsnoterede selskaber, og ligeledes til private selskaber som har ans\u00f8gt om notering. ISIN-numre gives til en lang r\u00e6kke v\u00e6rdipapirer uanset om det er g\u00e6lds eller equity, aktier, obligationer m.v, og til stort set alle omr\u00e5der i verden. Firmaer, fonde, banker og et v\u00e6ld af andre institutioner bruger ISIN-koder til at identificere v\u00e6rdipapirer. Brug det rette ISIN ans\u00f8gningsskema, eller send os en e-mail og vi sender dig det rette skema til dit ISIN-nummer. <a href=\"https:\/\/www.isin.org\/da\/ansog-om-en-isin\/\"><span style=\"text-decoration: underline;\"><strong>KLIK HER FOR AT ANS\u00d8GE OM EN ISIN-KODE <\/span><\/strong><\/a><\/p>\n<h2>Ressourcer<\/h2>\n<p>ISIN.org tilbyder et v\u00e6ld af gratis ressourcer for dem, der s\u00f8ger mere information om adgang til ISIN-koder. Historiske ISIN-koder for obligationer og aktier er ogs\u00e5 til r\u00e5dighed p\u00e5 vores hjemmeside, inklusive korte, medium og langsigtede obligationer, Eurobonds, Asiatiske v\u00e6rdipapirer og meget mere. Send os en e-mail hvis du har brug for hj\u00e6lp til at finde information p\u00e5 vores side, og vi vil g\u00f8re vores bedste for at hj\u00e6lpe dig.<\/p>\n<h2>Database Og Opretning Af Din ISIN-Kode \u2013 Medlemsskab <\/h2>\n<p>F\u00e5 global eksponering af dine v\u00e6rdipapirer. Opret en konto hos ISIN.org og list dine ISIN eller firma oplysninger. <\/p>\n<p>ISIN.org er dedikeret til at udbrede og g\u00f8re bruge af ISIN-koder popul\u00e6r verden over. ISIN-numre hj\u00e6lper med at identificere v\u00e6rdipapirer, og er den globalt foretrukne metode for de fleste b\u00f8rser og virksomheder verden over. Et ISIN nummer er ikke en mulighed; det er en standard. <a href=\"https:\/\/www.isin.org\/da\/medlemsfunktionen\/\">BLIV MEDLEM HER<\/a><\/p>\n<p><a href=\"https:\/\/www.isin.org\/da\/kontakt-os\/\" class=\"red-button\">Kontakt ISIN.org<\/a><\/p>\n","protected":false},"excerpt":{"rendered":"<p>Det tilbyder vi ISIN Organization eller ISIN.org, tilbyder mange forskellige tjenester og ressourcer for dem, der er interesserede i det internationale fonds-kode marked. Ans\u00f8g om, og f\u00e5 en ISIN-Kode Du kan ans\u00f8ge direkte p\u00e5 ISIN.org hvis dit selskab har behov for at f\u00e5 et ISIN nummer eller kode. Vi tilbyder denne tjeneste til b\u00e5de private&hellip;<\/p>\n","protected":false},"author":3,"featured_media":0,"parent":0,"menu_order":0,"comment_status":"closed","ping_status":"closed","template":"","meta":{"om_disable_all_campaigns":false,"_monsterinsights_skip_tracking":false,"_monsterinsights_sitenote_active":false,"_monsterinsights_sitenote_note":"","_monsterinsights_sitenote_category":0,"_uf_show_specific_survey":0,"_uf_disable_surveys":false,"footnotes":""},"class_list":["post-2926","page","type-page","status-publish","hentry"],"aioseo_notices":[],"_links":{"self":[{"href":"https:\/\/www.isin.org\/da\/wp-json\/wp\/v2\/pages\/2926","targetHints":{"allow":["GET"]}}],"collection":[{"href":"https:\/\/www.isin.org\/da\/wp-json\/wp\/v2\/pages"}],"about":[{"href":"https:\/\/www.isin.org\/da\/wp-json\/wp\/v2\/types\/page"}],"author":[{"embeddable":true,"href":"https:\/\/www.isin.org\/da\/wp-json\/wp\/v2\/users\/3"}],"replies":[{"embeddable":true,"href":"https:\/\/www.isin.org\/da\/wp-json\/wp\/v2\/comments?post=2926"}],"version-history":[{"count":0,"href":"https:\/\/www.isin.org\/da\/wp-json\/wp\/v2\/pages\/2926\/revisions"}],"wp:attachment":[{"href":"https:\/\/www.isin.org\/da\/wp-json\/wp\/v2\/media?parent=2926"}],"curies":[{"name":"wp","href":"https:\/\/api.w.org\/{rel}","templated":true}]}}