{"id":2858,"date":"2015-01-26T18:46:36","date_gmt":"2015-01-26T18:46:36","guid":{"rendered":"https:\/\/isinisin123.wpengine.com\/?page_id=2858"},"modified":"2025-03-18T14:45:08","modified_gmt":"2025-03-18T21:45:08","slug":"medlemsfunktionen","status":"publish","type":"page","link":"https:\/\/www.isin.org\/da\/medlemsfunktionen\/","title":{"rendered":"Medlemsfunktionen"},"content":{"rendered":"\n\n<h2>Medlemsfunktioner:<\/h2>\n<ul>\n<li>Ubegr\u00e6nset adgang til ISIN.org database<\/li>\n<li>Tilf\u00f8j dine ISIN-koder til den offentlige database<\/li>\n<li>Log ind p\u00e5 din konto n\u00e5r som helst for at opdatere din p\u00e5lydende v\u00e6rdi, nettoaktiv og andre oplysninger efter behov.<\/li>\n<li>Din ISIN-kode(r) vil forblive p\u00e5 den offentlige database i al evighed<\/li>\n<li>Kontakt os for sp\u00f8rgsm\u00e5l i forbindelse med ISIN<\/li>\n<li>Tilf\u00f8j \u00e9n eller lige s\u00e5 mange ISIN-koder som du har brug for<\/li>\n<li>Forbedret synlighed for dine finansielle produkter<\/li>\n<li>F\u00e5 hj\u00e6lp til at oprette en ISIN-kode hos ISIN.org<\/li>\n<\/ul>\n<h1>Membership<\/h1>\n<p><strong>ISIN Database:<\/strong>  ISIN organisationen (ISIN.org) har den st\u00f8rste uafh\u00e6ngige ISIN database i verden.<\/p>\n<p><strong>ISIN.ORG<\/strong> er en h\u00f8jtrangeret web adresse for ISIN s\u00f8gninger p\u00e5 verdensplan. De fleste s\u00f8gninger efter ISIN-koder p\u00e5 webbet lander p\u00e5 www.isin.org.<\/p>\n<p><strong>To ISIN Databaser:<\/strong> ISIN.org har hele to databaser: en privat database for medlemmer som indeholder millioner af ISIN-koder, og en gratis offentlig database med begr\u00e6nsede s\u00f8ge muligheder. Ved medlemsskab af ISIN.org f\u00e5r du adgang til millioner af ISIN-koder, og du f\u00e5r mulighed for at repr\u00e6sentere dit firma og dine v\u00e6rdipapirer til kunder  p\u00e5 den offentlige database.<\/p>\n\n","protected":false},"excerpt":{"rendered":"<p>Medlemsfunktioner: Ubegr\u00e6nset adgang til ISIN.org database Tilf\u00f8j dine ISIN-koder til den offentlige database Log ind p\u00e5 din konto n\u00e5r som helst for at opdatere din p\u00e5lydende v\u00e6rdi, nettoaktiv og andre oplysninger efter behov. Din ISIN-kode(r) vil forblive p\u00e5 den offentlige database i al evighed Kontakt os for sp\u00f8rgsm\u00e5l i forbindelse med ISIN Tilf\u00f8j \u00e9n eller&hellip;<\/p>\n","protected":false},"author":3,"featured_media":0,"parent":0,"menu_order":0,"comment_status":"closed","ping_status":"closed","template":"","meta":{"om_disable_all_campaigns":false,"_monsterinsights_skip_tracking":false,"_monsterinsights_sitenote_active":false,"_monsterinsights_sitenote_note":"","_monsterinsights_sitenote_category":0,"_uf_show_specific_survey":0,"_uf_disable_surveys":false,"footnotes":""},"class_list":["post-2858","page","type-page","status-publish","hentry"],"aioseo_notices":[],"_links":{"self":[{"href":"https:\/\/www.isin.org\/da\/wp-json\/wp\/v2\/pages\/2858","targetHints":{"allow":["GET"]}}],"collection":[{"href":"https:\/\/www.isin.org\/da\/wp-json\/wp\/v2\/pages"}],"about":[{"href":"https:\/\/www.isin.org\/da\/wp-json\/wp\/v2\/types\/page"}],"author":[{"embeddable":true,"href":"https:\/\/www.isin.org\/da\/wp-json\/wp\/v2\/users\/3"}],"replies":[{"embeddable":true,"href":"https:\/\/www.isin.org\/da\/wp-json\/wp\/v2\/comments?post=2858"}],"version-history":[{"count":0,"href":"https:\/\/www.isin.org\/da\/wp-json\/wp\/v2\/pages\/2858\/revisions"}],"wp:attachment":[{"href":"https:\/\/www.isin.org\/da\/wp-json\/wp\/v2\/media?parent=2858"}],"curies":[{"name":"wp","href":"https:\/\/api.w.org\/{rel}","templated":true}]}}