{"id":2844,"date":"2015-01-26T16:14:10","date_gmt":"2015-01-26T16:14:10","guid":{"rendered":"https:\/\/isinisin123.wpengine.com\/?page_id=2844"},"modified":"2025-03-18T14:34:17","modified_gmt":"2025-03-18T21:34:17","slug":"isin","status":"publish","type":"page","link":"https:\/\/www.isin.org\/da\/isin\/","title":{"rendered":"ISIN"},"content":{"rendered":"\n\n\t<h1>ISIN<\/h1>\n<h2>Om International Securities Identification Number (ISIN)<\/h2>\n<p>ISIN standarden bruges verden over til at identificere specifikke v\u00e6rdipapirer s\u00e5som obligationer, aktier (f\u00e6lles og foretrukne), futures, garantibeviser, kredit papirer, kommercielle papirer (virksomhedscertifikater) og options. ISIN-koder tildeles v\u00e6rdipapirer for at sikre entydige clearing- og afviklingsprocedurer. Koden best\u00e5r af et 12-cifret alfanumerisk bel\u00f8b og forener forskellige ticker symboler der typisk varierer alt efter hvilken fondsb\u00f8r og valuta hvorunder v\u00e6rdipapiret handles. I USA er ISIN-koder udvidede versioner af de 9 tegn, der bruges til et CUSIP (Committee on Uniform Security Identification Procedures) nummer. ISIN kan dannes ved at tils\u00e6tte en landekode og et kontrolciffer henholdsvis foran og bagp\u00e5 et CUSIP nummer.<\/p>\n<p><a href=\"https:\/\/www.isin.org\/da\/ansog-om-en-isin\/\">Klik her for at s\u00f8ge om et ISIN<\/a><\/p>\n<h2>STRUKTUR<\/h2>\n<p>Der er tre dele til en ISIN som eksemplificeret af US-049580485-1 (stregerne t\u00e6ller ikke, de er blot tilsat for at lette oversigten). Koden kan opdeles s\u00e5ledes:<\/p>\n<ul>\n<li>En landekode p\u00e5 to bogstaver, som tages fra en liste (ISO 6166) udarbejdet af the International Organization for Standardization (ISO). Denne kode tildeles i henhold til placeringen af et selskabs hoveds\u00e6de. En s\u00e6rlig kode 'XS'\uf09d. bruges til internationale v\u00e6rdipapirer der cleares gennem pan-Europ\u00e6iske clearing systemer som Euroclear og CEDEL. De to cifre for landekoden for et aktiecertifikat er unikke, idet landekoden i dette tilf\u00e6lde bestemmes af det land hvori certifikatet udstedes, uafh\u00e6ngigt af hvilket land det fremsendes til. <\/li>\n<li>En ni-cifret numerisk identifikation, kaldet National Securities identifikationsnummer (NSIN), og som er tildelt af det enkelte lands eller regions nationale nummerplan Agency (NNA). Hvis et nationalt nummer er sammensat af mindre end ni cifre, er det polstret med nuller til at blive en NSIN. Den numeriske identifikation har ingen iboende betydning \u20ac \"det er hovedsageligt et serienummer.<\/li>\n<li>Et enkelt check-ciffer. Tallet er beregnet p\u00e5 grundlag af de foreg\u00e5ende 11 tegn \/ cifre og bruger en sum modulo 10 algoritme og hj\u00e6lper med at sikre mod forfalskede tal.<\/li>\n<\/ul>\n<h2>Brug<\/h2>\nISIN-koder blev tidligere anset som en sekund\u00e6r type v\u00e6rdipapir identifikation, der var i brug prim\u00e6rt for clearing og afvikling. I de seneste \u00e5r har flere europ\u00e6iske lande adopteret ISIN som deres prim\u00e6re identifikation for v\u00e6rdipapirer. ISIN bruges implicit i USA og Canada fordi de bygger p\u00e5 CUSIP numre. Som tiden g\u00e5r synes de fleste lande at v\u00e6re villige til at adoptere ISIN numre enten som prim\u00e6re eller sekund\u00e6re identifikation med henblik p\u00e5 at administrere ISIN.<br \/>\nadopteret CUSIP ejes af den Amerikanske Bankers Association og drives af Standard & Poor's. CUSIP bruges ligeledes i Storbritannien p\u00e5 London Stock Exchange og den s\u00e5kaldte Stock Exchange Daily Official List (SEDOL), samt det schweiziske NNA Telekurwork.\n<p> En universal accept af ISIN er vigtigt for at opn\u00e5 m\u00e5ls\u00e6tningen om en s\u00e5kaldt global straight-through processing (GSTP), hvilket er den elektroniske h\u00e5ndtering af en handels clearing og settlement uden manuel indgriben. ISIN bruges af aktie kontof\u00f8rende med henblik p\u00e5 at kunne spore v\u00e6rdipapirerne. <\/p>\n<p><a href=\"https:\/\/www.isin.org\/da\/ansog-om-en-isin\/\">Klik her for at ans\u00f8ge om en ISIN-kode<\/a><\/p>\n\n","protected":false},"excerpt":{"rendered":"<p>ISIN Om International Securities Identification Number (ISIN) ISIN standarden bruges verden over til at identificere specifikke v\u00e6rdipapirer s\u00e5som obligationer, aktier (f\u00e6lles og foretrukne), futures, garantibeviser, kredit papirer, kommercielle papirer (virksomhedscertifikater) og options. ISIN-koder tildeles v\u00e6rdipapirer for at sikre entydige clearing- og afviklingsprocedurer. Koden best\u00e5r af et 12-cifret alfanumerisk bel\u00f8b og forener forskellige ticker symboler der&hellip;<\/p>\n","protected":false},"author":3,"featured_media":0,"parent":0,"menu_order":0,"comment_status":"closed","ping_status":"closed","template":"","meta":{"om_disable_all_campaigns":false,"_monsterinsights_skip_tracking":false,"_monsterinsights_sitenote_active":false,"_monsterinsights_sitenote_note":"","_monsterinsights_sitenote_category":0,"_uf_show_specific_survey":0,"_uf_disable_surveys":false,"footnotes":""},"class_list":["post-2844","page","type-page","status-publish","hentry"],"aioseo_notices":[],"_links":{"self":[{"href":"https:\/\/www.isin.org\/da\/wp-json\/wp\/v2\/pages\/2844","targetHints":{"allow":["GET"]}}],"collection":[{"href":"https:\/\/www.isin.org\/da\/wp-json\/wp\/v2\/pages"}],"about":[{"href":"https:\/\/www.isin.org\/da\/wp-json\/wp\/v2\/types\/page"}],"author":[{"embeddable":true,"href":"https:\/\/www.isin.org\/da\/wp-json\/wp\/v2\/users\/3"}],"replies":[{"embeddable":true,"href":"https:\/\/www.isin.org\/da\/wp-json\/wp\/v2\/comments?post=2844"}],"version-history":[{"count":0,"href":"https:\/\/www.isin.org\/da\/wp-json\/wp\/v2\/pages\/2844\/revisions"}],"wp:attachment":[{"href":"https:\/\/www.isin.org\/da\/wp-json\/wp\/v2\/media?parent=2844"}],"curies":[{"name":"wp","href":"https:\/\/api.w.org\/{rel}","templated":true}]}}