{"id":2841,"date":"2015-01-26T15:53:22","date_gmt":"2015-01-26T15:53:22","guid":{"rendered":"https:\/\/isinisin123.wpengine.com\/?page_id=2841"},"modified":"2025-06-16T15:21:52","modified_gmt":"2025-06-16T22:21:52","slug":"home-11","status":"publish","type":"page","link":"https:\/\/www.isin.org\/da\/","title":{"rendered":"Home"},"content":{"rendered":"\n\n<p>Firmaet ISIN tilbyder forvaltningsydelser i forbindelse med International Securities Identification Numbers (ISIN). En ISIN-kode identificerer et v\u00e6rdipapir. Kodens struktur er defineret if\u00f8lge ISO 6166. V\u00e6rdipapirer med en ISIN-kode omfatter obligationer, kommercielle papirer (virksomhedscertifikater), aktier og garantibeviser. ISIN-koden er en 12-tegn alfanumerisk kode. T\u00e6nk p\u00e5 den som et serienummer, der ikke indeholder oplysninger vedr\u00f8rende de p\u00e5g\u00e6ldende finansielle instrumenter, men snarere tjener til en ensartet identificering af v\u00e6rdipapirer med henblik p\u00e5 handel og sikkerhed.<\/p>\n\t<p>&nbsp;<\/p>\n<table id=\"data_report_dt_intfc52de8df85dbee\" border=\"0\" width=\"100%\" cellspacing=\"0\" cellpadding=\"4\">\n<thead>\n<tr>\n<th scope=\"col\" nowrap=\"nowrap\">title<\/th>\n<th scope=\"col\" nowrap=\"nowrap\">isin<\/th>\n<th scope=\"col\" nowrap=\"nowrap\">description<\/th>\n<th scope=\"col\" nowrap=\"nowrap\">country<\/th>\n<th scope=\"col\" nowrap=\"nowrap\">type<\/th>\n<\/tr>\n<\/thead>\n<tbody>\n<tr id=\"row_dt_intfc52de8df85dbee_1\">\n<td id=\"535edfd878b32\" scope=\"col\"><a href=\"https:\/\/www.isin.org\/isin-preview\/?isin=US5949181045\">Microsoft Corp.<\/a><\/td>\n<td id=\"535edfd87dd72\" scope=\"col\"><a href=\"https:\/\/www.isin.org\/isin-preview\/?isin=US5949181045\">US5949181045<\/a><\/td>\n<td id=\"535edfd87e14e\" scope=\"col\"><a href=\"https:\/\/www.isin.org\/isin-preview\/?isin=US5949181045\">Equity, ISIN US5949181045, WKN 870747, MSF<\/a><\/td>\n<td id=\"535edfd87e4d7\" scope=\"col\"><a href=\"https:\/\/www.isin.org\/isin-preview\/?isin=US5949181045\">US<\/a><\/td>\n<td id=\"535edfd87e8bc\" scope=\"col\"><a href=\"https:\/\/www.isin.org\/isin-preview\/?isin=US5949181045\">Equity<\/a><\/td>\n<\/tr>\n<tr id=\"row_dt_intfc52de8df85dbee_2\">\n<td id=\"535edfd87eca6\" scope=\"col\"><a href=\"https:\/\/www.isin.org\/isin-preview\/?isin=US38259P5089\">Google Inc.<\/a><\/td>\n<td id=\"535edfd87f08d\" scope=\"col\"><a href=\"https:\/\/www.isin.org\/isin-preview\/?isin=US38259P5089\">US38259P5089<\/a><\/td>\n<td id=\"535edfd87f47b\" scope=\"col\"><a href=\"https:\/\/www.isin.org\/isin-preview\/?isin=US38259P5089\">Equity, ISIN US38259P5089, WKN A0B7FY, GGQ1<\/a><\/td>\n<td id=\"535edfd87f85a\" scope=\"col\"><a href=\"https:\/\/www.isin.org\/isin-preview\/?isin=US38259P5089\">US<\/a><\/td>\n<td id=\"535edfd87fc3e\" scope=\"col\"><a href=\"https:\/\/www.isin.org\/isin-preview\/?isin=US38259P5089\">Equity<\/a><\/td>\n<\/tr>\n<tr id=\"row_dt_intfc52de8df85dbee_3\">\n<td id=\"535edfd880024\" scope=\"col\"><a href=\"https:\/\/www.isin.org\/isin-preview\/?isin=US0378331005\">Apple Inc.<\/a><\/td>\n<td id=\"535edfd88040d\" scope=\"col\"><a href=\"https:\/\/www.isin.org\/isin-preview\/?isin=US0378331005\">US0378331005<\/a><\/td>\n<td id=\"535edfd8807f4\" scope=\"col\"><a href=\"https:\/\/www.isin.org\/isin-preview\/?isin=US0378331005\">Equity, ISIN US0378331005, WKN 865985, APC<\/a><\/td>\n<td id=\"535edfd880bdb\" scope=\"col\"><a href=\"https:\/\/www.isin.org\/isin-preview\/?isin=US0378331005\">US<\/a><\/td>\n<td id=\"535edfd880fc3\" scope=\"col\"><a href=\"https:\/\/www.isin.org\/isin-preview\/?isin=US0378331005\">Equity<\/a><\/td>\n<\/tr>\n<tr id=\"row_dt_intfc52de8df85dbee_4\">\n<td id=\"535edfd8813ac\" scope=\"col\"><a href=\"https:\/\/www.isin.org\/isin-preview\/?isin=NL0000729408\">Bear Zertifikat auf DAX<\/a><\/td>\n<td id=\"535edfd881794\" scope=\"col\"><a href=\"https:\/\/www.isin.org\/isin-preview\/?isin=NL0000729408\">NL0000729408<\/a><\/td>\n<td id=\"535edfd881b7a\" scope=\"col\"><a href=\"https:\/\/www.isin.org\/isin-preview\/?isin=NL0000729408\">Investment Product, ISIN NL0000729408<\/a><\/td>\n<td id=\"535edfd881f63\" scope=\"col\"><a href=\"https:\/\/www.isin.org\/isin-preview\/?isin=NL0000729408\">Netherlands<\/a><\/td>\n<td id=\"535edfd88234a\" scope=\"col\"><a href=\"https:\/\/www.isin.org\/isin-preview\/?isin=NL0000729408\">Equity<\/a><\/td>\n<\/tr>\n<tr id=\"row_dt_intfc52de8df85dbee_5\">\n<td id=\"535edfd882732\" scope=\"col\"><a href=\"https:\/\/www.isin.org\/isin-preview\/?isin=JP3946600008\">Yusen Logistics Co.<\/a><\/td>\n<td id=\"535edfd882b1c\" scope=\"col\"><a href=\"https:\/\/www.isin.org\/isin-preview\/?isin=JP3946600008\">JP3946600008<\/a><\/td>\n<td id=\"535edfd882f01\" scope=\"col\"><a href=\"https:\/\/www.isin.org\/isin-preview\/?isin=JP3946600008\">Equity, ISIN JP3946600008, WKN 919744, YV5<\/a><\/td>\n<td id=\"535edfd8832e9\" scope=\"col\"><a href=\"https:\/\/www.isin.org\/isin-preview\/?isin=JP3946600008\">Japan<\/a><\/td>\n<td id=\"535edfd8836e1\" scope=\"col\"><a href=\"https:\/\/www.isin.org\/isin-preview\/?isin=JP3946600008\">Equity<\/a><\/td>\n<\/tr>\n<tr id=\"row_dt_intfc52de8df85dbee_6\">\n<td id=\"535edfd883ab9\" scope=\"col\"><a href=\"https:\/\/www.isin.org\/isin-preview\/?isin=DE000DZ21632\">Aktienanleihe auf BASF <\/a><\/td>\n<td id=\"535edfd883ea1\" scope=\"col\"><a href=\"https:\/\/www.isin.org\/isin-preview\/?isin=DE000DZ21632\">DE000DZ21632<\/a><\/td>\n<td id=\"535edfd884293\" scope=\"col\"><a href=\"https:\/\/www.isin.org\/isin-preview\/?isin=DE000DZ21632\">Investment Product, ISIN DE000DZ21632, WKN<\/a><\/td>\n<td id=\"535edfd884672\" scope=\"col\"><a href=\"https:\/\/www.isin.org\/isin-preview\/?isin=DE000DZ21632\">Germany<\/a><\/td>\n<td id=\"535edfd884a5e\" scope=\"col\"><a href=\"https:\/\/www.isin.org\/isin-preview\/?isin=DE000DZ21632\">Equity<\/a><\/td>\n<\/tr>\n<tr id=\"row_dt_intfc52de8df85dbee_7\">\n<td id=\"535edfd884e43\" scope=\"col\"><a href=\"https:\/\/www.isin.org\/isin-preview\/?isin=DE000DB7HWY7\">Aktienanleihe Plus auf Al<\/a><\/td>\n<td id=\"535edfd88523f\" scope=\"col\"><a href=\"https:\/\/www.isin.org\/isin-preview\/?isin=DE000DB7HWY7\">DE000DB7HWY7<\/a><\/td>\n<td id=\"535edfd885613\" scope=\"col\"><a href=\"https:\/\/www.isin.org\/isin-preview\/?isin=DE000DB7HWY7\">Investment Product, ISIN DE000DB7HWY7, WKN<\/a><\/td>\n<td id=\"535edfd8859f9\" scope=\"col\"><a href=\"https:\/\/www.isin.org\/isin-preview\/?isin=DE000DB7HWY7\">Germany<\/a><\/td>\n<td id=\"535edfd885de1\" scope=\"col\"><a href=\"https:\/\/www.isin.org\/isin-preview\/?isin=DE000DB7HWY7\">Equity<\/a><\/td>\n<\/tr>\n<tr id=\"row_dt_intfc52de8df85dbee_8\">\n<td id=\"535edfd8861d3\" scope=\"col\"><a href=\"https:\/\/www.isin.org\/isin-preview\/?isin=DE000CM7VX13\">Aktienanleihe Plus auf<\/a><\/td>\n<td id=\"535edfd8865b1\" scope=\"col\"><a href=\"https:\/\/www.isin.org\/isin-preview\/?isin=DE000CM7VX13\">DE000CM7VX13<\/a><\/td>\n<td id=\"535edfd886998\" scope=\"col\"><a href=\"https:\/\/www.isin.org\/isin-preview\/?isin=DE000CM7VX13\">Investment Product, ISIN DE000CM7VX13, WKN<\/a><\/td>\n<td id=\"535edfd886d82\" scope=\"col\"><a href=\"https:\/\/www.isin.org\/isin-preview\/?isin=DE000CM7VX13\">Germany<\/a><\/td>\n<td id=\"535edfd887169\" scope=\"col\"><a href=\"https:\/\/www.isin.org\/isin-preview\/?isin=DE000CM7VX13\">Invest<\/a><\/td>\n<\/tr>\n<tr id=\"row_dt_intfc52de8df85dbee_9\">\n<td id=\"535edfd887552\" scope=\"col\"><a href=\"https:\/\/www.isin.org\/isin-preview\/?isin=CH0031240127\">BMW Australia<\/a><\/td>\n<td id=\"535edfd887939\" scope=\"col\"><a href=\"https:\/\/www.isin.org\/isin-preview\/?isin=CH0031240127\">CH0031240127<\/a><\/td>\n<td id=\"535edfd887d22\" scope=\"col\"><a href=\"https:\/\/www.isin.org\/isin-preview\/?isin=CH0031240127\">Bond, ISIN CH0031240127, WKN A0NWXQ<\/a><\/td>\n<td id=\"535edfd888109\" scope=\"col\"><a href=\"https:\/\/www.isin.org\/isin-preview\/?isin=CH0031240127\">Switzerland<\/a><\/td>\n<td id=\"535edfd8884f1\" scope=\"col\"><a href=\"https:\/\/www.isin.org\/isin-preview\/?isin=CH0031240127\">Bond<\/a><\/td>\n<\/tr>\n<tr id=\"row_dt_intfc52de8df85dbee_10\">\n<td id=\"535edfd8888d9\" scope=\"col\"><a href=\"https:\/\/www.isin.org\/isin-preview\/?isin=CA9861913023\">Yorbeau Res Inc.<\/a><\/td>\n<td id=\"535edfd888cc0\" scope=\"col\"><a href=\"https:\/\/www.isin.org\/isin-preview\/?isin=CA9861913023\">CA9861913023<\/a><\/td>\n<td id=\"535edfd8890a9\" scope=\"col\"><a href=\"https:\/\/www.isin.org\/isin-preview\/?isin=CA9861913023\">Equity, ISIN CA9861913023, WKN 872300, UAN<\/a><\/td>\n<td id=\"535edfd889490\" scope=\"col\"><a href=\"https:\/\/www.isin.org\/isin-preview\/?isin=CA9861913023\">Canada<\/a><\/td>\n<td id=\"535edfd889879\" scope=\"col\"><a href=\"https:\/\/www.isin.org\/isin-preview\/?isin=CA9861913023\">Equity<\/a><\/td>\n<\/tr>\n<\/tbody>\n<\/table>\n\n<p><a href=\"https:\/\/www.isin.org\/isin-database\/\">Visit the ISIN Database<\/a><\/p>\n\n","protected":false},"excerpt":{"rendered":"<p>Firmaet ISIN tilbyder forvaltningsydelser i forbindelse med International Securities Identification Numbers (ISIN). En ISIN-kode identificerer et v\u00e6rdipapir. Kodens struktur er defineret if\u00f8lge ISO 6166. V\u00e6rdipapirer med en ISIN-kode omfatter obligationer, kommercielle papirer (virksomhedscertifikater), aktier og garantibeviser. ISIN-koden er en 12-tegn alfanumerisk kode. T\u00e6nk p\u00e5 den som et serienummer, der ikke indeholder oplysninger vedr\u00f8rende de p\u00e5g\u00e6ldende&hellip;<\/p>\n","protected":false},"author":3,"featured_media":0,"parent":0,"menu_order":0,"comment_status":"closed","ping_status":"closed","template":"","meta":{"om_disable_all_campaigns":false,"_monsterinsights_skip_tracking":false,"_monsterinsights_sitenote_active":false,"_monsterinsights_sitenote_note":"","_monsterinsights_sitenote_category":0,"_uf_show_specific_survey":0,"_uf_disable_surveys":false,"footnotes":""},"class_list":["post-2841","page","type-page","status-publish","hentry"],"aioseo_notices":[],"_links":{"self":[{"href":"https:\/\/www.isin.org\/da\/wp-json\/wp\/v2\/pages\/2841","targetHints":{"allow":["GET"]}}],"collection":[{"href":"https:\/\/www.isin.org\/da\/wp-json\/wp\/v2\/pages"}],"about":[{"href":"https:\/\/www.isin.org\/da\/wp-json\/wp\/v2\/types\/page"}],"author":[{"embeddable":true,"href":"https:\/\/www.isin.org\/da\/wp-json\/wp\/v2\/users\/3"}],"replies":[{"embeddable":true,"href":"https:\/\/www.isin.org\/da\/wp-json\/wp\/v2\/comments?post=2841"}],"version-history":[{"count":0,"href":"https:\/\/www.isin.org\/da\/wp-json\/wp\/v2\/pages\/2841\/revisions"}],"wp:attachment":[{"href":"https:\/\/www.isin.org\/da\/wp-json\/wp\/v2\/media?parent=2841"}],"curies":[{"name":"wp","href":"https:\/\/api.w.org\/{rel}","templated":true}]}}